{"id":14120,"date":"2025-02-24T22:45:54","date_gmt":"2025-02-24T21:45:54","guid":{"rendered":"https:\/\/staviori.com.pl\/product\/srebrne-kolczyki-kdm4112\/"},"modified":"2026-02-11T00:08:40","modified_gmt":"2026-02-10T23:08:40","slug":"srebrne-kolczyki-kdm4112","status":"publish","type":"product","link":"https:\/\/staviori.com.pl\/en\/product\/srebrne-kolczyki-kdm4112\/","title":{"rendered":"Silver marcasite flower earrings - KDM4112"},"content":{"rendered":"<p>Model: KDM4112<br \/>\nWeight approx. 2.10g<\/p>\n<p>Earrings.<br \/>\n0.925 silver.<br \/>\nMarcasites.<\/p>\n<p>\u015arednica 9.3 mm.<\/p>","protected":false},"excerpt":{"rendered":"<p>Urocze kolczyki w kszta\u0142cie kwiat\u00f3w wykonane ze srebra 0,925 to ponadczasowy dodatek o klasycznym uroku. Ka\u017cdy p\u0142atek ozdobiony zosta\u0142 po\u0142yskuj\u0105cymi markazytami, kt\u00f3re dodaj\u0105 bi\u017cuterii subtelnego blasku i elegancji. Ich delikatna forma sprawia, \u017ce s\u0105 idealnym wyborem zar\u00f3wno na co dzie\u0144, jak i na wyj\u0105tkowe okazje. Styl vintage w nowoczesnym wydaniu.<\/p>","protected":false},"featured_media":2017,"comment_status":"closed","ping_status":"closed","template":"","meta":{"om_disable_all_campaigns":false},"product_brand":[2284],"product_cat":[199,1818,1817],"product_tag":[2660,3226,2603,1396,3223,3225,2943,2427],"class_list":{"0":"post-14120","1":"product","2":"type-product","3":"status-publish","4":"has-post-thumbnail","6":"product_brand-staviori","7":"product_cat-kolczyki","8":"product_cat-srebrne-kolczyki","9":"product_cat-srebro-2","10":"product_tag-eleganckie-kolczyki","11":"product_tag-kdm4112","12":"product_tag-klasyczna-bizuteria","13":"product_tag-kolczyki-srebrne","14":"product_tag-kolczyki-vintage","15":"product_tag-kolczyki-w-ksztalcie-kwiatow","16":"product_tag-kolczyki-z-markazytami","17":"product_tag-srebro-925","18":"pa_dostawca-markazyty-hong","19":"pa_kamien-markazyty","20":"pa_kruszec-srebro","21":"pa_motyw-kwiatek","22":"pa_proba-0-925","23":"pa_srednica-9-3mm","24":"pa_waga-210g","25":"pa_zapiecie-sztyft","27":"first","28":"instock","29":"purchasable","30":"product-type-simple"},"aioseo_notices":[],"_links":{"self":[{"href":"https:\/\/staviori.com.pl\/en\/wp-json\/wp\/v2\/product\/14120","targetHints":{"allow":["GET"]}}],"collection":[{"href":"https:\/\/staviori.com.pl\/en\/wp-json\/wp\/v2\/product"}],"about":[{"href":"https:\/\/staviori.com.pl\/en\/wp-json\/wp\/v2\/types\/product"}],"replies":[{"embeddable":true,"href":"https:\/\/staviori.com.pl\/en\/wp-json\/wp\/v2\/comments?post=14120"}],"wp:featuredmedia":[{"embeddable":true,"href":"https:\/\/staviori.com.pl\/en\/wp-json\/wp\/v2\/media\/2017"}],"wp:attachment":[{"href":"https:\/\/staviori.com.pl\/en\/wp-json\/wp\/v2\/media?parent=14120"}],"wp:term":[{"taxonomy":"product_brand","embeddable":true,"href":"https:\/\/staviori.com.pl\/en\/wp-json\/wp\/v2\/product_brand?post=14120"},{"taxonomy":"product_cat","embeddable":true,"href":"https:\/\/staviori.com.pl\/en\/wp-json\/wp\/v2\/product_cat?post=14120"},{"taxonomy":"product_tag","embeddable":true,"href":"https:\/\/staviori.com.pl\/en\/wp-json\/wp\/v2\/product_tag?post=14120"}],"curies":[{"name":"wp","href":"https:\/\/api.w.org\/{rel}","templated":true}]}}