{"id":14117,"date":"2025-02-24T22:45:50","date_gmt":"2025-02-24T21:45:50","guid":{"rendered":"https:\/\/staviori.com.pl\/product\/srebrne-kolczyki-kdm2917\/"},"modified":"2026-02-11T00:08:40","modified_gmt":"2026-02-10T23:08:40","slug":"srebrne-kolczyki-kdm2917","status":"publish","type":"product","link":"https:\/\/staviori.com.pl\/en\/product\/srebrne-kolczyki-kdm2917\/","title":{"rendered":"Silver circle earrings with marcasites - KDM2917"},"content":{"rendered":"<p>Model: KDM2917<br \/>\nWaga ok. 5,90g<\/p>\n<p>Earrings.<br \/>\n0.925 silver.<br \/>\nMarcasites.<\/p>\n<p>\u015arednica ok. 17mm<br \/>\nGrubo\u015b\u0107 ok. 4mm<\/p>","protected":false},"excerpt":{"rendered":"<p>Klasyczne kolczyki ko\u0142a wykonane z rodowanego srebra pr\u00f3by 0,925, ozdobione rz\u0119dem po\u0142yskuj\u0105cych markazyt\u00f3w. Subtelna forma w po\u0142\u0105czeniu z retro charakterem kamieni tworzy ponadczasowy dodatek, kt\u00f3ry doskonale podkre\u015bli zar\u00f3wno codzienne, jak i bardziej eleganckie stylizacje. Idealne dla kobiet ceni\u0105cych wyrafinowan\u0105 prostot\u0119 i niebanalny styl.<\/p>","protected":false},"featured_media":17841,"comment_status":"closed","ping_status":"closed","template":"","meta":{"om_disable_all_campaigns":false},"product_brand":[2284],"product_cat":[199,1818,1817],"product_tag":[3003,2660,3167,3062,2682,1396,2943,2427],"class_list":{"0":"post-14117","1":"product","2":"type-product","3":"status-publish","4":"has-post-thumbnail","6":"product_brand-staviori","7":"product_cat-kolczyki","8":"product_cat-srebrne-kolczyki","9":"product_cat-srebro-2","10":"product_tag-bizuteria-vintage","11":"product_tag-eleganckie-kolczyki","12":"product_tag-kdm2917","13":"product_tag-kolczyki-klasyczne","14":"product_tag-kolczyki-kola","15":"product_tag-kolczyki-srebrne","16":"product_tag-kolczyki-z-markazytami","17":"product_tag-srebro-925","18":"pa_kamien-markazyty","19":"pa_kruszec-srebro","20":"pa_proba-0-925","21":"pa_srednica-17mm","22":"pa_szerokosc-4mm","23":"pa_waga-590g","24":"pa_zapiecie-zatrzaskowe","26":"first","27":"instock","28":"purchasable","29":"product-type-simple"},"aioseo_notices":[],"_links":{"self":[{"href":"https:\/\/staviori.com.pl\/en\/wp-json\/wp\/v2\/product\/14117","targetHints":{"allow":["GET"]}}],"collection":[{"href":"https:\/\/staviori.com.pl\/en\/wp-json\/wp\/v2\/product"}],"about":[{"href":"https:\/\/staviori.com.pl\/en\/wp-json\/wp\/v2\/types\/product"}],"replies":[{"embeddable":true,"href":"https:\/\/staviori.com.pl\/en\/wp-json\/wp\/v2\/comments?post=14117"}],"wp:featuredmedia":[{"embeddable":true,"href":"https:\/\/staviori.com.pl\/en\/wp-json\/wp\/v2\/media\/17841"}],"wp:attachment":[{"href":"https:\/\/staviori.com.pl\/en\/wp-json\/wp\/v2\/media?parent=14117"}],"wp:term":[{"taxonomy":"product_brand","embeddable":true,"href":"https:\/\/staviori.com.pl\/en\/wp-json\/wp\/v2\/product_brand?post=14117"},{"taxonomy":"product_cat","embeddable":true,"href":"https:\/\/staviori.com.pl\/en\/wp-json\/wp\/v2\/product_cat?post=14117"},{"taxonomy":"product_tag","embeddable":true,"href":"https:\/\/staviori.com.pl\/en\/wp-json\/wp\/v2\/product_tag?post=14117"}],"curies":[{"name":"wp","href":"https:\/\/api.w.org\/{rel}","templated":true}]}}