{"id":14115,"date":"2025-02-24T22:45:50","date_gmt":"2025-02-24T21:45:50","guid":{"rendered":"https:\/\/staviori.com.pl\/product\/srebrne-kolczyki-kdm2896\/"},"modified":"2026-02-11T00:08:40","modified_gmt":"2026-02-10T23:08:40","slug":"srebrne-kolczyki-kdm2896","status":"publish","type":"product","link":"https:\/\/staviori.com.pl\/en\/product\/srebrne-kolczyki-kdm2896\/","title":{"rendered":"Silver bow earrings with marcasites and onyx"},"content":{"rendered":"<p>Model: KDM2896<br \/>\nWaga ok. 5,50g<\/p>\n<p>Earrings.<br \/>\n0.925 silver.<br \/>\nMarcasites.<br \/>\nOnyx.<\/p>\n<p>Wymiary 14&#215;23 mm.<\/p>","protected":false},"excerpt":{"rendered":"<p>Stylowe kolczyki wykonane z rodowanego srebra pr\u00f3by 0,925, zdobione misternie oprawionymi markazytami i g\u0142\u0119boko czarnym onykiem w centrum. Ich kszta\u0142t przypominaj\u0105cy subteln\u0105 kokard\u0119 nadaje ca\u0142o\u015bci romantycznego i kobiecego charakteru. Idealne dope\u0142nienie wieczorowych stylizacji, kt\u00f3re przyci\u0105ga wzrok eleganckim po\u0142yskiem i wyrazistym kontrastem kamieni.<\/p>","protected":false},"featured_media":17830,"comment_status":"closed","ping_status":"closed","template":"","meta":{"om_disable_all_campaigns":false},"product_brand":[2284],"product_cat":[199,1818,1817],"product_tag":[3003,2660,3162,3164,3163,1396,2943,3153,2427],"class_list":{"0":"post-14115","1":"product","2":"type-product","3":"status-publish","4":"has-post-thumbnail","6":"product_brand-staviori","7":"product_cat-kolczyki","8":"product_cat-srebrne-kolczyki","9":"product_cat-srebro-2","10":"product_tag-bizuteria-vintage","11":"product_tag-eleganckie-kolczyki","12":"product_tag-kdm2896","13":"product_tag-kokardka","14":"product_tag-kolczyki-kokardy","15":"product_tag-kolczyki-srebrne","16":"product_tag-kolczyki-z-markazytami","17":"product_tag-kolczyki-z-onykiem","18":"product_tag-srebro-925","19":"pa_dostawca-markazyty-hong","20":"pa_kamien-markazyty","21":"pa_kamien-onyks","22":"pa_kruszec-srebro","23":"pa_motyw-kokardka","24":"pa_proba-0-925","25":"pa_waga-550g","26":"pa_wymiary-14x23mm","27":"pa_zapiecie-sztyft","29":"first","30":"instock","31":"purchasable","32":"product-type-simple"},"aioseo_notices":[],"_links":{"self":[{"href":"https:\/\/staviori.com.pl\/en\/wp-json\/wp\/v2\/product\/14115","targetHints":{"allow":["GET"]}}],"collection":[{"href":"https:\/\/staviori.com.pl\/en\/wp-json\/wp\/v2\/product"}],"about":[{"href":"https:\/\/staviori.com.pl\/en\/wp-json\/wp\/v2\/types\/product"}],"replies":[{"embeddable":true,"href":"https:\/\/staviori.com.pl\/en\/wp-json\/wp\/v2\/comments?post=14115"}],"wp:featuredmedia":[{"embeddable":true,"href":"https:\/\/staviori.com.pl\/en\/wp-json\/wp\/v2\/media\/17830"}],"wp:attachment":[{"href":"https:\/\/staviori.com.pl\/en\/wp-json\/wp\/v2\/media?parent=14115"}],"wp:term":[{"taxonomy":"product_brand","embeddable":true,"href":"https:\/\/staviori.com.pl\/en\/wp-json\/wp\/v2\/product_brand?post=14115"},{"taxonomy":"product_cat","embeddable":true,"href":"https:\/\/staviori.com.pl\/en\/wp-json\/wp\/v2\/product_cat?post=14115"},{"taxonomy":"product_tag","embeddable":true,"href":"https:\/\/staviori.com.pl\/en\/wp-json\/wp\/v2\/product_tag?post=14115"}],"curies":[{"name":"wp","href":"https:\/\/api.w.org\/{rel}","templated":true}]}}