{"id":14114,"date":"2025-02-24T22:45:50","date_gmt":"2025-02-24T21:45:50","guid":{"rendered":"https:\/\/staviori.com.pl\/product\/srebrne-kolczyki-kdm2890\/"},"modified":"2026-02-11T00:08:40","modified_gmt":"2026-02-10T23:08:40","slug":"srebrne-kolczyki-kdm2890","status":"publish","type":"product","link":"https:\/\/staviori.com.pl\/en\/product\/srebrne-kolczyki-kdm2890\/","title":{"rendered":"Silver earrings with large square marcasites - KDM2890"},"content":{"rendered":"<p>Model: KDM2890<br \/>\nWaga ok. 2,35g<\/p>\n<p>Earrings.<br \/>\n0.925 silver.<br \/>\nMarcasites.<br \/>\nWymiary 4.5&#215;11 mm.<\/p>","protected":false},"excerpt":{"rendered":"<p>Klasyczne i ponadczasowe kolczyki sztyfty wykonane ze srebra pr\u00f3by 0,925, ozdobione eleganckimi markazytami w formie geometrycznego pasa. Ich prostok\u0105tny kszta\u0142t z delikatnym po\u0142yskiem kamieni doskonale dope\u0142nia stylizacje dzienne i wieczorowe. To subtelna, ale wyrazista bi\u017cuteria dla kobiet ceni\u0105cych elegancj\u0119 i klasyczne detale z nut\u0105 retro.<\/p>","protected":false},"featured_media":17823,"comment_status":"closed","ping_status":"closed","template":"","meta":{"om_disable_all_campaigns":false},"product_brand":[2284],"product_cat":[199,1818,1817],"product_tag":[3003,3156,2603,3158,3157,2665,2943,3159,2427],"class_list":{"0":"post-14114","1":"product","2":"type-product","3":"status-publish","4":"has-post-thumbnail","6":"product_brand-staviori","7":"product_cat-kolczyki","8":"product_cat-srebrne-kolczyki","9":"product_cat-srebro-2","10":"product_tag-bizuteria-vintage","11":"product_tag-kdm2890","12":"product_tag-klasyczna-bizuteria","13":"product_tag-kolczyki-geometryczne","14":"product_tag-kolczyki-retro","15":"product_tag-kolczyki-sztyfty","16":"product_tag-kolczyki-z-markazytami","17":"product_tag-srebrne-kolczyki-damskie","18":"product_tag-srebro-925","19":"pa_dostawca-markazyty-hong","20":"pa_kamien-markazyty","21":"pa_kruszec-srebro","22":"pa_proba-0-925","23":"pa_waga-235g","24":"pa_wymiary-4-5x11mm","25":"pa_zapiecie-sztyft","27":"first","28":"instock","29":"purchasable","30":"product-type-simple"},"aioseo_notices":[],"_links":{"self":[{"href":"https:\/\/staviori.com.pl\/en\/wp-json\/wp\/v2\/product\/14114","targetHints":{"allow":["GET"]}}],"collection":[{"href":"https:\/\/staviori.com.pl\/en\/wp-json\/wp\/v2\/product"}],"about":[{"href":"https:\/\/staviori.com.pl\/en\/wp-json\/wp\/v2\/types\/product"}],"replies":[{"embeddable":true,"href":"https:\/\/staviori.com.pl\/en\/wp-json\/wp\/v2\/comments?post=14114"}],"wp:featuredmedia":[{"embeddable":true,"href":"https:\/\/staviori.com.pl\/en\/wp-json\/wp\/v2\/media\/17823"}],"wp:attachment":[{"href":"https:\/\/staviori.com.pl\/en\/wp-json\/wp\/v2\/media?parent=14114"}],"wp:term":[{"taxonomy":"product_brand","embeddable":true,"href":"https:\/\/staviori.com.pl\/en\/wp-json\/wp\/v2\/product_brand?post=14114"},{"taxonomy":"product_cat","embeddable":true,"href":"https:\/\/staviori.com.pl\/en\/wp-json\/wp\/v2\/product_cat?post=14114"},{"taxonomy":"product_tag","embeddable":true,"href":"https:\/\/staviori.com.pl\/en\/wp-json\/wp\/v2\/product_tag?post=14114"}],"curies":[{"name":"wp","href":"https:\/\/api.w.org\/{rel}","templated":true}]}}