{"id":14111,"date":"2025-02-24T22:45:50","date_gmt":"2025-02-24T21:45:50","guid":{"rendered":"https:\/\/staviori.com.pl\/product\/srebrne-kolczyki-kdm2865\/"},"modified":"2026-02-23T13:32:31","modified_gmt":"2026-02-23T12:32:31","slug":"srebrne-kolczyki-kdm2865","status":"publish","type":"product","link":"https:\/\/staviori.com.pl\/en\/product\/srebrne-kolczyki-kdm2865\/","title":{"rendered":"silver beautiful pendant earrings with mother of pearl and marcasites"},"content":{"rendered":"<p>Model: KDM2865<br \/>\nWaga ok. 12,50g<\/p>\n<p>Earrings.<br \/>\n0.925 rhodium-plated silver.<br \/>\nMarcasites.<br \/>\nMother of Pearl.<\/p>\n<p>D\u0142ugo\u015b\u0107 52 mm.<br \/>\nSzeroko\u015b\u0107 15.2 mm.<\/p>","protected":false},"excerpt":{"rendered":"<p>Eleganckie, srebrne kolczyki w stylu retro, ozdobione po\u0142yskuj\u0105c\u0105 mas\u0105 per\u0142ow\u0105 i markazytami. Ka\u017cdy detal zachwyca precyzj\u0105 wykonania \u2013 od misternej oprawy po geometryczny kszta\u0142t, kt\u00f3ry przyci\u0105ga wzrok. Kolczyki wykonano ze srebra pr\u00f3by 0,925 pokrytego warstw\u0105 rodu, co nadaje im wyj\u0105tkowego blasku i trwa\u0142o\u015bci. Idealne dla kobiet ceni\u0105cych klasyk\u0119 i artystyczny charakter bi\u017cuterii z dusz\u0105.<\/p>","protected":false},"featured_media":21874,"comment_status":"closed","ping_status":"closed","template":"","meta":{"om_disable_all_campaigns":false},"product_brand":[2284],"product_cat":[199,1818,1817],"product_tag":[4105,6840,3743,2660,3779,1394,4109,2425,2433,4110,6841,6637,6075,6837,2427,2426,3724,4107,4112],"class_list":{"0":"post-14111","1":"product","2":"type-product","3":"status-publish","4":"has-post-thumbnail","6":"product_brand-staviori","7":"product_cat-kolczyki","8":"product_cat-srebrne-kolczyki","9":"product_cat-srebro-2","10":"product_tag-art-deco","11":"product_tag-bizuteria-art-deco","12":"product_tag-earrings","13":"product_tag-eleganckie-kolczyki","14":"product_tag-elegant","15":"product_tag-kolczyki","16":"product_tag-marcasite","17":"product_tag-markazyty","18":"product_tag-masa-perlowa","19":"product_tag-mother-of-pearl","20":"product_tag-retro","21":"product_tag-schmuck","22":"product_tag-silber-925","23":"product_tag-silver","24":"product_tag-srebro-925","25":"product_tag-srebro-rodowane","26":"product_tag-staviori","27":"product_tag-styl-retro","28":"product_tag-vintage","29":"pa_dlugosc-52mm","30":"pa_kamien-markazyty","31":"pa_kamien-masa-perlowa","32":"pa_kruszec-srebro-rodowane","33":"pa_proba-0-925","34":"pa_szerokosc-15-2mm","35":"pa_waga-1250g","37":"first","38":"instock","39":"purchasable","40":"product-type-simple"},"aioseo_notices":[],"_links":{"self":[{"href":"https:\/\/staviori.com.pl\/en\/wp-json\/wp\/v2\/product\/14111","targetHints":{"allow":["GET"]}}],"collection":[{"href":"https:\/\/staviori.com.pl\/en\/wp-json\/wp\/v2\/product"}],"about":[{"href":"https:\/\/staviori.com.pl\/en\/wp-json\/wp\/v2\/types\/product"}],"replies":[{"embeddable":true,"href":"https:\/\/staviori.com.pl\/en\/wp-json\/wp\/v2\/comments?post=14111"}],"wp:featuredmedia":[{"embeddable":true,"href":"https:\/\/staviori.com.pl\/en\/wp-json\/wp\/v2\/media\/21874"}],"wp:attachment":[{"href":"https:\/\/staviori.com.pl\/en\/wp-json\/wp\/v2\/media?parent=14111"}],"wp:term":[{"taxonomy":"product_brand","embeddable":true,"href":"https:\/\/staviori.com.pl\/en\/wp-json\/wp\/v2\/product_brand?post=14111"},{"taxonomy":"product_cat","embeddable":true,"href":"https:\/\/staviori.com.pl\/en\/wp-json\/wp\/v2\/product_cat?post=14111"},{"taxonomy":"product_tag","embeddable":true,"href":"https:\/\/staviori.com.pl\/en\/wp-json\/wp\/v2\/product_tag?post=14111"}],"curies":[{"name":"wp","href":"https:\/\/api.w.org\/{rel}","templated":true}]}}