{"id":14086,"date":"2025-02-24T22:45:50","date_gmt":"2025-02-24T21:45:50","guid":{"rendered":"https:\/\/staviori.com.pl\/product\/srebrne-kolczyki-kdk6665\/"},"modified":"2026-02-11T00:08:39","modified_gmt":"2026-02-10T23:08:39","slug":"srebrne-kolczyki-kdk6665","status":"publish","type":"product","link":"https:\/\/staviori.com.pl\/en\/product\/srebrne-kolczyki-kdk6665\/","title":{"rendered":"Silver plated small clover earrings"},"content":{"rendered":"<p>Model: KDK6665<br \/>\nWaga ok. 0,70g<\/p>\n<p>Earrings.<br \/>\nSilver 0.925 plated with yellow gold<br \/>\n\u015arednica 3.5 mm.<\/p>\n<p>\u015aliczne srebrne poz\u0142acane kolczyki w kszta\u0142cie czterolistnej koniczynki. Znakomicie si\u0119 sprawdz\u0105 zar\u00f3wno na kobiecym jak i dziewcz\u0119cym uchu.<\/p>","protected":false},"excerpt":{"rendered":"<p>Urocze kolczyki w kszta\u0142cie czterolistnej koniczynki wykonane ze srebra pr\u00f3by 0,925, pokryte warstw\u0105 \u017c\u00f3\u0142tego z\u0142ota. Delikatny po\u0142ysk i symboliczny motyw sprawiaj\u0105, \u017ce to idealny wyb\u00f3r zar\u00f3wno dla kobiet, jak i dziewczynek. Pe\u0142ne wdzi\u0119ku i subtelno\u015bci, \u015bwietnie sprawdz\u0105 si\u0119 na co dzie\u0144 oraz jako uroczy prezent na szcz\u0119\u015bcie.<\/p>","protected":false},"featured_media":17846,"comment_status":"closed","ping_status":"closed","template":"","meta":{"om_disable_all_campaigns":false},"product_brand":[2284,2350],"product_cat":[199,1818,1817],"product_tag":[3175,3176,3171,3173,3024,3047,1396,3170,3174],"class_list":{"0":"post-14086","1":"product","2":"type-product","3":"status-publish","4":"has-post-thumbnail","6":"product_brand-staviori","7":"product_brand-verona","8":"product_cat-kolczyki","9":"product_cat-srebrne-kolczyki","10":"product_cat-srebro-2","11":"product_tag-bizuteria-delikatna","12":"product_tag-czterolistna-koniczyna","13":"product_tag-kdk6665","14":"product_tag-kolczyki-dla-dziewczynki","15":"product_tag-kolczyki-koniczynki","16":"product_tag-kolczyki-pozlacane","17":"product_tag-kolczyki-srebrne","18":"product_tag-ks53457","19":"product_tag-prezent-na-szczescie","20":"pa_kruszec-srebro","21":"pa_kruszec-srebro-pozlacane","22":"pa_motyw-koniczynka","23":"pa_proba-0-925","24":"pa_srednica-3-5mm","25":"pa_waga-070g","26":"pa_zapiecie-sztyft","28":"first","29":"instock","30":"purchasable","31":"product-type-simple"},"aioseo_notices":[],"_links":{"self":[{"href":"https:\/\/staviori.com.pl\/en\/wp-json\/wp\/v2\/product\/14086","targetHints":{"allow":["GET"]}}],"collection":[{"href":"https:\/\/staviori.com.pl\/en\/wp-json\/wp\/v2\/product"}],"about":[{"href":"https:\/\/staviori.com.pl\/en\/wp-json\/wp\/v2\/types\/product"}],"replies":[{"embeddable":true,"href":"https:\/\/staviori.com.pl\/en\/wp-json\/wp\/v2\/comments?post=14086"}],"wp:featuredmedia":[{"embeddable":true,"href":"https:\/\/staviori.com.pl\/en\/wp-json\/wp\/v2\/media\/17846"}],"wp:attachment":[{"href":"https:\/\/staviori.com.pl\/en\/wp-json\/wp\/v2\/media?parent=14086"}],"wp:term":[{"taxonomy":"product_brand","embeddable":true,"href":"https:\/\/staviori.com.pl\/en\/wp-json\/wp\/v2\/product_brand?post=14086"},{"taxonomy":"product_cat","embeddable":true,"href":"https:\/\/staviori.com.pl\/en\/wp-json\/wp\/v2\/product_cat?post=14086"},{"taxonomy":"product_tag","embeddable":true,"href":"https:\/\/staviori.com.pl\/en\/wp-json\/wp\/v2\/product_tag?post=14086"}],"curies":[{"name":"wp","href":"https:\/\/api.w.org\/{rel}","templated":true}]}}