{"id":14080,"date":"2025-02-24T22:45:50","date_gmt":"2025-02-24T21:45:50","guid":{"rendered":"https:\/\/staviori.com.pl\/product\/srebrne-kolczyki-kdk6634y\/"},"modified":"2026-04-24T09:52:25","modified_gmt":"2026-04-24T07:52:25","slug":"srebrne-kolczyki-kdk6634y","status":"publish","type":"product","link":"https:\/\/staviori.com.pl\/en\/product\/srebrne-kolczyki-kdk6634y\/","title":{"rendered":"Silver plated small butterfly earrings"},"content":{"rendered":"<p>Model: KDK6634Y<br \/>\nWeight approx. 1.90g<\/p>\n<p>Earrings.<br \/>\nSilver 0.925 plated with yellow gold<\/p>\n<p>Length 7 mm.<br \/>\n9 mm wide.<\/p>","protected":false},"excerpt":{"rendered":"<p>Delikatne kolczyki w kszta\u0142cie a\u017curowych motyli, wykonane ze srebra pr\u00f3by 0,925 i pokryte warstw\u0105 \u017c\u00f3\u0142tego z\u0142ota. Ich lekka forma i precyzyjne wyci\u0119cia nadaj\u0105 bi\u017cuterii subtelno\u015bci i wdzi\u0119ku. Idealne zar\u00f3wno dla m\u0142odszych dziewczynek, jak i kobiet ceni\u0105cych romantyczne, dziewcz\u0119ce dodatki. Doskona\u0142y wyb\u00f3r na co dzie\u0144 lub jako prezent.<\/p>","protected":false},"featured_media":17850,"comment_status":"closed","ping_status":"closed","template":"","meta":{"om_disable_all_campaigns":false},"product_brand":[2284,2350],"product_cat":[199,1818,1817],"product_tag":[3179,3180,3181,3173,3178,3047,1396,2579,2427],"class_list":{"0":"post-14080","1":"product","2":"type-product","3":"status-publish","4":"has-post-thumbnail","6":"product_brand-staviori","7":"product_brand-verona","8":"product_cat-kolczyki","9":"product_cat-srebrne-kolczyki","10":"product_cat-srebro-2","11":"product_tag-azurowe-kolczyki","12":"product_tag-k052570","13":"product_tag-kdk6634y","14":"product_tag-kolczyki-dla-dziewczynki","15":"product_tag-kolczyki-motylki","16":"product_tag-kolczyki-pozlacane","17":"product_tag-kolczyki-srebrne","18":"product_tag-romantyczna-bizuteria","19":"product_tag-srebro-925","20":"pa_dlugosc-7mm","21":"pa_kruszec-srebro","22":"pa_kruszec-srebro-pozlacane","23":"pa_motyw-motylek","24":"pa_proba-0-925","25":"pa_szerokosc-9mm","26":"pa_waga-190g","27":"pa_zapiecie-sztyft","29":"first","30":"instock","31":"purchasable","32":"product-type-simple"},"aioseo_notices":[],"_links":{"self":[{"href":"https:\/\/staviori.com.pl\/en\/wp-json\/wp\/v2\/product\/14080","targetHints":{"allow":["GET"]}}],"collection":[{"href":"https:\/\/staviori.com.pl\/en\/wp-json\/wp\/v2\/product"}],"about":[{"href":"https:\/\/staviori.com.pl\/en\/wp-json\/wp\/v2\/types\/product"}],"replies":[{"embeddable":true,"href":"https:\/\/staviori.com.pl\/en\/wp-json\/wp\/v2\/comments?post=14080"}],"wp:featuredmedia":[{"embeddable":true,"href":"https:\/\/staviori.com.pl\/en\/wp-json\/wp\/v2\/media\/17850"}],"wp:attachment":[{"href":"https:\/\/staviori.com.pl\/en\/wp-json\/wp\/v2\/media?parent=14080"}],"wp:term":[{"taxonomy":"product_brand","embeddable":true,"href":"https:\/\/staviori.com.pl\/en\/wp-json\/wp\/v2\/product_brand?post=14080"},{"taxonomy":"product_cat","embeddable":true,"href":"https:\/\/staviori.com.pl\/en\/wp-json\/wp\/v2\/product_cat?post=14080"},{"taxonomy":"product_tag","embeddable":true,"href":"https:\/\/staviori.com.pl\/en\/wp-json\/wp\/v2\/product_tag?post=14080"}],"curies":[{"name":"wp","href":"https:\/\/api.w.org\/{rel}","templated":true}]}}