{"id":14067,"date":"2025-02-24T22:45:50","date_gmt":"2025-02-24T21:45:50","guid":{"rendered":"https:\/\/staviori.com.pl\/product\/srebrne-kolczyki-kdk6608s\/"},"modified":"2026-02-11T00:08:38","modified_gmt":"2026-02-10T23:08:38","slug":"srebrne-kolczyki-kdk6608s","status":"publish","type":"product","link":"https:\/\/staviori.com.pl\/en\/product\/srebrne-kolczyki-kdk6608s\/","title":{"rendered":"Silver flower pendant earrings KDK6608S"},"content":{"rendered":"<p>Model: KDK6608S<br \/>\nWaga ok. 1,19g<\/p>\n<p>Earrings.<br \/>\n0.925 rhodium-plated silver.<br \/>\nD\u0142ugo\u015b\u0107 32 mm.<\/p>","protected":false},"excerpt":{"rendered":"<p>Eleganckie kolczyki ze srebra pr\u00f3by 0,925 o finezyjnym, florystycznym wzorze. A\u017curowe kwiaty uk\u0142adaj\u0105 si\u0119 w lekk\u0105, zmys\u0142ow\u0105 kompozycj\u0119, kt\u00f3ra porusza si\u0119 subtelnie przy ka\u017cdym ruchu. To idealny wyb\u00f3r dla kobiet ceni\u0105cych nowoczesn\u0105 form\u0119 z nut\u0105 romantyzmu. Stylowa bi\u017cuteria, kt\u00f3ra doda blasku zar\u00f3wno codziennej stylizacji, jak i wieczorowemu lookowi.<\/p>","protected":false},"featured_media":14068,"comment_status":"closed","ping_status":"closed","template":"","meta":{"om_disable_all_campaigns":false},"product_brand":[2284,2350],"product_cat":[199,1818,1817],"product_tag":[3179,3215,3214,3102,2724,2770,2942],"class_list":{"0":"post-14067","1":"product","2":"type-product","3":"status-publish","4":"has-post-thumbnail","6":"product_brand-staviori","7":"product_brand-verona","8":"product_cat-kolczyki","9":"product_cat-srebrne-kolczyki","10":"product_cat-srebro-2","11":"product_tag-azurowe-kolczyki","12":"product_tag-florystyczna-bizuteria","13":"product_tag-kdk6608s","14":"product_tag-kolczyki-damskie","15":"product_tag-kolczyki-kwiaty","16":"product_tag-kolczyki-wiszace","17":"product_tag-srebrne-kolczyki","18":"pa_dlugosc-32mm","19":"pa_kruszec-srebro-rodowane","20":"pa_proba-0-925","21":"pa_waga-119g","23":"first","24":"instock","25":"purchasable","26":"product-type-simple"},"aioseo_notices":[],"_links":{"self":[{"href":"https:\/\/staviori.com.pl\/en\/wp-json\/wp\/v2\/product\/14067","targetHints":{"allow":["GET"]}}],"collection":[{"href":"https:\/\/staviori.com.pl\/en\/wp-json\/wp\/v2\/product"}],"about":[{"href":"https:\/\/staviori.com.pl\/en\/wp-json\/wp\/v2\/types\/product"}],"replies":[{"embeddable":true,"href":"https:\/\/staviori.com.pl\/en\/wp-json\/wp\/v2\/comments?post=14067"}],"wp:featuredmedia":[{"embeddable":true,"href":"https:\/\/staviori.com.pl\/en\/wp-json\/wp\/v2\/media\/14068"}],"wp:attachment":[{"href":"https:\/\/staviori.com.pl\/en\/wp-json\/wp\/v2\/media?parent=14067"}],"wp:term":[{"taxonomy":"product_brand","embeddable":true,"href":"https:\/\/staviori.com.pl\/en\/wp-json\/wp\/v2\/product_brand?post=14067"},{"taxonomy":"product_cat","embeddable":true,"href":"https:\/\/staviori.com.pl\/en\/wp-json\/wp\/v2\/product_cat?post=14067"},{"taxonomy":"product_tag","embeddable":true,"href":"https:\/\/staviori.com.pl\/en\/wp-json\/wp\/v2\/product_tag?post=14067"}],"curies":[{"name":"wp","href":"https:\/\/api.w.org\/{rel}","templated":true}]}}