{"id":14041,"date":"2025-02-24T22:45:50","date_gmt":"2025-02-24T21:45:50","guid":{"rendered":"https:\/\/staviori.com.pl\/product\/srebrne-kolczyki-kdk6600l\/"},"modified":"2026-04-17T10:52:38","modified_gmt":"2026-04-17T08:52:38","slug":"srebrne-kolczyki-kdk6600l","status":"publish","type":"product","link":"https:\/\/staviori.com.pl\/en\/product\/srebrne-kolczyki-kdk6600l\/","title":{"rendered":"Sterling silver stylish pendant earrings with black agate - KDK6600L"},"content":{"rendered":"<p>Model: KDK6600L<br \/>\nWeight approx. 1.90g<\/p>\n<p>Earrings.<br \/>\n0.925 rhodium-plated silver.<br \/>\nAgate.<\/p>\n<p>D\u0142ugo\u015b\u0107 60 mm.<\/p>","protected":false},"excerpt":{"rendered":"<p>Subtelne i pe\u0142ne wdzi\u0119ku kolczyki wisz\u0105ce wykonane z rodowanego srebra pr\u00f3by 0,925, zako\u0144czone fasetowanymi kulkami z naturalnego agatu. Delikatny \u0142a\u0144cuszek nadaje bi\u017cuterii lekko\u015bci i eleganckiego ruchu, pi\u0119knie podkre\u015blaj\u0105c lini\u0119 szyi. To doskona\u0142y wyb\u00f3r dla kobiet ceni\u0105cych minimalistyczny styl z nut\u0105 tajemniczo\u015bci i klasy.<\/p>","protected":false},"featured_media":17809,"comment_status":"closed","ping_status":"closed","template":"","meta":{"om_disable_all_campaigns":false},"product_brand":[2284,2350],"product_cat":[199,1818,1817],"product_tag":[3140,2891,3141,2770,2854,3142,2384,2501,2942,2426],"class_list":{"0":"post-14041","1":"product","2":"type-product","3":"status-publish","4":"has-post-thumbnail","6":"product_brand-staviori","7":"product_brand-verona","8":"product_cat-kolczyki","9":"product_cat-srebrne-kolczyki","10":"product_cat-srebro-2","11":"product_tag-agat-czarny","12":"product_tag-dlugie-kolczyki","13":"product_tag-kdk6600l","14":"product_tag-kolczyki-wiszace","15":"product_tag-kolczyki-z-agatem","16":"product_tag-ks52973","17":"product_tag-minimalistyczna-bizuteria","18":"product_tag-naturalne-kamienie","19":"product_tag-srebrne-kolczyki","20":"product_tag-srebro-rodowane","21":"pa_dlugosc-60mm","22":"pa_kamien-agat","23":"pa_kruszec-srebro-rodowane","24":"pa_proba-0-925","25":"pa_waga-190g","26":"pa_zapiecie-sztyft","28":"first","29":"instock","30":"purchasable","31":"product-type-simple"},"aioseo_notices":[],"_links":{"self":[{"href":"https:\/\/staviori.com.pl\/en\/wp-json\/wp\/v2\/product\/14041","targetHints":{"allow":["GET"]}}],"collection":[{"href":"https:\/\/staviori.com.pl\/en\/wp-json\/wp\/v2\/product"}],"about":[{"href":"https:\/\/staviori.com.pl\/en\/wp-json\/wp\/v2\/types\/product"}],"replies":[{"embeddable":true,"href":"https:\/\/staviori.com.pl\/en\/wp-json\/wp\/v2\/comments?post=14041"}],"wp:featuredmedia":[{"embeddable":true,"href":"https:\/\/staviori.com.pl\/en\/wp-json\/wp\/v2\/media\/17809"}],"wp:attachment":[{"href":"https:\/\/staviori.com.pl\/en\/wp-json\/wp\/v2\/media?parent=14041"}],"wp:term":[{"taxonomy":"product_brand","embeddable":true,"href":"https:\/\/staviori.com.pl\/en\/wp-json\/wp\/v2\/product_brand?post=14041"},{"taxonomy":"product_cat","embeddable":true,"href":"https:\/\/staviori.com.pl\/en\/wp-json\/wp\/v2\/product_cat?post=14041"},{"taxonomy":"product_tag","embeddable":true,"href":"https:\/\/staviori.com.pl\/en\/wp-json\/wp\/v2\/product_tag?post=14041"}],"curies":[{"name":"wp","href":"https:\/\/api.w.org\/{rel}","templated":true}]}}