{"id":14002,"date":"2025-02-24T22:45:45","date_gmt":"2025-02-24T21:45:45","guid":{"rendered":"https:\/\/staviori.com.pl\/product\/srebrne-kolczyki-kdk6531\/"},"modified":"2026-04-15T11:57:43","modified_gmt":"2026-04-15T09:57:43","slug":"srebrne-kolczyki-kdk6531","status":"publish","type":"product","link":"https:\/\/staviori.com.pl\/en\/product\/srebrne-kolczyki-kdk6531\/","title":{"rendered":"Silver Openwork Pendant Hearts - KDK6531"},"content":{"rendered":"<p>Model: KDK6531<br \/>\nWaga ok. 2,49g<\/p>\n<p>Earrings.<br \/>\n0.925 rhodium-plated silver.<br \/>\nWysoko\u015b\u0107 35 mm.<br \/>\nSzeroko\u015b\u0107 26 mm.<\/p>","protected":false},"excerpt":{"rendered":"<p>Romantyczne kolczyki wykonane z rodowanego srebra pr\u00f3by 0,925, zachwycaj\u0105ce a\u017curowym wzorem w kszta\u0142cie serca. Misternie wycinane detale tworz\u0105 eleganck\u0105 kompozycj\u0119, kt\u00f3ra pi\u0119knie odbija \u015bwiat\u0142o i dodaje bi\u017cuterii lekko\u015bci. Model idealny na wyj\u0105tkowe okazje, ale tak\u017ce jako subtelny akcent do codziennych stylizacji. Zapi\u0119cie sztyftowe zapewnia komfort i stabilno\u015b\u0107 noszenia.<\/p>","protected":false},"featured_media":14003,"comment_status":"closed","ping_status":"closed","template":"","meta":{"om_disable_all_campaigns":false},"product_brand":[2284,2350],"product_cat":[199,1818,1817],"product_tag":[3097,3095,2995,2698,3074,3096,1396,3094,2468,2426],"class_list":{"0":"post-14002","1":"product","2":"type-product","3":"status-publish","4":"has-post-thumbnail","6":"product_brand-staviori","7":"product_brand-verona","8":"product_cat-kolczyki","9":"product_cat-srebrne-kolczyki","10":"product_cat-srebro-2","11":"product_tag-bizuteria-romantyczna","12":"product_tag-kdk6531","13":"product_tag-kolczyki-azurowe","14":"product_tag-kolczyki-na-prezent","15":"product_tag-kolczyki-na-sztyft","16":"product_tag-kolczyki-serca","17":"product_tag-kolczyki-srebrne","18":"product_tag-ks52825","19":"product_tag-serduszka","20":"product_tag-srebro-rodowane","21":"pa_kruszec-srebro-rodowane","22":"pa_proba-0-925","23":"pa_szerokosc-26mm","24":"pa_waga-249g","25":"pa_wysokosc-35mm","26":"pa_zapiecie-sztyft","28":"first","29":"instock","30":"purchasable","31":"product-type-simple"},"aioseo_notices":[],"_links":{"self":[{"href":"https:\/\/staviori.com.pl\/en\/wp-json\/wp\/v2\/product\/14002","targetHints":{"allow":["GET"]}}],"collection":[{"href":"https:\/\/staviori.com.pl\/en\/wp-json\/wp\/v2\/product"}],"about":[{"href":"https:\/\/staviori.com.pl\/en\/wp-json\/wp\/v2\/types\/product"}],"replies":[{"embeddable":true,"href":"https:\/\/staviori.com.pl\/en\/wp-json\/wp\/v2\/comments?post=14002"}],"wp:featuredmedia":[{"embeddable":true,"href":"https:\/\/staviori.com.pl\/en\/wp-json\/wp\/v2\/media\/14003"}],"wp:attachment":[{"href":"https:\/\/staviori.com.pl\/en\/wp-json\/wp\/v2\/media?parent=14002"}],"wp:term":[{"taxonomy":"product_brand","embeddable":true,"href":"https:\/\/staviori.com.pl\/en\/wp-json\/wp\/v2\/product_brand?post=14002"},{"taxonomy":"product_cat","embeddable":true,"href":"https:\/\/staviori.com.pl\/en\/wp-json\/wp\/v2\/product_cat?post=14002"},{"taxonomy":"product_tag","embeddable":true,"href":"https:\/\/staviori.com.pl\/en\/wp-json\/wp\/v2\/product_tag?post=14002"}],"curies":[{"name":"wp","href":"https:\/\/api.w.org\/{rel}","templated":true}]}}