{"id":13928,"date":"2025-02-24T22:45:42","date_gmt":"2025-02-24T21:45:42","guid":{"rendered":"https:\/\/staviori.com.pl\/product\/srebrne-kolczyki-kdk6476\/"},"modified":"2026-04-16T11:02:49","modified_gmt":"2026-04-16T09:02:49","slug":"srebrne-kolczyki-kdk6476","status":"publish","type":"product","link":"https:\/\/staviori.com.pl\/en\/product\/srebrne-kolczyki-kdk6476\/","title":{"rendered":"32mm silver circle earrings | silver plated"},"content":{"rendered":"<p>Model: KDK6476<br \/>\nWeight approx. 2.20g<\/p>\n<p>Earrings.<br \/>\nSilver 0.925 plated with yellow gold<\/p>\n<p>\u015arednica 32 mm.<\/p>","protected":false},"excerpt":{"rendered":"<p>Stylowe kolczyki ko\u0142a wykonane ze srebra pr\u00f3by 925, pokryte \u017c\u00f3\u0142tym z\u0142otem. Delikatnie skr\u0119cana powierzchnia nadaje im elegancji i subtelnego blasku, dzi\u0119ki czemu \u015bwietnie podkre\u015blaj\u0105 ka\u017cd\u0105 stylizacj\u0119 \u2013 zar\u00f3wno codzienn\u0105, jak i wieczorow\u0105. To ponadczasowy wz\u00f3r, kt\u00f3ry zawsze pozostaje w modzie.<\/p>","protected":false},"featured_media":13929,"comment_status":"closed","ping_status":"closed","template":"","meta":{"om_disable_all_campaigns":false},"product_brand":[2284,2350],"product_cat":[199,1818,1817],"product_tag":[6415,3743,6413,3847,1394,2682,3844,6072,6073,2452,6414,6075,2427,5905,5295,6416,2683],"class_list":{"0":"post-13928","1":"product","2":"type-product","3":"status-publish","4":"has-post-thumbnail","6":"product_brand-staviori","7":"product_brand-verona","8":"product_cat-kolczyki","9":"product_cat-srebrne-kolczyki","10":"product_cat-srebro-2","11":"product_tag-creolen","12":"product_tag-earrings","13":"product_tag-gold-plated","14":"product_tag-hoop-earrings","15":"product_tag-kolczyki","16":"product_tag-kolczyki-kola","17":"product_tag-kruhove-nausnice","18":"product_tag-nausnice","19":"product_tag-ohrringe","20":"product_tag-pozlacane","21":"product_tag-pozlacene","22":"product_tag-silber-925","23":"product_tag-srebro-925","24":"product_tag-sterling-silver","25":"product_tag-stribro-925","26":"product_tag-vergoldet","27":"product_tag-zlote-kolczyki","28":"pa_kruszec-srebro","29":"pa_kruszec-srebro-pozlacane","30":"pa_proba-0-925","31":"pa_srednica-32mm","32":"pa_waga-220g","33":"pa_zapiecie-szarnir","35":"first","36":"instock","37":"purchasable","38":"product-type-simple"},"aioseo_notices":[],"_links":{"self":[{"href":"https:\/\/staviori.com.pl\/en\/wp-json\/wp\/v2\/product\/13928","targetHints":{"allow":["GET"]}}],"collection":[{"href":"https:\/\/staviori.com.pl\/en\/wp-json\/wp\/v2\/product"}],"about":[{"href":"https:\/\/staviori.com.pl\/en\/wp-json\/wp\/v2\/types\/product"}],"replies":[{"embeddable":true,"href":"https:\/\/staviori.com.pl\/en\/wp-json\/wp\/v2\/comments?post=13928"}],"wp:featuredmedia":[{"embeddable":true,"href":"https:\/\/staviori.com.pl\/en\/wp-json\/wp\/v2\/media\/13929"}],"wp:attachment":[{"href":"https:\/\/staviori.com.pl\/en\/wp-json\/wp\/v2\/media?parent=13928"}],"wp:term":[{"taxonomy":"product_brand","embeddable":true,"href":"https:\/\/staviori.com.pl\/en\/wp-json\/wp\/v2\/product_brand?post=13928"},{"taxonomy":"product_cat","embeddable":true,"href":"https:\/\/staviori.com.pl\/en\/wp-json\/wp\/v2\/product_cat?post=13928"},{"taxonomy":"product_tag","embeddable":true,"href":"https:\/\/staviori.com.pl\/en\/wp-json\/wp\/v2\/product_tag?post=13928"}],"curies":[{"name":"wp","href":"https:\/\/api.w.org\/{rel}","templated":true}]}}