{"id":13918,"date":"2025-02-24T22:45:42","date_gmt":"2025-02-24T21:45:42","guid":{"rendered":"https:\/\/staviori.com.pl\/product\/srebrne-kolczyki-kdk6475\/"},"modified":"2026-02-11T00:08:38","modified_gmt":"2026-02-10T23:08:38","slug":"srebrne-kolczyki-kdk6475","status":"publish","type":"product","link":"https:\/\/staviori.com.pl\/en\/product\/srebrne-kolczyki-kdk6475\/","title":{"rendered":"Silver oval earrings - KDK6475"},"content":{"rendered":"<p>Model: KDK6475<br \/>\nWeight approx. 3.80g<\/p>\n<p>Earrings.<br \/>\nSrebro rodowane 0,925<\/p>\n<p>Wysoko\u015b\u0107 44 mm.<br \/>\n20 mm wide.<\/p>","protected":false},"excerpt":{"rendered":"<p>Nowoczesne i ponadczasowe kolczyki owalne wykonane z rodowanego srebra pr\u00f3by 0,925. Subtelnie po\u0142yskuj\u0105ca powierzchnia oraz elegancki, wyd\u0142u\u017cony kszta\u0142t sprawiaj\u0105, \u017ce model ten doskonale uzupe\u0142ni zar\u00f3wno casualowe, jak i bardziej formalne stylizacje. Zapi\u0119cie zatrzaskowe zapewnia wygod\u0119 i bezpiecze\u0144stwo noszenia. To minimalistyczny dodatek, kt\u00f3ry dodaje klasy i stylu w ka\u017cdej sytuacji.<\/p>","protected":false},"featured_media":13919,"comment_status":"closed","ping_status":"closed","template":"","meta":{"om_disable_all_campaigns":false},"product_brand":[2284,2350],"product_cat":[199,1818,1817],"product_tag":[3041,3089,3092,3062,3091,1396,3058,2384,2427,2426],"class_list":{"0":"post-13918","1":"product","2":"type-product","3":"status-publish","4":"has-post-thumbnail","6":"product_brand-staviori","7":"product_brand-verona","8":"product_cat-kolczyki","9":"product_cat-srebrne-kolczyki","10":"product_cat-srebro-2","11":"product_tag-bizuteria-codzienna","12":"product_tag-js51780","13":"product_tag-kdk6475","14":"product_tag-kolczyki-klasyczne","15":"product_tag-kolczyki-owalne","16":"product_tag-kolczyki-srebrne","17":"product_tag-kolczyki-zatrzaskowe","18":"product_tag-minimalistyczna-bizuteria","19":"product_tag-srebro-925","20":"product_tag-srebro-rodowane","21":"pa_kruszec-srebro-rodowane","22":"pa_proba-0-925","23":"pa_szerokosc-20mm","24":"pa_waga-380g","25":"pa_wysokosc-44mm","26":"pa_zapiecie-zatrzaskowe","28":"first","29":"instock","30":"purchasable","31":"product-type-simple"},"aioseo_notices":[],"_links":{"self":[{"href":"https:\/\/staviori.com.pl\/en\/wp-json\/wp\/v2\/product\/13918","targetHints":{"allow":["GET"]}}],"collection":[{"href":"https:\/\/staviori.com.pl\/en\/wp-json\/wp\/v2\/product"}],"about":[{"href":"https:\/\/staviori.com.pl\/en\/wp-json\/wp\/v2\/types\/product"}],"replies":[{"embeddable":true,"href":"https:\/\/staviori.com.pl\/en\/wp-json\/wp\/v2\/comments?post=13918"}],"wp:featuredmedia":[{"embeddable":true,"href":"https:\/\/staviori.com.pl\/en\/wp-json\/wp\/v2\/media\/13919"}],"wp:attachment":[{"href":"https:\/\/staviori.com.pl\/en\/wp-json\/wp\/v2\/media?parent=13918"}],"wp:term":[{"taxonomy":"product_brand","embeddable":true,"href":"https:\/\/staviori.com.pl\/en\/wp-json\/wp\/v2\/product_brand?post=13918"},{"taxonomy":"product_cat","embeddable":true,"href":"https:\/\/staviori.com.pl\/en\/wp-json\/wp\/v2\/product_cat?post=13918"},{"taxonomy":"product_tag","embeddable":true,"href":"https:\/\/staviori.com.pl\/en\/wp-json\/wp\/v2\/product_tag?post=13918"}],"curies":[{"name":"wp","href":"https:\/\/api.w.org\/{rel}","templated":true}]}}