{"id":13900,"date":"2025-02-24T22:45:39","date_gmt":"2025-02-24T21:45:39","guid":{"rendered":"https:\/\/staviori.com.pl\/product\/srebrne-kolczyki-kdk6369y\/"},"modified":"2026-04-15T08:48:43","modified_gmt":"2026-04-15T06:48:43","slug":"srebrne-kolczyki-kdk6369y","status":"publish","type":"product","link":"https:\/\/staviori.com.pl\/en\/product\/srebrne-kolczyki-kdk6369y\/","title":{"rendered":"Silver plated gold-plated hoop earrings with zircons"},"content":{"rendered":"<p>Model: KDK6369Y<br \/>\nWeight approx. 1.10g<\/p>\n<p>Earrings.<br \/>\nSilver 0.925 plated with yellow gold<br \/>\nZirconia.<\/p>\n<p>12 mm diameter.<\/p>","protected":false},"excerpt":{"rendered":"<p>Model: KDK6369Y Waga ok. 1,10g Kolczyki. Srebro 0,925 pokryte \u017c\u00f3\u0142tym z\u0142otem Cyrkonia. \u015arednica 12 mm.<\/p>","protected":false},"featured_media":21463,"comment_status":"closed","ping_status":"closed","template":"","meta":{"om_disable_all_campaigns":false},"product_brand":[2284,2350],"product_cat":[199,1818,1817],"product_tag":[5793,5916,3847,6427,6428,2673,3047,1396,2953,6429,6426,5820,2427,6088],"class_list":{"0":"post-13900","1":"product","2":"type-product","3":"status-publish","4":"has-post-thumbnail","6":"product_brand-staviori","7":"product_brand-verona","8":"product_cat-kolczyki","9":"product_cat-srebrne-kolczyki","10":"product_cat-srebro-2","11":"product_tag-cubic-zirconia-jewelry","12":"product_tag-gold-plated-earrings","13":"product_tag-hoop-earrings","14":"product_tag-jw48747","15":"product_tag-kdk6369y","16":"product_tag-kolczyki-kolka","17":"product_tag-kolczyki-pozlacane","18":"product_tag-kolczyki-srebrne","19":"product_tag-kolczyki-z-cyrkoniami","20":"product_tag-ohrringe-kreole","21":"product_tag-silber-vergoldet","22":"product_tag-silver-earrings","23":"product_tag-srebro-925","24":"product_tag-zirkonia","25":"pa_barwa-zloty","26":"pa_kamien-cyrkonia","27":"pa_kruszec-srebro","28":"pa_kruszec-srebro-pozlacane","29":"pa_proba-0-925","30":"pa_srednica-12mm","31":"pa_waga-110g","32":"pa_zapiecie-bigiel-zamniety","34":"first","35":"instock","36":"sale","37":"purchasable","38":"product-type-simple"},"aioseo_notices":[],"_links":{"self":[{"href":"https:\/\/staviori.com.pl\/en\/wp-json\/wp\/v2\/product\/13900","targetHints":{"allow":["GET"]}}],"collection":[{"href":"https:\/\/staviori.com.pl\/en\/wp-json\/wp\/v2\/product"}],"about":[{"href":"https:\/\/staviori.com.pl\/en\/wp-json\/wp\/v2\/types\/product"}],"replies":[{"embeddable":true,"href":"https:\/\/staviori.com.pl\/en\/wp-json\/wp\/v2\/comments?post=13900"}],"wp:featuredmedia":[{"embeddable":true,"href":"https:\/\/staviori.com.pl\/en\/wp-json\/wp\/v2\/media\/21463"}],"wp:attachment":[{"href":"https:\/\/staviori.com.pl\/en\/wp-json\/wp\/v2\/media?parent=13900"}],"wp:term":[{"taxonomy":"product_brand","embeddable":true,"href":"https:\/\/staviori.com.pl\/en\/wp-json\/wp\/v2\/product_brand?post=13900"},{"taxonomy":"product_cat","embeddable":true,"href":"https:\/\/staviori.com.pl\/en\/wp-json\/wp\/v2\/product_cat?post=13900"},{"taxonomy":"product_tag","embeddable":true,"href":"https:\/\/staviori.com.pl\/en\/wp-json\/wp\/v2\/product_tag?post=13900"}],"curies":[{"name":"wp","href":"https:\/\/api.w.org\/{rel}","templated":true}]}}