{"id":13895,"date":"2025-02-24T22:45:39","date_gmt":"2025-02-24T21:45:39","guid":{"rendered":"https:\/\/staviori.com.pl\/product\/srebrne-kolczyki-kdk6316b\/"},"modified":"2026-03-18T09:23:31","modified_gmt":"2026-03-18T08:23:31","slug":"srebrne-kolczyki-kdk6316b","status":"publish","type":"product","link":"https:\/\/staviori.com.pl\/en\/product\/srebrne-kolczyki-kdk6316b\/","title":{"rendered":"Silver earrings with black cubic zirconia - KDK6316B"},"content":{"rendered":"<p>Model: KDK6316B<br \/>\nWaga ok. 4,90g<\/p>\n<p>Earrings.<br \/>\n0.925 rhodium-plated silver.<br \/>\nZirconia Black.<\/p>\n<p>Wymiary 10&#215;10 mm.<br \/>\n5 mm wide.<\/p>","protected":false},"excerpt":{"rendered":"<p>Eleganckie kolczyki na zapi\u0119ciu zatrzaskowym wykonane z rodowanego srebra pr\u00f3by 0,925, ozdobione czarnymi cyrkoniami. Ich prostok\u0105tny kszta\u0142t i g\u0142\u0119boka czer\u0144 kamieni nadaj\u0105 im nowoczesnego, a zarazem wyrafinowanego charakteru. Idealne do wieczorowych stylizacji lub jako mocny akcent w codziennym looku. Dla kobiet, kt\u00f3re lubi\u0105 \u0142\u0105czy\u0107 klasyk\u0119 z odwag\u0105.<\/p>","protected":false},"featured_media":1962,"comment_status":"closed","ping_status":"closed","template":"","meta":{"om_disable_all_campaigns":false},"product_brand":[2284,2350],"product_cat":[199,1818,1817],"product_tag":[3059,2660,3056,3055,1396,2686,3057,3058,2455],"class_list":{"0":"post-13895","1":"product","2":"type-product","3":"status-publish","4":"has-post-thumbnail","6":"product_brand-staviori","7":"product_brand-verona","8":"product_cat-kolczyki","9":"product_cat-srebrne-kolczyki","10":"product_cat-srebro-2","11":"product_tag-bizuteria-glamour","12":"product_tag-eleganckie-kolczyki","13":"product_tag-js50999","14":"product_tag-kdk6316b","15":"product_tag-kolczyki-srebrne","16":"product_tag-kolczyki-wieczorowe","17":"product_tag-kolczyki-z-czarnymi-cyrkoniami","18":"product_tag-kolczyki-zatrzaskowe","19":"product_tag-rodowane-srebro","20":"pa_kamien-cyrkonia-czarna","21":"pa_kruszec-srebro-rodowane","22":"pa_proba-0-925","23":"pa_szerokosc-5mm","24":"pa_waga-4-90g","25":"pa_wymiary-10x10mm","26":"pa_zapiecie-angielskie","28":"first","29":"instock","30":"purchasable","31":"product-type-simple"},"aioseo_notices":[],"_links":{"self":[{"href":"https:\/\/staviori.com.pl\/en\/wp-json\/wp\/v2\/product\/13895","targetHints":{"allow":["GET"]}}],"collection":[{"href":"https:\/\/staviori.com.pl\/en\/wp-json\/wp\/v2\/product"}],"about":[{"href":"https:\/\/staviori.com.pl\/en\/wp-json\/wp\/v2\/types\/product"}],"replies":[{"embeddable":true,"href":"https:\/\/staviori.com.pl\/en\/wp-json\/wp\/v2\/comments?post=13895"}],"wp:featuredmedia":[{"embeddable":true,"href":"https:\/\/staviori.com.pl\/en\/wp-json\/wp\/v2\/media\/1962"}],"wp:attachment":[{"href":"https:\/\/staviori.com.pl\/en\/wp-json\/wp\/v2\/media?parent=13895"}],"wp:term":[{"taxonomy":"product_brand","embeddable":true,"href":"https:\/\/staviori.com.pl\/en\/wp-json\/wp\/v2\/product_brand?post=13895"},{"taxonomy":"product_cat","embeddable":true,"href":"https:\/\/staviori.com.pl\/en\/wp-json\/wp\/v2\/product_cat?post=13895"},{"taxonomy":"product_tag","embeddable":true,"href":"https:\/\/staviori.com.pl\/en\/wp-json\/wp\/v2\/product_tag?post=13895"}],"curies":[{"name":"wp","href":"https:\/\/api.w.org\/{rel}","templated":true}]}}