{"id":13894,"date":"2025-02-24T22:45:39","date_gmt":"2025-02-24T21:45:39","guid":{"rendered":"https:\/\/staviori.com.pl\/product\/srebrne-kolczyki-kdk6316\/"},"modified":"2026-04-20T01:14:36","modified_gmt":"2026-04-19T23:14:36","slug":"srebrne-kolczyki-kdk6316","status":"publish","type":"product","link":"https:\/\/staviori.com.pl\/en\/product\/srebrne-kolczyki-kdk6316\/","title":{"rendered":"Silver earrings with white zircons - KDK6316"},"content":{"rendered":"<p>Model: KDK6316<br \/>\nWaga ok. 4,90g<\/p>\n<p>Earrings.<br \/>\n0.925 rhodium-plated silver.<\/p>\n<p>Zirconia.<\/p>\n<p>Wymiary 10&#215;10 mm.<br \/>\n5 mm wide.<\/p>","protected":false},"excerpt":{"rendered":"<p>Stylowe kolczyki o geometrycznej formie, wykonane z rodowanego srebra pr\u00f3by 0,925, ozdobione l\u015bni\u0105cymi bia\u0142ymi cyrkoniami. Ich elegancki po\u0142ysk i kompaktowy rozmiar sprawiaj\u0105, \u017ce doskonale sprawdz\u0105 si\u0119 zar\u00f3wno w codziennych stylizacjach, jak i przy wyj\u0105tkowych okazjach. Zapi\u0119cie zatrzaskowe zapewnia komfort noszenia i bezpiecze\u0144stwo.<\/p>","protected":false},"featured_media":1960,"comment_status":"closed","ping_status":"closed","template":"","meta":{"om_disable_all_campaigns":false},"product_brand":[2284,2350],"product_cat":[199,1818,1817],"product_tag":[3063,2660,3056,3060,3062,3061,1396,2953,2455],"class_list":{"0":"post-13894","1":"product","2":"type-product","3":"status-publish","4":"has-post-thumbnail","6":"product_brand-staviori","7":"product_brand-verona","8":"product_cat-kolczyki","9":"product_cat-srebrne-kolczyki","10":"product_cat-srebro-2","11":"product_tag-bizuteria-na-co-dzien","12":"product_tag-eleganckie-kolczyki","13":"product_tag-js50999","14":"product_tag-kdk6316","15":"product_tag-kolczyki-klasyczne","16":"product_tag-kolczyki-na-zatrzask","17":"product_tag-kolczyki-srebrne","18":"product_tag-kolczyki-z-cyrkoniami","19":"product_tag-rodowane-srebro","20":"pa_kamien-cyrkonia","21":"pa_kruszec-srebro-rodowane","22":"pa_proba-0-925","23":"pa_szerokosc-5mm","24":"pa_waga-4-90g","25":"pa_wymiary-10x10mm","26":"pa_zapiecie-angielskie","28":"first","29":"instock","30":"purchasable","31":"product-type-simple"},"aioseo_notices":[],"_links":{"self":[{"href":"https:\/\/staviori.com.pl\/en\/wp-json\/wp\/v2\/product\/13894","targetHints":{"allow":["GET"]}}],"collection":[{"href":"https:\/\/staviori.com.pl\/en\/wp-json\/wp\/v2\/product"}],"about":[{"href":"https:\/\/staviori.com.pl\/en\/wp-json\/wp\/v2\/types\/product"}],"replies":[{"embeddable":true,"href":"https:\/\/staviori.com.pl\/en\/wp-json\/wp\/v2\/comments?post=13894"}],"wp:featuredmedia":[{"embeddable":true,"href":"https:\/\/staviori.com.pl\/en\/wp-json\/wp\/v2\/media\/1960"}],"wp:attachment":[{"href":"https:\/\/staviori.com.pl\/en\/wp-json\/wp\/v2\/media?parent=13894"}],"wp:term":[{"taxonomy":"product_brand","embeddable":true,"href":"https:\/\/staviori.com.pl\/en\/wp-json\/wp\/v2\/product_brand?post=13894"},{"taxonomy":"product_cat","embeddable":true,"href":"https:\/\/staviori.com.pl\/en\/wp-json\/wp\/v2\/product_cat?post=13894"},{"taxonomy":"product_tag","embeddable":true,"href":"https:\/\/staviori.com.pl\/en\/wp-json\/wp\/v2\/product_tag?post=13894"}],"curies":[{"name":"wp","href":"https:\/\/api.w.org\/{rel}","templated":true}]}}