{"id":13893,"date":"2025-02-24T22:45:39","date_gmt":"2025-02-24T21:45:39","guid":{"rendered":"https:\/\/staviori.com.pl\/product\/srebrne-kolczyki-kdk6311y\/"},"modified":"2026-04-17T10:56:29","modified_gmt":"2026-04-17T08:56:29","slug":"srebrne-kolczyki-kdk6311y","status":"publish","type":"product","link":"https:\/\/staviori.com.pl\/en\/product\/srebrne-kolczyki-kdk6311y\/","title":{"rendered":"Silver plated gold plated 35mm circle earrings - KDK6311Y"},"content":{"rendered":"<p>Model: KDK6311Y<br \/>\nWeight approx. 3.60g<\/p>\n<p>Earrings.<br \/>\nSilver 0.925 plated with yellow gold<\/p>\n<p>\u015arednica 35 mm.<br \/>\nThickness 3 mm.<\/p>","protected":false},"excerpt":{"rendered":"<p>Klasyczne kolczyki ko\u0142a o \u015brednicy 35 mm wykonane ze srebra pr\u00f3by 0,925, pokryte warstw\u0105 \u017c\u00f3\u0142tego z\u0142ota. Ich g\u0142adka, l\u015bni\u0105ca powierzchnia i ponadczasowa forma czyni\u0105 je uniwersalnym dodatkiem, kt\u00f3ry pasuje do ka\u017cdej stylizacji \u2014 zar\u00f3wno codziennej, jak i eleganckiej. Must-have w ka\u017cdej kolekcji bi\u017cuterii.<\/p>","protected":false},"featured_media":17729,"comment_status":"closed","ping_status":"closed","template":"","meta":{"om_disable_all_campaigns":false},"product_brand":[2284,2350],"product_cat":[199,1818,1817],"product_tag":[2877,5916,3847,3053,3054,2664,2682,1396,5825,2452,4630,5905,6847,2522],"class_list":{"0":"post-13893","1":"product","2":"type-product","3":"status-publish","4":"has-post-thumbnail","6":"product_brand-staviori","7":"product_brand-verona","8":"product_cat-kolczyki","9":"product_cat-srebrne-kolczyki","10":"product_cat-srebro-2","11":"product_tag-bizuteria-elegancka","12":"product_tag-gold-plated-earrings","13":"product_tag-hoop-earrings","14":"product_tag-j042397","15":"product_tag-kdk6311y","16":"product_tag-klasyczne-kolczyki","17":"product_tag-kolczyki-kola","18":"product_tag-kolczyki-srebrne","19":"product_tag-nausnice-kruhy","20":"product_tag-pozlacane","21":"product_tag-srebro-0-925","22":"product_tag-sterling-silver","23":"product_tag-vergoldete-ohrringe","24":"product_tag-zolte-zloto","25":"pa_grubosc-3mm","26":"pa_kruszec-srebro","27":"pa_proba-0-925","28":"pa_srednica-35mm","29":"pa_waga-3-60g","30":"pa_zapiecie-zatrzaskowe","32":"first","33":"instock","34":"purchasable","35":"product-type-simple"},"aioseo_notices":[],"_links":{"self":[{"href":"https:\/\/staviori.com.pl\/en\/wp-json\/wp\/v2\/product\/13893","targetHints":{"allow":["GET"]}}],"collection":[{"href":"https:\/\/staviori.com.pl\/en\/wp-json\/wp\/v2\/product"}],"about":[{"href":"https:\/\/staviori.com.pl\/en\/wp-json\/wp\/v2\/types\/product"}],"replies":[{"embeddable":true,"href":"https:\/\/staviori.com.pl\/en\/wp-json\/wp\/v2\/comments?post=13893"}],"wp:featuredmedia":[{"embeddable":true,"href":"https:\/\/staviori.com.pl\/en\/wp-json\/wp\/v2\/media\/17729"}],"wp:attachment":[{"href":"https:\/\/staviori.com.pl\/en\/wp-json\/wp\/v2\/media?parent=13893"}],"wp:term":[{"taxonomy":"product_brand","embeddable":true,"href":"https:\/\/staviori.com.pl\/en\/wp-json\/wp\/v2\/product_brand?post=13893"},{"taxonomy":"product_cat","embeddable":true,"href":"https:\/\/staviori.com.pl\/en\/wp-json\/wp\/v2\/product_cat?post=13893"},{"taxonomy":"product_tag","embeddable":true,"href":"https:\/\/staviori.com.pl\/en\/wp-json\/wp\/v2\/product_tag?post=13893"}],"curies":[{"name":"wp","href":"https:\/\/api.w.org\/{rel}","templated":true}]}}