{"id":13888,"date":"2025-02-24T22:45:39","date_gmt":"2025-02-24T21:45:39","guid":{"rendered":"https:\/\/staviori.com.pl\/product\/srebrne-kolczyki-kdk6236\/"},"modified":"2026-02-11T00:08:36","modified_gmt":"2026-02-10T23:08:36","slug":"srebrne-kolczyki-kdk6236","status":"publish","type":"product","link":"https:\/\/staviori.com.pl\/en\/product\/srebrne-kolczyki-kdk6236\/","title":{"rendered":"Silver star earrings - asymmetrical - KDK6236"},"content":{"rendered":"<p>Model: KDK6236<br \/>\nWeight approx. 1.15g<\/p>\n<p>Earrings.<br \/>\n0.925 silver.<\/p>\n<p>Height 6 mm.<br \/>\n12 mm high.<\/p>","protected":false},"excerpt":{"rendered":"<p>Nowoczesne kolczyki na sztyfcie wykonane ze srebra pr\u00f3by 0,925, zaprojektowane w asymetrycznej formie gwiazdek \u2013 jeden kolczyk przedstawia jedn\u0105 gwiazd\u0119, drugi dwie. Ten oryginalny i minimalistyczny projekt przyci\u0105ga uwag\u0119 i nadaje stylizacji odrobin\u0119 kosmicznego uroku. Idealne dla kobiet, kt\u00f3re lubi\u0105 modow\u0105 zabaw\u0119 i niebanalne dodatki.<\/p>","protected":false},"featured_media":1927,"comment_status":"closed","ping_status":"closed","template":"","meta":{"om_disable_all_campaigns":false},"product_brand":[2284,2350],"product_cat":[199,1818,1817],"product_tag":[3031,3032],"class_list":{"0":"post-13888","1":"product","2":"type-product","3":"status-publish","4":"has-post-thumbnail","6":"product_brand-staviori","7":"product_brand-verona","8":"product_cat-kolczyki","9":"product_cat-srebrne-kolczyki","10":"product_cat-srebro-2","11":"product_tag-ikr0184","12":"product_tag-kdk6236","13":"pa_kruszec-srebro","14":"pa_proba-0-925","15":"pa_waga-115g","16":"pa_wysokosc-6mm","17":"pa_zapiecie-sztyft","19":"first","20":"instock","21":"purchasable","22":"product-type-simple"},"aioseo_notices":[],"_links":{"self":[{"href":"https:\/\/staviori.com.pl\/en\/wp-json\/wp\/v2\/product\/13888","targetHints":{"allow":["GET"]}}],"collection":[{"href":"https:\/\/staviori.com.pl\/en\/wp-json\/wp\/v2\/product"}],"about":[{"href":"https:\/\/staviori.com.pl\/en\/wp-json\/wp\/v2\/types\/product"}],"replies":[{"embeddable":true,"href":"https:\/\/staviori.com.pl\/en\/wp-json\/wp\/v2\/comments?post=13888"}],"wp:featuredmedia":[{"embeddable":true,"href":"https:\/\/staviori.com.pl\/en\/wp-json\/wp\/v2\/media\/1927"}],"wp:attachment":[{"href":"https:\/\/staviori.com.pl\/en\/wp-json\/wp\/v2\/media?parent=13888"}],"wp:term":[{"taxonomy":"product_brand","embeddable":true,"href":"https:\/\/staviori.com.pl\/en\/wp-json\/wp\/v2\/product_brand?post=13888"},{"taxonomy":"product_cat","embeddable":true,"href":"https:\/\/staviori.com.pl\/en\/wp-json\/wp\/v2\/product_cat?post=13888"},{"taxonomy":"product_tag","embeddable":true,"href":"https:\/\/staviori.com.pl\/en\/wp-json\/wp\/v2\/product_tag?post=13888"}],"curies":[{"name":"wp","href":"https:\/\/api.w.org\/{rel}","templated":true}]}}