{"id":13887,"date":"2025-02-24T22:45:39","date_gmt":"2025-02-24T21:45:39","guid":{"rendered":"https:\/\/staviori.com.pl\/product\/srebrne-kolczyki-kdk6157\/"},"modified":"2026-02-11T00:08:36","modified_gmt":"2026-02-10T23:08:36","slug":"srebrne-kolczyki-kdk6157","status":"publish","type":"product","link":"https:\/\/staviori.com.pl\/en\/product\/srebrne-kolczyki-kdk6157\/","title":{"rendered":"Srebrne kolczyki z cyrkoniami &#8211; KDK6157"},"content":{"rendered":"<p>Model: KDK6157<br \/>\nWeight approx. 3.10g<\/p>\n<p>Earrings.<br \/>\n0.925 rhodium-plated silver.<br \/>\nZirconia.<\/p>\n<p>\u015arednica 11 mm.<br \/>\nLength 15 mm.<\/p>","protected":false},"excerpt":{"rendered":"<p>Model: KDK6157 Waga ok. 3,10g Kolczyki. Srebro rodowane 0,925. Cyrkonia. \u015arednica 11 mm. D\u0142ugo\u015b\u0107 15 mm.<\/p>","protected":false},"featured_media":1925,"comment_status":"closed","ping_status":"closed","template":"","meta":{"om_disable_all_campaigns":false},"product_brand":[2284],"product_cat":[199,1818,1817],"product_tag":[2932,3033],"class_list":{"0":"post-13887","1":"product","2":"type-product","3":"status-publish","4":"has-post-thumbnail","6":"product_brand-staviori","7":"product_cat-kolczyki","8":"product_cat-srebrne-kolczyki","9":"product_cat-srebro-2","10":"product_tag-cyrkonie","11":"product_tag-kdk6157","12":"pa_dlugosc-15mm","13":"pa_kamien-cyrkonia","14":"pa_kruszec-srebro-rodowane","15":"pa_proba-0-925","16":"pa_srednica-11mm","17":"pa_waga-3-10g","18":"pa_zapiecie-sztyft","20":"first","21":"instock","22":"purchasable","23":"product-type-simple"},"aioseo_notices":[],"_links":{"self":[{"href":"https:\/\/staviori.com.pl\/en\/wp-json\/wp\/v2\/product\/13887","targetHints":{"allow":["GET"]}}],"collection":[{"href":"https:\/\/staviori.com.pl\/en\/wp-json\/wp\/v2\/product"}],"about":[{"href":"https:\/\/staviori.com.pl\/en\/wp-json\/wp\/v2\/types\/product"}],"replies":[{"embeddable":true,"href":"https:\/\/staviori.com.pl\/en\/wp-json\/wp\/v2\/comments?post=13887"}],"wp:featuredmedia":[{"embeddable":true,"href":"https:\/\/staviori.com.pl\/en\/wp-json\/wp\/v2\/media\/1925"}],"wp:attachment":[{"href":"https:\/\/staviori.com.pl\/en\/wp-json\/wp\/v2\/media?parent=13887"}],"wp:term":[{"taxonomy":"product_brand","embeddable":true,"href":"https:\/\/staviori.com.pl\/en\/wp-json\/wp\/v2\/product_brand?post=13887"},{"taxonomy":"product_cat","embeddable":true,"href":"https:\/\/staviori.com.pl\/en\/wp-json\/wp\/v2\/product_cat?post=13887"},{"taxonomy":"product_tag","embeddable":true,"href":"https:\/\/staviori.com.pl\/en\/wp-json\/wp\/v2\/product_tag?post=13887"}],"curies":[{"name":"wp","href":"https:\/\/api.w.org\/{rel}","templated":true}]}}