{"id":13876,"date":"2025-02-24T22:45:37","date_gmt":"2025-02-24T21:45:37","guid":{"rendered":"https:\/\/staviori.com.pl\/product\/srebrne-kolczyki-kdk5796\/"},"modified":"2026-02-11T00:08:36","modified_gmt":"2026-02-10T23:08:36","slug":"srebrne-kolczyki-kdk5796","status":"publish","type":"product","link":"https:\/\/staviori.com.pl\/en\/product\/srebrne-kolczyki-kdk5796\/","title":{"rendered":"Silver long pendant earrings - KDK5796"},"content":{"rendered":"<p>Model: KDK5796<br \/>\nWeight approx. 1.80g<\/p>\n<p>Earrings.<br \/>\n0.925 rhodium-plated silver.<br \/>\nD\u0142ugo\u015b\u0107 52 mm.<\/p>","protected":false},"excerpt":{"rendered":"<p>Staviori Kolczyki. Srebro rodowane 0,925. D\u0142ugo\u015b\u0107 52 mm.<\/p>","protected":false},"featured_media":1889,"comment_status":"closed","ping_status":"closed","template":"","meta":{"om_disable_all_campaigns":false},"product_brand":[2284],"product_cat":[199,1818,1817],"product_tag":[3007,2858,3006,3005,2942,2980],"class_list":{"0":"post-13876","1":"product","2":"type-product","3":"status-publish","4":"has-post-thumbnail","6":"product_brand-staviori","7":"product_cat-kolczyki","8":"product_cat-srebrne-kolczyki","9":"product_cat-srebro-2","10":"product_tag-delikatne","11":"product_tag-delikatne-kolczyki","12":"product_tag-dlugie","13":"product_tag-kdk5796","14":"product_tag-srebrne-kolczyki","15":"product_tag-wiszace","16":"pa_dlugosc-52mm","17":"pa_kruszec-srebro-rodowane","18":"pa_proba-0-925","19":"pa_waga-180g","21":"first","22":"instock","23":"purchasable","24":"product-type-simple"},"aioseo_notices":[],"_links":{"self":[{"href":"https:\/\/staviori.com.pl\/en\/wp-json\/wp\/v2\/product\/13876","targetHints":{"allow":["GET"]}}],"collection":[{"href":"https:\/\/staviori.com.pl\/en\/wp-json\/wp\/v2\/product"}],"about":[{"href":"https:\/\/staviori.com.pl\/en\/wp-json\/wp\/v2\/types\/product"}],"replies":[{"embeddable":true,"href":"https:\/\/staviori.com.pl\/en\/wp-json\/wp\/v2\/comments?post=13876"}],"wp:featuredmedia":[{"embeddable":true,"href":"https:\/\/staviori.com.pl\/en\/wp-json\/wp\/v2\/media\/1889"}],"wp:attachment":[{"href":"https:\/\/staviori.com.pl\/en\/wp-json\/wp\/v2\/media?parent=13876"}],"wp:term":[{"taxonomy":"product_brand","embeddable":true,"href":"https:\/\/staviori.com.pl\/en\/wp-json\/wp\/v2\/product_brand?post=13876"},{"taxonomy":"product_cat","embeddable":true,"href":"https:\/\/staviori.com.pl\/en\/wp-json\/wp\/v2\/product_cat?post=13876"},{"taxonomy":"product_tag","embeddable":true,"href":"https:\/\/staviori.com.pl\/en\/wp-json\/wp\/v2\/product_tag?post=13876"}],"curies":[{"name":"wp","href":"https:\/\/api.w.org\/{rel}","templated":true}]}}