{"id":13870,"date":"2025-02-24T22:45:37","date_gmt":"2025-02-24T21:45:37","guid":{"rendered":"https:\/\/staviori.com.pl\/product\/srebrne-kolczyki-kdk5598\/"},"modified":"2026-04-13T19:38:17","modified_gmt":"2026-04-13T17:38:17","slug":"srebrne-kolczyki-kdk5598","status":"publish","type":"product","link":"https:\/\/staviori.com.pl\/en\/product\/srebrne-kolczyki-kdk5598\/","title":{"rendered":"Silver pendant earrings - KDK5598"},"content":{"rendered":"<p>Model: KDK5598<br \/>\nWeight approx. 3.30g<\/p>\n<p>Earrings.<br \/>\nSrebro 0.925.<\/p>\n<p>D\u0142ugo\u015b\u0107 40 mm.<\/p>","protected":false},"excerpt":{"rendered":"<p>Subtelne i niezwykle eleganckie srebrne kolczyki wisz\u0105ce o kszta\u0142cie smuk\u0142ych kropli. Wykonane z najwy\u017cszej jako\u015bci srebra pr\u00f3by 0,925, zachwycaj\u0105 minimalistycznym wzornictwem i pi\u0119knym po\u0142yskiem. Doskona\u0142e na ka\u017cd\u0105 okazj\u0119 \u2013 zar\u00f3wno do codziennego stroju, jak i bardziej formalnych stylizacji. Ich delikatna forma podkre\u015bla kobiec\u0105 subtelno\u015b\u0107 i klas\u0119.<\/p>","protected":false},"featured_media":1859,"comment_status":"closed","ping_status":"closed","template":"","meta":{"om_disable_all_campaigns":false},"product_brand":[2284,2350],"product_cat":[199,1818,1817],"product_tag":[2660,2603,3017,2770,2384,2942,2427],"class_list":{"0":"post-13870","1":"product","2":"type-product","3":"status-publish","4":"has-post-thumbnail","6":"product_brand-staviori","7":"product_brand-verona","8":"product_cat-kolczyki","9":"product_cat-srebrne-kolczyki","10":"product_cat-srebro-2","11":"product_tag-eleganckie-kolczyki","12":"product_tag-klasyczna-bizuteria","13":"product_tag-kolczyki-krople","14":"product_tag-kolczyki-wiszace","15":"product_tag-minimalistyczna-bizuteria","16":"product_tag-srebrne-kolczyki","17":"product_tag-srebro-925","18":"pa_dlugosc-40mm","19":"pa_kruszec-srebro","20":"pa_proba-0-925","21":"pa_waga-3-30g","22":"pa_zapiecie-angielskie","23":"pa_zapiecie-bigiel-zamniety","25":"first","26":"instock","27":"purchasable","28":"product-type-simple"},"aioseo_notices":[],"_links":{"self":[{"href":"https:\/\/staviori.com.pl\/en\/wp-json\/wp\/v2\/product\/13870","targetHints":{"allow":["GET"]}}],"collection":[{"href":"https:\/\/staviori.com.pl\/en\/wp-json\/wp\/v2\/product"}],"about":[{"href":"https:\/\/staviori.com.pl\/en\/wp-json\/wp\/v2\/types\/product"}],"replies":[{"embeddable":true,"href":"https:\/\/staviori.com.pl\/en\/wp-json\/wp\/v2\/comments?post=13870"}],"wp:featuredmedia":[{"embeddable":true,"href":"https:\/\/staviori.com.pl\/en\/wp-json\/wp\/v2\/media\/1859"}],"wp:attachment":[{"href":"https:\/\/staviori.com.pl\/en\/wp-json\/wp\/v2\/media?parent=13870"}],"wp:term":[{"taxonomy":"product_brand","embeddable":true,"href":"https:\/\/staviori.com.pl\/en\/wp-json\/wp\/v2\/product_brand?post=13870"},{"taxonomy":"product_cat","embeddable":true,"href":"https:\/\/staviori.com.pl\/en\/wp-json\/wp\/v2\/product_cat?post=13870"},{"taxonomy":"product_tag","embeddable":true,"href":"https:\/\/staviori.com.pl\/en\/wp-json\/wp\/v2\/product_tag?post=13870"}],"curies":[{"name":"wp","href":"https:\/\/api.w.org\/{rel}","templated":true}]}}