{"id":13868,"date":"2025-02-24T22:45:37","date_gmt":"2025-02-24T21:45:37","guid":{"rendered":"https:\/\/staviori.com.pl\/product\/srebrne-kolczyki-kdk5568\/"},"modified":"2026-02-11T00:08:36","modified_gmt":"2026-02-10T23:08:36","slug":"srebrne-kolczyki-kdk5568","status":"publish","type":"product","link":"https:\/\/staviori.com.pl\/en\/product\/srebrne-kolczyki-kdk5568\/","title":{"rendered":"Silver geomentric earrings KDK5568"},"content":{"rendered":"<p>Model: KDK5568<br \/>\nWaga ok. 2.0g<\/p>\n<p>Earrings.<br \/>\nSrebro 0.925.<br \/>\nD\u0142ugo\u015b\u0107 9 mm.<br \/>\nSzeroko\u015b\u0107 9.5 mm.<br \/>\n5 mm thick.<\/p>","protected":false},"excerpt":{"rendered":"<p>Nowoczesne kolczyki wykonane ze srebra pr\u00f3by 0,925 zachwycaj\u0105 swoj\u0105 geometryczn\u0105 form\u0105 i satynowym wyko\u0144czeniem. Ich subtelny po\u0142ysk oraz oryginalny, tr\u00f3jk\u0105tny kszta\u0142t sprawiaj\u0105, \u017ce stanowi\u0105 wyj\u0105tkowy akcent w ka\u017cdej stylizacji. Idealne dla kobiet ceni\u0105cych minimalizm, elegancj\u0119 i bi\u017cuteri\u0119 z charakterem.<\/p>","protected":false},"featured_media":1851,"comment_status":"closed","ping_status":"closed","template":"","meta":{"om_disable_all_campaigns":false},"product_brand":[2284],"product_cat":[199,1818,1817],"product_tag":[2704,5829,3158,1396,6853,6854,6845,5830,5820,4630,6855,5905],"class_list":{"0":"post-13868","1":"product","2":"type-product","3":"status-publish","4":"has-post-thumbnail","6":"product_brand-staviori","7":"product_cat-kolczyki","8":"product_cat-srebrne-kolczyki","9":"product_cat-srebro-2","10":"product_tag-bizuteria-minimalistyczna","11":"product_tag-geometric-earrings","12":"product_tag-kolczyki-geometryczne","13":"product_tag-kolczyki-srebrne","14":"product_tag-matowe-kolczyki","15":"product_tag-matte-earrings","16":"product_tag-moderne-ohrringe","17":"product_tag-nausnice-geometricke","18":"product_tag-silver-earrings","19":"product_tag-srebro-0-925","20":"product_tag-srebro-satynowane","21":"product_tag-sterling-silver","22":"pa_dlugosc-9mm","23":"pa_kruszec-srebro","24":"pa_proba-0-925","25":"pa_szerokosc-9-5mm","26":"pa_waga-2-00","28":"first","29":"instock","30":"purchasable","31":"product-type-simple"},"aioseo_notices":[],"_links":{"self":[{"href":"https:\/\/staviori.com.pl\/en\/wp-json\/wp\/v2\/product\/13868","targetHints":{"allow":["GET"]}}],"collection":[{"href":"https:\/\/staviori.com.pl\/en\/wp-json\/wp\/v2\/product"}],"about":[{"href":"https:\/\/staviori.com.pl\/en\/wp-json\/wp\/v2\/types\/product"}],"replies":[{"embeddable":true,"href":"https:\/\/staviori.com.pl\/en\/wp-json\/wp\/v2\/comments?post=13868"}],"wp:featuredmedia":[{"embeddable":true,"href":"https:\/\/staviori.com.pl\/en\/wp-json\/wp\/v2\/media\/1851"}],"wp:attachment":[{"href":"https:\/\/staviori.com.pl\/en\/wp-json\/wp\/v2\/media?parent=13868"}],"wp:term":[{"taxonomy":"product_brand","embeddable":true,"href":"https:\/\/staviori.com.pl\/en\/wp-json\/wp\/v2\/product_brand?post=13868"},{"taxonomy":"product_cat","embeddable":true,"href":"https:\/\/staviori.com.pl\/en\/wp-json\/wp\/v2\/product_cat?post=13868"},{"taxonomy":"product_tag","embeddable":true,"href":"https:\/\/staviori.com.pl\/en\/wp-json\/wp\/v2\/product_tag?post=13868"}],"curies":[{"name":"wp","href":"https:\/\/api.w.org\/{rel}","templated":true}]}}