{"id":13866,"date":"2025-02-24T22:45:37","date_gmt":"2025-02-24T21:45:37","guid":{"rendered":"https:\/\/staviori.com.pl\/product\/srebrne-kolczyki-kdk5562\/"},"modified":"2026-02-11T00:08:36","modified_gmt":"2026-02-10T23:08:36","slug":"srebrne-kolczyki-kdk5562","status":"publish","type":"product","link":"https:\/\/staviori.com.pl\/en\/product\/srebrne-kolczyki-kdk5562\/","title":{"rendered":"Children's silver enamel earrings - owls - KDK5562"},"content":{"rendered":"<p>Model: KDK5562<br \/>\nWaga ok. 1,5g<\/p>\n<p>Earrings.<br \/>\nSrebro 0.925.<br \/>\nEnamel.<\/p>\n<p>D\u0142ugo\u015b\u0107 10 mm.<\/p>","protected":false},"excerpt":{"rendered":"<p>Weso\u0142e i kolorowe kolczyki na sztyfcie w kszta\u0142cie niebieskich s\u00f3wek, wykonane ze srebra pr\u00f3by 0,925 i ozdobione emali\u0105. Uroczy wz\u00f3r z serduszkami w skrzyde\u0142kach sprawia, \u017ce kolczyki s\u0105 idealnym dodatkiem dla dzieci lub mi\u0142o\u015bniczek zabawnej, nieformalnej bi\u017cuterii. Doskona\u0142e na prezent \u2013 przyci\u0105gaj\u0105 wzrok i wywo\u0142uj\u0105 u\u015bmiech.<\/p>","protected":false},"featured_media":17708,"comment_status":"closed","ping_status":"closed","template":"","meta":{"om_disable_all_campaigns":false},"product_brand":[2284],"product_cat":[199,1818,1817],"product_tag":[6857,3026,3027,3286,6856,2944],"class_list":{"0":"post-13866","1":"product","2":"type-product","3":"status-publish","4":"has-post-thumbnail","6":"product_brand-staviori","7":"product_cat-kolczyki","8":"product_cat-srebrne-kolczyki","9":"product_cat-srebro-2","10":"product_tag-dziewczece","11":"product_tag-ikeb264","12":"product_tag-kdk5562","13":"product_tag-kolczyki-dzieciece","14":"product_tag-kolczyki-sowy","15":"product_tag-kolczyki-z-emalia","16":"pa_dlugosc-10mm","17":"pa_kamien-emalia","18":"pa_kruszec-srebro","19":"pa_proba-0-925","20":"pa_waga-1-50g","21":"pa_zapiecie-sztyft","23":"first","24":"instock","25":"purchasable","26":"product-type-simple"},"aioseo_notices":[],"_links":{"self":[{"href":"https:\/\/staviori.com.pl\/en\/wp-json\/wp\/v2\/product\/13866","targetHints":{"allow":["GET"]}}],"collection":[{"href":"https:\/\/staviori.com.pl\/en\/wp-json\/wp\/v2\/product"}],"about":[{"href":"https:\/\/staviori.com.pl\/en\/wp-json\/wp\/v2\/types\/product"}],"replies":[{"embeddable":true,"href":"https:\/\/staviori.com.pl\/en\/wp-json\/wp\/v2\/comments?post=13866"}],"wp:featuredmedia":[{"embeddable":true,"href":"https:\/\/staviori.com.pl\/en\/wp-json\/wp\/v2\/media\/17708"}],"wp:attachment":[{"href":"https:\/\/staviori.com.pl\/en\/wp-json\/wp\/v2\/media?parent=13866"}],"wp:term":[{"taxonomy":"product_brand","embeddable":true,"href":"https:\/\/staviori.com.pl\/en\/wp-json\/wp\/v2\/product_brand?post=13866"},{"taxonomy":"product_cat","embeddable":true,"href":"https:\/\/staviori.com.pl\/en\/wp-json\/wp\/v2\/product_cat?post=13866"},{"taxonomy":"product_tag","embeddable":true,"href":"https:\/\/staviori.com.pl\/en\/wp-json\/wp\/v2\/product_tag?post=13866"}],"curies":[{"name":"wp","href":"https:\/\/api.w.org\/{rel}","templated":true}]}}