{"id":13854,"date":"2025-02-24T22:45:30","date_gmt":"2025-02-24T21:45:30","guid":{"rendered":"https:\/\/staviori.com.pl\/product\/srebrne-kolczyki-kdk5342\/"},"modified":"2026-03-16T06:51:18","modified_gmt":"2026-03-16T05:51:18","slug":"srebrne-kolczyki-kdk5342","status":"publish","type":"product","link":"https:\/\/staviori.com.pl\/en\/product\/srebrne-kolczyki-kdk5342\/","title":{"rendered":"Silver 12mm circle earrings with zirconia - KDK5342"},"content":{"rendered":"<p>Model: KDK5342<br \/>\nWeight approx. 1.80g<\/p>\n<p>Earrings.<br \/>\nSrebro rodowane 0.925.<br \/>\nZirconia.<\/p>\n<p>\u015arednica 12mm.<\/p>","protected":false},"excerpt":{"rendered":"<p>Stylowe kolczyki na sztyfcie wykonane z rodowanego srebra pr\u00f3by 0,925 to elegancja w najczystszej postaci. Ich okr\u0105g\u0142y kszta\u0142t o \u015brednicy 12 mm zosta\u0142 ozdobiony l\u015bni\u0105cymi cyrkoniami, kt\u00f3re nadaj\u0105 im wyj\u0105tkowego blasku i klasy. To doskona\u0142y wyb\u00f3r dla kobiet, kt\u00f3re ceni\u0105 sobie szyk i ponadczasowy design. Idealne zar\u00f3wno do codziennych stylizacji, jak i na wyj\u0105tkowe okazje.<\/p>","protected":false},"featured_media":17643,"comment_status":"closed","ping_status":"closed","template":"","meta":{"om_disable_all_campaigns":false},"product_brand":[2284,2350],"product_cat":[199,1818,1817],"product_tag":[2959,2956,2317,2957,2457,2958,2664,2954,2953,2942,2426],"class_list":{"0":"post-13854","1":"product","2":"type-product","3":"status-publish","4":"has-post-thumbnail","6":"product_brand-staviori","7":"product_brand-verona","8":"product_cat-kolczyki","9":"product_cat-srebrne-kolczyki","10":"product_cat-srebro-2","11":"product_tag-blyszczace-kolczyki","12":"product_tag-codzienna-bizuteria","13":"product_tag-elegancka-bizuteria","14":"product_tag-ikcw184","15":"product_tag-impreza","16":"product_tag-kdk5342","17":"product_tag-klasyczne-kolczyki","18":"product_tag-kolczyki-na-sztyfcie","19":"product_tag-kolczyki-z-cyrkoniami","20":"product_tag-srebrne-kolczyki","21":"product_tag-srebro-rodowane","22":"pa_kamien-cyrkonia","23":"pa_kruszec-srebro","24":"pa_kruszec-srebro-rodowane","25":"pa_proba-0-925","26":"pa_srednica-12mm","27":"pa_waga-1-80g","29":"first","30":"instock","31":"purchasable","32":"product-type-simple"},"aioseo_notices":[],"_links":{"self":[{"href":"https:\/\/staviori.com.pl\/en\/wp-json\/wp\/v2\/product\/13854","targetHints":{"allow":["GET"]}}],"collection":[{"href":"https:\/\/staviori.com.pl\/en\/wp-json\/wp\/v2\/product"}],"about":[{"href":"https:\/\/staviori.com.pl\/en\/wp-json\/wp\/v2\/types\/product"}],"replies":[{"embeddable":true,"href":"https:\/\/staviori.com.pl\/en\/wp-json\/wp\/v2\/comments?post=13854"}],"wp:featuredmedia":[{"embeddable":true,"href":"https:\/\/staviori.com.pl\/en\/wp-json\/wp\/v2\/media\/17643"}],"wp:attachment":[{"href":"https:\/\/staviori.com.pl\/en\/wp-json\/wp\/v2\/media?parent=13854"}],"wp:term":[{"taxonomy":"product_brand","embeddable":true,"href":"https:\/\/staviori.com.pl\/en\/wp-json\/wp\/v2\/product_brand?post=13854"},{"taxonomy":"product_cat","embeddable":true,"href":"https:\/\/staviori.com.pl\/en\/wp-json\/wp\/v2\/product_cat?post=13854"},{"taxonomy":"product_tag","embeddable":true,"href":"https:\/\/staviori.com.pl\/en\/wp-json\/wp\/v2\/product_tag?post=13854"}],"curies":[{"name":"wp","href":"https:\/\/api.w.org\/{rel}","templated":true}]}}