{"id":13846,"date":"2025-02-24T22:45:30","date_gmt":"2025-02-24T21:45:30","guid":{"rendered":"https:\/\/staviori.com.pl\/product\/srebrne-kolczyki-kdc1997\/"},"modified":"2026-03-16T07:22:00","modified_gmt":"2026-03-16T06:22:00","slug":"srebrne-kolczyki-kdc1997","status":"publish","type":"product","link":"https:\/\/staviori.com.pl\/en\/product\/srebrne-kolczyki-kdc1997\/","title":{"rendered":"Silver small square earrings with black zirconia"},"content":{"rendered":"<p>Model: KDC1997<br \/>\nWaga ok. 0,50g<\/p>\n<p>Earrings.<br \/>\n0.925 rhodium-plated silver.<br \/>\nZirconia Black.<\/p>\n<p>3 mm wide.<\/p>","protected":false},"excerpt":{"rendered":"<p>Minimalistyczne kolczyki na sztyfcie wykonane z rodowanego srebra pr\u00f3by 0,925 to propozycja dla kobiet ceni\u0105cych subtelno\u015b\u0107 z nut\u0105 tajemniczo\u015bci. Osadzone w klasycznych czterech \u0142apkach czarne cyrkonie o szlifie kwadratowym dodaj\u0105 elegancji i wyrafinowania. Idealne zar\u00f3wno na co dzie\u0144, jak i do wieczorowych stylizacji \u2013 ma\u0142e, ale z charakterem.<\/p>","protected":false},"featured_media":1785,"comment_status":"closed","ping_status":"closed","template":"","meta":{"om_disable_all_campaigns":false},"product_brand":[2284,2350],"product_cat":[199,1818,1817],"product_tag":[2660,2968,2969,2664,2954,2970,2706,2384,2942,2426],"class_list":{"0":"post-13846","1":"product","2":"type-product","3":"status-publish","4":"has-post-thumbnail","6":"product_brand-staviori","7":"product_brand-verona","8":"product_cat-kolczyki","9":"product_cat-srebrne-kolczyki","10":"product_cat-srebro-2","11":"product_tag-eleganckie-kolczyki","12":"product_tag-ikcm006","13":"product_tag-kdc1997","14":"product_tag-klasyczne-kolczyki","15":"product_tag-kolczyki-na-sztyfcie","16":"product_tag-kolczyki-z-czarna-cyrkonia","17":"product_tag-male-kolczyki","18":"product_tag-minimalistyczna-bizuteria","19":"product_tag-srebrne-kolczyki","20":"product_tag-srebro-rodowane","21":"pa_kamien-cyrkonia-czarna","22":"pa_kruszec-srebro-rodowane","23":"pa_proba-0-925","24":"pa_szerokosc-3mm","25":"pa_waga-0-55g","26":"pa_zapiecie-sztyft","28":"first","29":"instock","30":"purchasable","31":"product-type-simple"},"aioseo_notices":[],"_links":{"self":[{"href":"https:\/\/staviori.com.pl\/en\/wp-json\/wp\/v2\/product\/13846","targetHints":{"allow":["GET"]}}],"collection":[{"href":"https:\/\/staviori.com.pl\/en\/wp-json\/wp\/v2\/product"}],"about":[{"href":"https:\/\/staviori.com.pl\/en\/wp-json\/wp\/v2\/types\/product"}],"replies":[{"embeddable":true,"href":"https:\/\/staviori.com.pl\/en\/wp-json\/wp\/v2\/comments?post=13846"}],"wp:featuredmedia":[{"embeddable":true,"href":"https:\/\/staviori.com.pl\/en\/wp-json\/wp\/v2\/media\/1785"}],"wp:attachment":[{"href":"https:\/\/staviori.com.pl\/en\/wp-json\/wp\/v2\/media?parent=13846"}],"wp:term":[{"taxonomy":"product_brand","embeddable":true,"href":"https:\/\/staviori.com.pl\/en\/wp-json\/wp\/v2\/product_brand?post=13846"},{"taxonomy":"product_cat","embeddable":true,"href":"https:\/\/staviori.com.pl\/en\/wp-json\/wp\/v2\/product_cat?post=13846"},{"taxonomy":"product_tag","embeddable":true,"href":"https:\/\/staviori.com.pl\/en\/wp-json\/wp\/v2\/product_tag?post=13846"}],"curies":[{"name":"wp","href":"https:\/\/api.w.org\/{rel}","templated":true}]}}