{"id":13837,"date":"2025-02-24T22:45:30","date_gmt":"2025-02-24T21:45:30","guid":{"rendered":"https:\/\/staviori.com.pl\/product\/kolczyk-z-brylantami-kbd6093\/"},"modified":"2026-02-11T00:08:34","modified_gmt":"2026-02-10T23:08:34","slug":"kolczyk-z-brylantami-kbd6093","status":"publish","type":"product","link":"https:\/\/staviori.com.pl\/en\/product\/kolczyk-z-brylantami-kbd6093\/","title":{"rendered":"Marquise, pear-shaped white gold earrings with diamonds - KBD6093"},"content":{"rendered":"<p>Model: KBD6093<br \/>\nWeight approx. 2.50g<\/p>\n<p>Earrings.<br \/>\nWhite Gold 0.750.<br \/>\n2 Diamenty, szlif markiza, o masie 0,18ct, barwa G, czysto\u015b\u0107 VS1-SI2.<br \/>\n4 Diamenty, szlif gruszka, o masie 0,56ct, barwa G, czysto\u015b\u0107 VS1-SI2.<br \/>\n14 Diament\u00f3w, szlif brylantowy, o masie 0,24ct, barwa G, czysto\u015b\u0107 VS1-SI2.<\/p>\n<p>Can be manufactured in a different gold colour.<\/p>\n<p><strong>Product available on request only, lead time approx. 2 weeks.<\/strong><\/p>","protected":false},"excerpt":{"rendered":"<p>These dazzling 18ct white gold earrings are stunning with their floral motif created by combining different cut diamonds. Subtle marquises, striking pears and brilliant diamonds create a composition full of sparkle and lightness. An ideal choice for women who appreciate elegance and sophisticated style. Jewellery that highlights special moments and adds charm to any styling.<\/p>","protected":false},"featured_media":1727,"comment_status":"closed","ping_status":"closed","template":"","meta":{"om_disable_all_campaigns":false},"product_brand":[2284],"product_cat":[1803,1838,1990,199],"product_tag":[3000],"class_list":{"0":"post-13837","1":"product","2":"type-product","3":"status-publish","4":"has-post-thumbnail","6":"product_brand-staviori","7":"product_cat-brylanty-exclusive","8":"product_cat-diamenty","9":"product_cat-kolczyk-z-brylantami","10":"product_cat-kolczyki","11":"product_tag-kbd6093","12":"pa_barwa-g-2","13":"pa_czystosc-vs1","14":"pa_dostawca-hosgor","15":"pa_kamien-brylanty","16":"pa_kamien-diamenty-o-szlifie-gruszkowym","17":"pa_kamien-diamenty-o-szlifie-markizowym","18":"pa_kolor-biale","19":"pa_kruszec-zloto","20":"pa_proba-0-750","21":"pa_waga-2-50g","22":"pa_zapiecie-sztyft","24":"first","25":"onbackorder","26":"purchasable","27":"product-type-simple"},"aioseo_notices":[],"_links":{"self":[{"href":"https:\/\/staviori.com.pl\/en\/wp-json\/wp\/v2\/product\/13837","targetHints":{"allow":["GET"]}}],"collection":[{"href":"https:\/\/staviori.com.pl\/en\/wp-json\/wp\/v2\/product"}],"about":[{"href":"https:\/\/staviori.com.pl\/en\/wp-json\/wp\/v2\/types\/product"}],"replies":[{"embeddable":true,"href":"https:\/\/staviori.com.pl\/en\/wp-json\/wp\/v2\/comments?post=13837"}],"wp:featuredmedia":[{"embeddable":true,"href":"https:\/\/staviori.com.pl\/en\/wp-json\/wp\/v2\/media\/1727"}],"wp:attachment":[{"href":"https:\/\/staviori.com.pl\/en\/wp-json\/wp\/v2\/media?parent=13837"}],"wp:term":[{"taxonomy":"product_brand","embeddable":true,"href":"https:\/\/staviori.com.pl\/en\/wp-json\/wp\/v2\/product_brand?post=13837"},{"taxonomy":"product_cat","embeddable":true,"href":"https:\/\/staviori.com.pl\/en\/wp-json\/wp\/v2\/product_cat?post=13837"},{"taxonomy":"product_tag","embeddable":true,"href":"https:\/\/staviori.com.pl\/en\/wp-json\/wp\/v2\/product_tag?post=13837"}],"curies":[{"name":"wp","href":"https:\/\/api.w.org\/{rel}","templated":true}]}}