{"id":13821,"date":"2025-02-24T22:45:25","date_gmt":"2025-02-24T21:45:25","guid":{"rendered":"https:\/\/staviori.com.pl\/product\/bizuteria-inwestycyjna-kolczyk-kbd4049\/"},"modified":"2026-02-11T00:08:34","modified_gmt":"2026-02-10T23:08:34","slug":"bizuteria-inwestycyjna-kolczyk-kbd4049","status":"publish","type":"product","link":"https:\/\/staviori.com.pl\/en\/product\/bizuteria-inwestycyjna-kolczyk-kbd4049\/","title":{"rendered":"Exclusive | pendant boho white gold 750 earrings with topazes and diamonds"},"content":{"rendered":"<p>Model: DSE1637T<br \/>\nWaga ok. 7,36g<\/p>\n<p>Earrings.<br \/>\nWhite Gold 0.750.<br \/>\n76 Diament\u00f3w, szlif brylantowy, o masie ok. 1,31ct, barwa G-H, czysto\u015b\u0107 SI1.<br \/>\n8 Topaz\u00f3w b\u0142\u0119kitnych, o masie ok. 14,57ct.<\/p>\n<p>D\u0142ugo\u015b\u0107 56.5 mm.<br \/>\n13.7 mm wide.<br \/>\n\u015arednica 6.9 mm.<\/p>\n<p><strong>Product available on request only, lead time approx. 5 weeks.<\/strong><\/p>","protected":false},"excerpt":{"rendered":"<p>Eleganckie kolczyki z bia\u0142ego z\u0142ota pr\u00f3by 0.750 ol\u015bniewaj\u0105 harmoni\u0105 b\u0142\u0119kitnych topaz\u00f3w i l\u015bni\u0105cych brylant\u00f3w. A\u017curowa forma z delikatnymi \u0142a\u0144cuszkami nadaje im lekko\u015bci i wyj\u0105tkowego wdzi\u0119ku. 76 diament\u00f3w subtelnie roz\u015bwietla ca\u0142o\u015b\u0107, podkre\u015blaj\u0105c luksusowy charakter tej bi\u017cuterii. Idealne na wyj\u0105tkowe okazje \u2014 dla kobiet, kt\u00f3re ceni\u0105 wyrafinowany styl i niebanalny blask.<\/p>","protected":false},"featured_media":1633,"comment_status":"closed","ping_status":"closed","template":"","meta":{"om_disable_all_campaigns":false},"product_brand":[2284],"product_cat":[1803,199,6858],"product_tag":[2769,2891,2894,2893,2755,2686,2667,2895,2280],"class_list":{"0":"post-13821","1":"product","2":"type-product","3":"status-publish","4":"has-post-thumbnail","6":"product_brand-staviori","7":"product_cat-brylanty-exclusive","8":"product_cat-kolczyki","9":"product_cat-kolczyki-brylanty-exclusive","10":"product_tag-bizuteria-z-bialego-zlota","11":"product_tag-dlugie-kolczyki","12":"product_tag-dse1637t","13":"product_tag-kbd4049","14":"product_tag-kolczyki-na-zamowienie","15":"product_tag-kolczyki-wieczorowe","16":"product_tag-kolczyki-z-diamentami","17":"product_tag-kolczyki-z-topazem","18":"product_tag-luksusowa-bizuteria","19":"pa_barwa-g-h","20":"pa_czystosc-si1","21":"pa_dlugosc-56-5mm","22":"pa_dostawca-draco","23":"pa_kamien-biale-diamenty","24":"pa_kamien-topazy-blekitne","25":"pa_kolor-biale","26":"pa_kruszec-zloto","27":"pa_proba-0-750","28":"pa_szerokosc-13-7mm","29":"pa_waga-736g","30":"pa_zapiecie-sztyft","32":"first","33":"onbackorder","34":"purchasable","35":"product-type-simple"},"aioseo_notices":[],"_links":{"self":[{"href":"https:\/\/staviori.com.pl\/en\/wp-json\/wp\/v2\/product\/13821","targetHints":{"allow":["GET"]}}],"collection":[{"href":"https:\/\/staviori.com.pl\/en\/wp-json\/wp\/v2\/product"}],"about":[{"href":"https:\/\/staviori.com.pl\/en\/wp-json\/wp\/v2\/types\/product"}],"replies":[{"embeddable":true,"href":"https:\/\/staviori.com.pl\/en\/wp-json\/wp\/v2\/comments?post=13821"}],"wp:featuredmedia":[{"embeddable":true,"href":"https:\/\/staviori.com.pl\/en\/wp-json\/wp\/v2\/media\/1633"}],"wp:attachment":[{"href":"https:\/\/staviori.com.pl\/en\/wp-json\/wp\/v2\/media?parent=13821"}],"wp:term":[{"taxonomy":"product_brand","embeddable":true,"href":"https:\/\/staviori.com.pl\/en\/wp-json\/wp\/v2\/product_brand?post=13821"},{"taxonomy":"product_cat","embeddable":true,"href":"https:\/\/staviori.com.pl\/en\/wp-json\/wp\/v2\/product_cat?post=13821"},{"taxonomy":"product_tag","embeddable":true,"href":"https:\/\/staviori.com.pl\/en\/wp-json\/wp\/v2\/product_tag?post=13821"}],"curies":[{"name":"wp","href":"https:\/\/api.w.org\/{rel}","templated":true}]}}