{"id":13816,"date":"2025-02-24T22:45:25","date_gmt":"2025-02-24T21:45:25","guid":{"rendered":"https:\/\/staviori.com.pl\/product\/bizuteria-inwestycyjna-kolczyk-kbd4021\/"},"modified":"2026-02-11T00:08:33","modified_gmt":"2026-02-10T23:08:33","slug":"bizuteria-inwestycyjna-kolczyk-kbd4021","status":"publish","type":"product","link":"https:\/\/staviori.com.pl\/en\/product\/bizuteria-inwestycyjna-kolczyk-kbd4021\/","title":{"rendered":"Exclusive | earrings with kyanite and diamonds"},"content":{"rendered":"<p>Model: KBD4021<br \/>\nWaga ok. 12,80g<\/p>\n<p>Earrings.<br \/>\nWhite Gold 0.750.<br \/>\n114 Diament\u00f3w, szlif brylantowy, o masie ok. 0,59ct, barwa G-H, czysto\u015b\u0107 SI1.<br \/>\n16 Kyanit, o masie ok. 7,66ct.<\/p>\n<p>Length 20 mm.<br \/>\nSzeroko\u015b\u0107 12.7 mm.<br \/>\nGrubo\u015b\u0107 5.2 mm.<\/p>\n<p><strong>Product available on request only, lead time approx. 5 weeks.<\/strong><\/p>","protected":false},"excerpt":{"rendered":"<p>Stunning 0.750 white gold earrings that combine luxury with unique style. Embellished with up to 16 intense blue kyanites weighing a total of 7.66 ct and 114 sparkling diamonds, they create a spectacular visual effect. The floral arrangement of stones and intricate finishing make the earrings an eye-catcher and perfectly emphasise the elegance of evening styling. An ideal offer for women who appreciate refined jewellery with character.<\/p>","protected":false},"featured_media":1617,"comment_status":"closed","ping_status":"closed","template":"","meta":{"om_disable_all_campaigns":false},"product_brand":[2284],"product_cat":[1803,199,6858],"product_tag":[2921,2555,2922,2755,2681,2667,2923,2687,2924],"class_list":{"0":"post-13816","1":"product","2":"type-product","3":"status-publish","4":"has-post-thumbnail","6":"product_brand-staviori","7":"product_cat-brylanty-exclusive","8":"product_cat-kolczyki","9":"product_cat-kolczyki-brylanty-exclusive","10":"product_tag-dse1534","11":"product_tag-ekskluzywna-bizuteria","12":"product_tag-kbd4021","13":"product_tag-kolczyki-na-zamowienie","14":"product_tag-kolczyki-z-bialego-zlota","15":"product_tag-kolczyki-z-diamentami","16":"product_tag-kyanit","17":"product_tag-luksusowe-kolczyki","18":"product_tag-wieczorowa-bizuteria","19":"pa_barwa-g-h","20":"pa_czystosc-si1","21":"pa_dlugosc-20mm","22":"pa_dostawca-draco","23":"pa_kamien-diamenty","24":"pa_kamien-kyanity","25":"pa_kolor-biale","26":"pa_kruszec-zloto","27":"pa_proba-0-750","28":"pa_szerokosc-12-7mm","29":"pa_waga-1280g","30":"pa_zapiecie-klips-z-bolcem","32":"first","33":"onbackorder","34":"purchasable","35":"product-type-simple"},"aioseo_notices":[],"_links":{"self":[{"href":"https:\/\/staviori.com.pl\/en\/wp-json\/wp\/v2\/product\/13816","targetHints":{"allow":["GET"]}}],"collection":[{"href":"https:\/\/staviori.com.pl\/en\/wp-json\/wp\/v2\/product"}],"about":[{"href":"https:\/\/staviori.com.pl\/en\/wp-json\/wp\/v2\/types\/product"}],"replies":[{"embeddable":true,"href":"https:\/\/staviori.com.pl\/en\/wp-json\/wp\/v2\/comments?post=13816"}],"wp:featuredmedia":[{"embeddable":true,"href":"https:\/\/staviori.com.pl\/en\/wp-json\/wp\/v2\/media\/1617"}],"wp:attachment":[{"href":"https:\/\/staviori.com.pl\/en\/wp-json\/wp\/v2\/media?parent=13816"}],"wp:term":[{"taxonomy":"product_brand","embeddable":true,"href":"https:\/\/staviori.com.pl\/en\/wp-json\/wp\/v2\/product_brand?post=13816"},{"taxonomy":"product_cat","embeddable":true,"href":"https:\/\/staviori.com.pl\/en\/wp-json\/wp\/v2\/product_cat?post=13816"},{"taxonomy":"product_tag","embeddable":true,"href":"https:\/\/staviori.com.pl\/en\/wp-json\/wp\/v2\/product_tag?post=13816"}],"curies":[{"name":"wp","href":"https:\/\/api.w.org\/{rel}","templated":true}]}}