{"id":13813,"date":"2025-02-24T22:45:21","date_gmt":"2025-02-24T21:45:21","guid":{"rendered":"https:\/\/staviori.com.pl\/product\/bizuteria-inwestycyjna-kolczyk-kbd4009\/"},"modified":"2026-02-11T00:08:33","modified_gmt":"2026-02-10T23:08:33","slug":"bizuteria-inwestycyjna-kolczyk-kbd4009","status":"publish","type":"product","link":"https:\/\/staviori.com.pl\/en\/product\/bizuteria-inwestycyjna-kolczyk-kbd4009\/","title":{"rendered":"Exclusive | Snake earrings in white gold 750 with diamonds"},"content":{"rendered":"<p>Model: DDE1780<br \/>\nWaga ok. 1,72g<\/p>\n<p>Earrings.<br \/>\nWhite Gold 0.750.<br \/>\n18 Diament\u00f3w, szlif brylantowy, o masie 0,07ct, barwa G-H, czysto\u015b\u0107 SI1.<\/p>\n<p>Length 17 mm.<br \/>\nSzeroko\u015b\u0107 5.4 mm.<br \/>\nGrubo\u015b\u0107 1.8-3.2 mm.<\/p>\n<p>Product available on request only, lead time approx. 5 weeks.<\/p>","protected":false},"excerpt":{"rendered":"<p>Modern white gold 750 earrings in the shape of a finely twisted line, set with 18 diamonds weighing a total of 0.07 ct. The subtle brilliance of the diamonds in G-H colour and SI1 clarity contrasts beautifully with the smooth surface of the gold, creating an effect of extraordinary lightness and elegance. The unusual spiral form gives them a bold and designer character, ideal for women who like to emphasise their individual style.<\/p>","protected":false},"featured_media":21445,"comment_status":"closed","ping_status":"closed","template":"","meta":{"om_disable_all_campaigns":false},"product_brand":[2284],"product_cat":[1803,6858,199],"product_tag":[4482,2658,6403,6394,3829,6120,6402,2906,5369,6404,6408,2681,6406,6377,6378,6157,6210,6405,6407,2283],"class_list":{"0":"post-13813","1":"product","2":"type-product","3":"status-publish","4":"has-post-thumbnail","6":"product_brand-staviori","7":"product_cat-brylanty-exclusive","8":"product_cat-kolczyki-brylanty-exclusive","9":"product_cat-kolczyki","10":"product_tag-18-karatowe-zloto","11":"product_tag-biale-zloto-750","12":"product_tag-dde1780","13":"product_tag-diamenty-g-h-si1","14":"product_tag-diamond-earrings","15":"product_tag-diamond-jewelry","16":"product_tag-kbd4009","17":"product_tag-kolczyki-designerskie","18":"product_tag-kolczyki-diamentowe","19":"product_tag-kolczyki-spiralne","20":"product_tag-kolczyki-weze","21":"product_tag-kolczyki-z-bialego-zlota","22":"product_tag-nausnice-spiralove","23":"product_tag-nausnice-z-bileho-zlata","24":"product_tag-ohrringe-aus-weisgold","25":"product_tag-schmuck-mit-diamanten","26":"product_tag-sperky-s-diamanty","27":"product_tag-spiral-diamond-earrings","28":"product_tag-spiral-ohrringe","29":"product_tag-waz","30":"pa_barwa-g-h","31":"pa_czystosc-si1","32":"pa_dlugosc-17mm","33":"pa_dostawca-draco","34":"pa_kamien-diamenty","35":"pa_kolor-biale","36":"pa_kruszec-zloto","37":"pa_motyw-waz","38":"pa_proba-0-750","39":"pa_szerokosc-5-4mm","40":"pa_waga-170g","41":"pa_zapiecie-sztyft","43":"first","44":"onbackorder","45":"purchasable","46":"product-type-simple"},"aioseo_notices":[],"_links":{"self":[{"href":"https:\/\/staviori.com.pl\/en\/wp-json\/wp\/v2\/product\/13813","targetHints":{"allow":["GET"]}}],"collection":[{"href":"https:\/\/staviori.com.pl\/en\/wp-json\/wp\/v2\/product"}],"about":[{"href":"https:\/\/staviori.com.pl\/en\/wp-json\/wp\/v2\/types\/product"}],"replies":[{"embeddable":true,"href":"https:\/\/staviori.com.pl\/en\/wp-json\/wp\/v2\/comments?post=13813"}],"wp:featuredmedia":[{"embeddable":true,"href":"https:\/\/staviori.com.pl\/en\/wp-json\/wp\/v2\/media\/21445"}],"wp:attachment":[{"href":"https:\/\/staviori.com.pl\/en\/wp-json\/wp\/v2\/media?parent=13813"}],"wp:term":[{"taxonomy":"product_brand","embeddable":true,"href":"https:\/\/staviori.com.pl\/en\/wp-json\/wp\/v2\/product_brand?post=13813"},{"taxonomy":"product_cat","embeddable":true,"href":"https:\/\/staviori.com.pl\/en\/wp-json\/wp\/v2\/product_cat?post=13813"},{"taxonomy":"product_tag","embeddable":true,"href":"https:\/\/staviori.com.pl\/en\/wp-json\/wp\/v2\/product_tag?post=13813"}],"curies":[{"name":"wp","href":"https:\/\/api.w.org\/{rel}","templated":true}]}}