{"id":13812,"date":"2025-02-24T22:45:21","date_gmt":"2025-02-24T21:45:21","guid":{"rendered":"https:\/\/staviori.com.pl\/product\/bizuteria-inwestycyjna-kolczyk-kbd3963\/"},"modified":"2026-02-11T00:08:33","modified_gmt":"2026-02-10T23:08:33","slug":"bizuteria-inwestycyjna-kolczyk-kbd3963","status":"publish","type":"product","link":"https:\/\/staviori.com.pl\/en\/product\/bizuteria-inwestycyjna-kolczyk-kbd3963\/","title":{"rendered":"Exclusive | art deco pendant earrings in white gold 750 with diamonds"},"content":{"rendered":"<p>Model: DDE1628<br \/>\nWaga ok. 4,82g<\/p>\n<p>Earrings.<br \/>\nWhite Gold 0.750.<br \/>\n116 Diament\u00f3w, szlif brylantowy, o masie 1,14ct, barwa G-H, czysto\u015b\u0107 SI1.<\/p>\n<p>Length 28 mm.<br \/>\nSzeroko\u015b\u0107 12.4 mm.<br \/>\nThickness 1.9 mm.<\/p>\n<p>Product available on request only, lead time approx. 5 weeks.<\/p>","protected":false},"excerpt":{"rendered":"<p>Phenomenal earrings in 750 white gold, decorated with up to 116 diamonds weighing a total of 1.14 ct. The delicate, yet expressive floral-ornamental motif gives them extraordinary charm and feminine lightness. Diamonds in high quality G-H colour and SI1 clarity reflect the light beautifully, creating an effect of subtle, luxurious brilliance. The pin clip fastening ensures comfortable and secure wearing. This is an excellent offer for women who appreciate elegance and classics in a modern version.<\/p>","protected":false},"featured_media":21441,"comment_status":"closed","ping_status":"closed","template":"","meta":{"om_disable_all_campaigns":false},"product_brand":[2284],"product_cat":[1803,6858,199],"product_tag":[2658,6400,6394,3829,6120,2317,6399,6401,5369,2681,6393,6377,6378,6157,6210],"class_list":{"0":"post-13812","1":"product","2":"type-product","3":"status-publish","4":"has-post-thumbnail","6":"product_brand-staviori","7":"product_cat-brylanty-exclusive","8":"product_cat-kolczyki-brylanty-exclusive","9":"product_cat-kolczyki","10":"product_tag-biale-zloto-750","11":"product_tag-dde1628","12":"product_tag-diamenty-g-h-si1","13":"product_tag-diamond-earrings","14":"product_tag-diamond-jewelry","15":"product_tag-elegancka-bizuteria","16":"product_tag-kbd3963","17":"product_tag-kolczyki-brylantowe","18":"product_tag-kolczyki-diamentowe","19":"product_tag-kolczyki-z-bialego-zlota","20":"product_tag-luxury-earrings","21":"product_tag-nausnice-z-bileho-zlata","22":"product_tag-ohrringe-aus-weisgold","23":"product_tag-schmuck-mit-diamanten","24":"product_tag-sperky-s-diamanty","25":"pa_barwa-g-h","26":"pa_czystosc-si1","27":"pa_dlugosc-28mm","28":"pa_kamien-diamenty","29":"pa_kolor-biale","30":"pa_kruszec-zloto","31":"pa_proba-0-750","32":"pa_szerokosc-12-4mm","33":"pa_waga-480g","34":"pa_zapiecie-angielskie","36":"first","37":"onbackorder","38":"purchasable","39":"product-type-simple"},"aioseo_notices":[],"_links":{"self":[{"href":"https:\/\/staviori.com.pl\/en\/wp-json\/wp\/v2\/product\/13812","targetHints":{"allow":["GET"]}}],"collection":[{"href":"https:\/\/staviori.com.pl\/en\/wp-json\/wp\/v2\/product"}],"about":[{"href":"https:\/\/staviori.com.pl\/en\/wp-json\/wp\/v2\/types\/product"}],"replies":[{"embeddable":true,"href":"https:\/\/staviori.com.pl\/en\/wp-json\/wp\/v2\/comments?post=13812"}],"wp:featuredmedia":[{"embeddable":true,"href":"https:\/\/staviori.com.pl\/en\/wp-json\/wp\/v2\/media\/21441"}],"wp:attachment":[{"href":"https:\/\/staviori.com.pl\/en\/wp-json\/wp\/v2\/media?parent=13812"}],"wp:term":[{"taxonomy":"product_brand","embeddable":true,"href":"https:\/\/staviori.com.pl\/en\/wp-json\/wp\/v2\/product_brand?post=13812"},{"taxonomy":"product_cat","embeddable":true,"href":"https:\/\/staviori.com.pl\/en\/wp-json\/wp\/v2\/product_cat?post=13812"},{"taxonomy":"product_tag","embeddable":true,"href":"https:\/\/staviori.com.pl\/en\/wp-json\/wp\/v2\/product_tag?post=13812"}],"curies":[{"name":"wp","href":"https:\/\/api.w.org\/{rel}","templated":true}]}}