{"id":13809,"date":"2025-02-24T22:45:21","date_gmt":"2025-02-24T21:45:21","guid":{"rendered":"https:\/\/staviori.com.pl\/product\/bizuteria-inwestycyjna-kolczyk-kbd3959\/"},"modified":"2026-02-11T00:08:32","modified_gmt":"2026-02-10T23:08:32","slug":"bizuteria-inwestycyjna-kolczyk-kbd3959","status":"publish","type":"product","link":"https:\/\/staviori.com.pl\/en\/product\/bizuteria-inwestycyjna-kolczyk-kbd3959\/","title":{"rendered":"Exclusive | white gold earrings with rubies and diamonds"},"content":{"rendered":"<p>Model: DSE1761<br \/>\nWaga ok. 12,00g<\/p>\n<p>Earrings.<br \/>\nWhite Gold 0.750.<br \/>\n254 Diamenty, szlif brylantowy, o masie ok. 1,08ct, barwa G-H, czysto\u015b\u0107 SI1.<br \/>\n46 Rubin\u00f3w, o masie ok. 5,57ct.<\/p>\n<p>D\u0142ugo\u015b\u0107 74 mm.<br \/>\nSzeroko\u015b\u0107 16.5 mm.<br \/>\nGrubo\u015b\u0107 6.6 mm.<\/p>\n<p><strong>Product available on request only, lead time approx. 5 weeks.<\/strong><\/p>","protected":false},"excerpt":{"rendered":"<p>Stunning earrings made of white gold 0.750 are a true work of jewellery art. The intricate pattern resembling flames was adorned with as many as 254 diamonds and 46 rubies of intense red colour. Their fine shape and precious stones create a dazzling effect, ideal for special occasions. This is jewellery that attracts the eye and emphasises the owner's luxurious style.<\/p>","protected":false},"featured_media":1591,"comment_status":"closed","ping_status":"closed","template":"","meta":{"om_disable_all_campaigns":false},"product_brand":[2284],"product_cat":[1803,199,6858],"product_tag":[2308,2891,2890,2889,2755,2686,2667,2695,2280],"class_list":{"0":"post-13809","1":"product","2":"type-product","3":"status-publish","4":"has-post-thumbnail","6":"product_brand-staviori","7":"product_cat-brylanty-exclusive","8":"product_cat-kolczyki","9":"product_cat-kolczyki-brylanty-exclusive","10":"product_tag-biale-zloto","11":"product_tag-dlugie-kolczyki","12":"product_tag-dse1761","13":"product_tag-kbd3959","14":"product_tag-kolczyki-na-zamowienie","15":"product_tag-kolczyki-wieczorowe","16":"product_tag-kolczyki-z-diamentami","17":"product_tag-kolczyki-z-rubinami","18":"product_tag-luksusowa-bizuteria","19":"pa_barwa-g-h","20":"pa_czystosc-si1","21":"pa_dlugosc-74mm","22":"pa_dostawca-draco","23":"pa_kamien-diamenty","24":"pa_kamien-rubiny","25":"pa_kolor-biale","26":"pa_kruszec-zloto","27":"pa_proba-0-750","28":"pa_szerokosc-16-5mm","29":"pa_waga-1190g","30":"pa_zapiecie-angielskie","32":"first","33":"onbackorder","34":"sold-individually","35":"purchasable","36":"product-type-simple"},"aioseo_notices":[],"_links":{"self":[{"href":"https:\/\/staviori.com.pl\/en\/wp-json\/wp\/v2\/product\/13809","targetHints":{"allow":["GET"]}}],"collection":[{"href":"https:\/\/staviori.com.pl\/en\/wp-json\/wp\/v2\/product"}],"about":[{"href":"https:\/\/staviori.com.pl\/en\/wp-json\/wp\/v2\/types\/product"}],"replies":[{"embeddable":true,"href":"https:\/\/staviori.com.pl\/en\/wp-json\/wp\/v2\/comments?post=13809"}],"wp:featuredmedia":[{"embeddable":true,"href":"https:\/\/staviori.com.pl\/en\/wp-json\/wp\/v2\/media\/1591"}],"wp:attachment":[{"href":"https:\/\/staviori.com.pl\/en\/wp-json\/wp\/v2\/media?parent=13809"}],"wp:term":[{"taxonomy":"product_brand","embeddable":true,"href":"https:\/\/staviori.com.pl\/en\/wp-json\/wp\/v2\/product_brand?post=13809"},{"taxonomy":"product_cat","embeddable":true,"href":"https:\/\/staviori.com.pl\/en\/wp-json\/wp\/v2\/product_cat?post=13809"},{"taxonomy":"product_tag","embeddable":true,"href":"https:\/\/staviori.com.pl\/en\/wp-json\/wp\/v2\/product_tag?post=13809"}],"curies":[{"name":"wp","href":"https:\/\/api.w.org\/{rel}","templated":true}]}}