{"id":13808,"date":"2025-02-24T22:45:21","date_gmt":"2025-02-24T21:45:21","guid":{"rendered":"https:\/\/staviori.com.pl\/product\/bizuteria-inwestycyjna-kolczyk-kbd3958\/"},"modified":"2026-02-11T00:08:32","modified_gmt":"2026-02-10T23:08:32","slug":"bizuteria-inwestycyjna-kolczyk-kbd3958","status":"publish","type":"product","link":"https:\/\/staviori.com.pl\/en\/product\/bizuteria-inwestycyjna-kolczyk-kbd3958\/","title":{"rendered":"Exclusive | pendant earrings with topaz and diamonds"},"content":{"rendered":"<p>Model: DSE1720T<br \/>\nWeight approx. 7.70g<\/p>\n<p>Earrings.<br \/>\nWhite Gold 0.750.<br \/>\n8 Diament\u00f3w, szlif brylantowy, o masie 0,32ct, barwa G-H, czysto\u015b\u0107 SI1.<br \/>\n18 Topaz\u00f3w b\u0142\u0119kitnych, o masie 54,50ct.<\/p>\n<p>D\u0142ugo\u015b\u0107 8.8 mm.<br \/>\nSzeroko\u015b\u0107 10-11.5 mm.<br \/>\n5 mm thick.<\/p>\n<p><strong>Product available on request only, lead time approx. 5 weeks.<\/strong><\/p>","protected":false},"excerpt":{"rendered":"<p>Zjawiskowe kolczyki z bia\u0142ego z\u0142ota pr\u00f3by 0.750, ozdobione spektakularn\u0105 kompozycj\u0105 18 b\u0142\u0119kitnych topaz\u00f3w o \u0142\u0105cznej masie 54,50 ct. Ich g\u0142\u0119boki odcie\u0144 i fasetowany szlif nadaj\u0105 bi\u017cuterii niezwyk\u0142y blask i elegancj\u0119. Subtelne akcenty z 8 brylant\u00f3w (0,32 ct) podkre\u015blaj\u0105 luksusowy charakter projektu. D\u0142ugie, efektowne i jednocze\u015bnie niezwykle kobiece \u2013 idealne na wielkie wyj\u015bcia oraz wyj\u0105tkowe okazje<\/p>","protected":false},"featured_media":17508,"comment_status":"closed","ping_status":"closed","template":"","meta":{"om_disable_all_campaigns":false},"product_brand":[2284],"product_cat":[1803,199,6858],"product_tag":[2871,2870],"class_list":{"0":"post-13808","1":"product","2":"type-product","3":"status-publish","4":"has-post-thumbnail","6":"product_brand-staviori","7":"product_cat-brylanty-exclusive","8":"product_cat-kolczyki","9":"product_cat-kolczyki-brylanty-exclusive","10":"product_tag-dse1720t","11":"product_tag-kbd3958","12":"pa_barwa-g-h","13":"pa_czystosc-si1","14":"pa_dlugosc-8-8mm","15":"pa_dostawca-draco","16":"pa_kamien-diamenty","17":"pa_kamien-topazy-blekitne","18":"pa_kolor-biale","19":"pa_kruszec-zloto","20":"pa_proba-0-750","21":"pa_szerokosc-10-11-5mm","22":"pa_waga-g","23":"pa_zapiecie-klips-z-bolcem","25":"first","26":"onbackorder","27":"purchasable","28":"product-type-simple"},"aioseo_notices":[],"_links":{"self":[{"href":"https:\/\/staviori.com.pl\/en\/wp-json\/wp\/v2\/product\/13808","targetHints":{"allow":["GET"]}}],"collection":[{"href":"https:\/\/staviori.com.pl\/en\/wp-json\/wp\/v2\/product"}],"about":[{"href":"https:\/\/staviori.com.pl\/en\/wp-json\/wp\/v2\/types\/product"}],"replies":[{"embeddable":true,"href":"https:\/\/staviori.com.pl\/en\/wp-json\/wp\/v2\/comments?post=13808"}],"wp:featuredmedia":[{"embeddable":true,"href":"https:\/\/staviori.com.pl\/en\/wp-json\/wp\/v2\/media\/17508"}],"wp:attachment":[{"href":"https:\/\/staviori.com.pl\/en\/wp-json\/wp\/v2\/media?parent=13808"}],"wp:term":[{"taxonomy":"product_brand","embeddable":true,"href":"https:\/\/staviori.com.pl\/en\/wp-json\/wp\/v2\/product_brand?post=13808"},{"taxonomy":"product_cat","embeddable":true,"href":"https:\/\/staviori.com.pl\/en\/wp-json\/wp\/v2\/product_cat?post=13808"},{"taxonomy":"product_tag","embeddable":true,"href":"https:\/\/staviori.com.pl\/en\/wp-json\/wp\/v2\/product_tag?post=13808"}],"curies":[{"name":"wp","href":"https:\/\/api.w.org\/{rel}","templated":true}]}}