{"id":13806,"date":"2025-02-24T22:45:21","date_gmt":"2025-02-24T21:45:21","guid":{"rendered":"https:\/\/staviori.com.pl\/product\/bizuteria-inwestycyjna-kolczyk-kbd3953\/"},"modified":"2026-02-11T00:08:32","modified_gmt":"2026-02-10T23:08:32","slug":"bizuteria-inwestycyjna-kolczyk-kbd3953","status":"publish","type":"product","link":"https:\/\/staviori.com.pl\/en\/product\/bizuteria-inwestycyjna-kolczyk-kbd3953\/","title":{"rendered":"Exclusive | pendant earrings with sapphires and diamonds"},"content":{"rendered":"<p>Model: DSE1779<br \/>\nWaga ok. 14,00g<\/p>\n<p>Earrings.<br \/>\nWhite Gold 0.750.<br \/>\n108 Diament\u00f3w, szlif brylantowy, o masie ok. 3,96ct, barwa G-H, czysto\u015b\u0107 SI1.<br \/>\n28 Szafir\u00f3w, o masie ok. 4,12ct.<\/p>\n<p>D\u0142ugo\u015b\u0107 60 mm.<br \/>\n14 mm wide.<\/p>\n<p><strong>Product available on request only, lead time approx. 5 weeks.<\/strong><\/p>","protected":false},"excerpt":{"rendered":"<p>Impressive earrings in 0.750 white gold, created for women who love refined elegance. The composition of as many as 108 diamonds weighing a total of 3.96 ct and 28 mesmerising sapphires weighing 4.12 ct gives the jewellery an extremely regal character. The long, pendant form with subtly drooping stones beautifully elongates the neck and attracts the eye. This is an evening gem that will complement the most sophisticated styling.<\/p>","protected":false},"featured_media":1585,"comment_status":"closed","ping_status":"closed","template":"","meta":{"om_disable_all_campaigns":false},"product_brand":[2284],"product_cat":[1803,6858,199],"product_tag":[2308,2591,2849,2852,2850,2770,2667,2280,2297,2851],"class_list":{"0":"post-13806","1":"product","2":"type-product","3":"status-publish","4":"has-post-thumbnail","6":"product_brand-staviori","7":"product_cat-brylanty-exclusive","8":"product_cat-kolczyki-brylanty-exclusive","9":"product_cat-kolczyki","10":"product_tag-biale-zloto","11":"product_tag-bizuteria-premium","12":"product_tag-dse1779","13":"product_tag-exclusive","14":"product_tag-kbd3953","15":"product_tag-kolczyki-wiszace","16":"product_tag-kolczyki-z-diamentami","17":"product_tag-luksusowa-bizuteria","18":"product_tag-szafiry","19":"product_tag-wieczorowe-kolczyki","20":"pa_barwa-g-h","21":"pa_czystosc-si1","22":"pa_dlugosc-60mm","23":"pa_dostawca-draco","24":"pa_kamien-diamenty","25":"pa_kamien-szafiry","26":"pa_kolor-biale","27":"pa_kruszec-zloto","28":"pa_proba-0-750","29":"pa_szerokosc-14mm","30":"pa_waga-14-00g","31":"pa_zapiecie-sztyft","33":"first","34":"onbackorder","35":"purchasable","36":"product-type-simple"},"aioseo_notices":[],"_links":{"self":[{"href":"https:\/\/staviori.com.pl\/en\/wp-json\/wp\/v2\/product\/13806","targetHints":{"allow":["GET"]}}],"collection":[{"href":"https:\/\/staviori.com.pl\/en\/wp-json\/wp\/v2\/product"}],"about":[{"href":"https:\/\/staviori.com.pl\/en\/wp-json\/wp\/v2\/types\/product"}],"replies":[{"embeddable":true,"href":"https:\/\/staviori.com.pl\/en\/wp-json\/wp\/v2\/comments?post=13806"}],"wp:featuredmedia":[{"embeddable":true,"href":"https:\/\/staviori.com.pl\/en\/wp-json\/wp\/v2\/media\/1585"}],"wp:attachment":[{"href":"https:\/\/staviori.com.pl\/en\/wp-json\/wp\/v2\/media?parent=13806"}],"wp:term":[{"taxonomy":"product_brand","embeddable":true,"href":"https:\/\/staviori.com.pl\/en\/wp-json\/wp\/v2\/product_brand?post=13806"},{"taxonomy":"product_cat","embeddable":true,"href":"https:\/\/staviori.com.pl\/en\/wp-json\/wp\/v2\/product_cat?post=13806"},{"taxonomy":"product_tag","embeddable":true,"href":"https:\/\/staviori.com.pl\/en\/wp-json\/wp\/v2\/product_tag?post=13806"}],"curies":[{"name":"wp","href":"https:\/\/api.w.org\/{rel}","templated":true}]}}