{"id":13804,"date":"2025-02-24T22:45:21","date_gmt":"2025-02-24T21:45:21","guid":{"rendered":"https:\/\/staviori.com.pl\/product\/bizuteria-inwestycyjna-kolczyk-kbd3951\/"},"modified":"2026-02-11T00:08:32","modified_gmt":"2026-02-10T23:08:32","slug":"bizuteria-inwestycyjna-kolczyk-kbd3951","status":"publish","type":"product","link":"https:\/\/staviori.com.pl\/en\/product\/bizuteria-inwestycyjna-kolczyk-kbd3951\/","title":{"rendered":"Exclusive | white gold earrings with diamonds"},"content":{"rendered":"<p>Model: DDE1820<br \/>\nWeight approx. 3.50g<\/p>\n<p>Earrings.<br \/>\nWhite Gold 0.750.<br \/>\n2 Diamenty, szlif brylantowy, o masie ok. 0,41ct, barwa G-H, czysto\u015b\u0107 SI1.<br \/>\n48 Diament\u00f3w, szlif brylantowy, o masie ok. 0,37ct, barwa G-H, czysto\u015b\u0107 SI1.<\/p>\n<p>\u015arednica 9.6 mm.<br \/>\n\u015arednica korony ok. 3.7 mm.<br \/>\nGrubo\u015b\u0107 5.9 mm.<\/p>\n<p><strong>Product available on request only, lead time approx. 5 weeks.<\/strong><\/p>","protected":false},"excerpt":{"rendered":"<p>Delightful earrings in white gold of 0.750, in the centre of which two diamonds of a total weight of 0.41 ct sparkle. Their exceptional brilliance is accentuated by as many as 48 smaller diamonds, harmoniously arranged in a fanciful flower-like weave. This elegant and feminine composition makes the earrings exude luxury and excellent taste. They are the perfect choice for women who appreciate perfect craftsmanship and subtle yet distinctive jewellery.<\/p>","protected":false},"featured_media":17463,"comment_status":"closed","ping_status":"closed","template":"","meta":{"om_disable_all_campaigns":false},"product_brand":[2284],"product_cat":[1803,6858,199],"product_tag":[2308,2663,2848,2660,2847,1394,2686,2667,2280],"class_list":{"0":"post-13804","1":"product","2":"type-product","3":"status-publish","4":"has-post-thumbnail","6":"product_brand-staviori","7":"product_cat-brylanty-exclusive","8":"product_cat-kolczyki-brylanty-exclusive","9":"product_cat-kolczyki","10":"product_tag-biale-zloto","11":"product_tag-bizuteria-z-brylantami","12":"product_tag-dde1820","13":"product_tag-eleganckie-kolczyki","14":"product_tag-kbd3951","15":"product_tag-kolczyki","16":"product_tag-kolczyki-wieczorowe","17":"product_tag-kolczyki-z-diamentami","18":"product_tag-luksusowa-bizuteria","19":"pa_barwa-g-h","20":"pa_dostawca-draco","21":"pa_kamien-biale-diamenty","22":"pa_kamien-brylanty","23":"pa_kolor-biale","24":"pa_kruszec-zloto","25":"pa_proba-0-750","26":"pa_srednica-9-6mm","27":"pa_waga-350g","28":"pa_zapiecie-sztyft","30":"first","31":"onbackorder","32":"purchasable","33":"product-type-simple"},"aioseo_notices":[],"_links":{"self":[{"href":"https:\/\/staviori.com.pl\/en\/wp-json\/wp\/v2\/product\/13804","targetHints":{"allow":["GET"]}}],"collection":[{"href":"https:\/\/staviori.com.pl\/en\/wp-json\/wp\/v2\/product"}],"about":[{"href":"https:\/\/staviori.com.pl\/en\/wp-json\/wp\/v2\/types\/product"}],"replies":[{"embeddable":true,"href":"https:\/\/staviori.com.pl\/en\/wp-json\/wp\/v2\/comments?post=13804"}],"wp:featuredmedia":[{"embeddable":true,"href":"https:\/\/staviori.com.pl\/en\/wp-json\/wp\/v2\/media\/17463"}],"wp:attachment":[{"href":"https:\/\/staviori.com.pl\/en\/wp-json\/wp\/v2\/media?parent=13804"}],"wp:term":[{"taxonomy":"product_brand","embeddable":true,"href":"https:\/\/staviori.com.pl\/en\/wp-json\/wp\/v2\/product_brand?post=13804"},{"taxonomy":"product_cat","embeddable":true,"href":"https:\/\/staviori.com.pl\/en\/wp-json\/wp\/v2\/product_cat?post=13804"},{"taxonomy":"product_tag","embeddable":true,"href":"https:\/\/staviori.com.pl\/en\/wp-json\/wp\/v2\/product_tag?post=13804"}],"curies":[{"name":"wp","href":"https:\/\/api.w.org\/{rel}","templated":true}]}}