{"id":13801,"date":"2025-02-24T22:45:21","date_gmt":"2025-02-24T21:45:21","guid":{"rendered":"https:\/\/staviori.com.pl\/product\/kolczyk-z-brylantami-kbd3874\/"},"modified":"2026-02-11T00:08:32","modified_gmt":"2026-02-10T23:08:32","slug":"kolczyk-z-brylantami-kbd3874","status":"publish","type":"product","link":"https:\/\/staviori.com.pl\/en\/product\/kolczyk-z-brylantami-kbd3874\/","title":{"rendered":"White gold teardrop earrings with diamonds - KBD3874"},"content":{"rendered":"<p>Model: KBD3874<br \/>\nWaga ok. 1,65g<\/p>\n<p>Earrings.<br \/>\nWhite gold 0.585.<br \/>\n44 Diamenty, szlif brylantowy, o masie 0,32 ct., barwa H, czysto\u015b\u0107 SI2.<\/p>\n<p>8 mm diameter.<br \/>\nKolczyki na wkr\u0119t albo zapi\u0119cie \u015brubowe (na gwintowany sztyft).<br \/>\nTo bardzo bezpieczny i trwa\u0142y rodzaj zapi\u0119cia, cz\u0119sto stosowany w kolczykach z diamentami i bi\u017cuterii luksusowej, gdzie istotne jest solidne trzymanie.<\/p>\n<p><strong>Product available on request only, lead time approx. 4 weeks.<\/strong><\/p>","protected":false},"excerpt":{"rendered":"<p>Elegant teardrop-shaped earrings, made of 14K white gold and set with up to 44 sparkling diamonds. Their symmetrical form and abundance of diamond brilliance make them an ideal choice for special occasions. Classics and luxury in one - the perfect complement to any evening styling.<\/p>","protected":false},"featured_media":1567,"comment_status":"closed","ping_status":"closed","template":"","meta":{"om_disable_all_campaigns":false},"product_brand":[2284],"product_cat":[1803,1838,1990,6858,199],"product_tag":[2308,2660,2865,2863,2864,2672,2280],"class_list":{"0":"post-13801","1":"product","2":"type-product","3":"status-publish","4":"has-post-thumbnail","6":"product_brand-staviori","7":"product_cat-brylanty-exclusive","8":"product_cat-diamenty","9":"product_cat-kolczyk-z-brylantami","10":"product_cat-kolczyki-brylanty-exclusive","11":"product_cat-kolczyki","12":"product_tag-biale-zloto","13":"product_tag-eleganckie-kolczyki","14":"product_tag-kbd3874","15":"product_tag-kolczyki-lezki","16":"product_tag-kolczyki-na-wieczor","17":"product_tag-kolczyki-z-brylantami","18":"product_tag-luksusowa-bizuteria","19":"pa_barwa-h","20":"pa_czystosc-si2","21":"pa_dostawca-estrella","22":"pa_kamien-biale-diamenty","23":"pa_kamien-brylanty","24":"pa_kolor-biale","25":"pa_kruszec-zloto","26":"pa_proba-0-585","27":"pa_srednica-8mm","28":"pa_waga-165g","29":"pa_zapiecie-sztyft-na-wkret","31":"first","32":"onbackorder","33":"purchasable","34":"product-type-simple"},"aioseo_notices":[],"_links":{"self":[{"href":"https:\/\/staviori.com.pl\/en\/wp-json\/wp\/v2\/product\/13801","targetHints":{"allow":["GET"]}}],"collection":[{"href":"https:\/\/staviori.com.pl\/en\/wp-json\/wp\/v2\/product"}],"about":[{"href":"https:\/\/staviori.com.pl\/en\/wp-json\/wp\/v2\/types\/product"}],"replies":[{"embeddable":true,"href":"https:\/\/staviori.com.pl\/en\/wp-json\/wp\/v2\/comments?post=13801"}],"wp:featuredmedia":[{"embeddable":true,"href":"https:\/\/staviori.com.pl\/en\/wp-json\/wp\/v2\/media\/1567"}],"wp:attachment":[{"href":"https:\/\/staviori.com.pl\/en\/wp-json\/wp\/v2\/media?parent=13801"}],"wp:term":[{"taxonomy":"product_brand","embeddable":true,"href":"https:\/\/staviori.com.pl\/en\/wp-json\/wp\/v2\/product_brand?post=13801"},{"taxonomy":"product_cat","embeddable":true,"href":"https:\/\/staviori.com.pl\/en\/wp-json\/wp\/v2\/product_cat?post=13801"},{"taxonomy":"product_tag","embeddable":true,"href":"https:\/\/staviori.com.pl\/en\/wp-json\/wp\/v2\/product_tag?post=13801"}],"curies":[{"name":"wp","href":"https:\/\/api.w.org\/{rel}","templated":true}]}}