{"id":13779,"date":"2025-02-24T22:45:17","date_gmt":"2025-02-24T21:45:17","guid":{"rendered":"https:\/\/staviori.com.pl\/product\/bizuteria-inwestycyjna-kolczyk-kbd3516\/"},"modified":"2026-02-11T00:09:40","modified_gmt":"2026-02-10T23:09:40","slug":"bizuteria-inwestycyjna-kolczyk-kbd3516","status":"publish","type":"product","link":"https:\/\/staviori.com.pl\/en\/product\/bizuteria-inwestycyjna-kolczyk-kbd3516\/","title":{"rendered":"Exclusive | skull earrings with black or white diamonds"},"content":{"rendered":"<p>Model: DDE1335<br \/>\nWaga ok. 4,70g<\/p>\n<p>Earrings.<br \/>\nBia\u0142e, Czarne*, \u017b\u00f3\u0142te lub R\u00f3\u017cowe Z\u0142oto 0,750  ( 18-karatowe ).<br \/>\n4 Diamenty (Czarne lub Bia\u0142e), szlif brylantowy, o masie ok. 0,54ct.<\/p>\n<p><strong>Product available on request only, lead time approx. 5 weeks.<\/strong><br \/>\n<strong>Kolor z\u0142ota i diament\u00f3w do wyboru<\/strong><\/p>\n<p><em>*Black gold is 0.750 white gold plated with black rhodium.<\/em><\/p>","protected":false},"excerpt":{"rendered":"<p>Distinctive skull-shaped earrings, crafted from the finest 18K white gold. Embellished with four black diamonds weighing a total of 0.54 ct, they catch the eye with their bold and original design. This is jewellery for people who like to stand out in style and are looking for accessories with character. Perfect for rock styling or as an original accent to an elegant look.<\/p>","protected":false},"featured_media":17419,"comment_status":"closed","ping_status":"closed","template":"","meta":{"om_disable_all_campaigns":false},"product_brand":[2284],"product_cat":[1803,199,6858],"product_tag":[2319,2830,2829,2832,2755,2681,2708,2833,2487],"class_list":{"0":"post-13779","1":"product","2":"type-product","3":"status-publish","4":"has-post-thumbnail","6":"product_brand-staviori","7":"product_cat-brylanty-exclusive","8":"product_cat-kolczyki","9":"product_cat-kolczyki-brylanty-exclusive","10":"product_tag-czarne-diamenty","11":"product_tag-dde1335b","12":"product_tag-kbd3516","13":"product_tag-kolczyki-czaszki","14":"product_tag-kolczyki-na-zamowienie","15":"product_tag-kolczyki-z-bialego-zlota","16":"product_tag-kolczyki-zlote","17":"product_tag-rockowa-bizuteria","18":"product_tag-unisex","19":"pa_dostawca-draco","20":"pa_kamien-biale-diamenty","21":"pa_kamien-czarne-diamenty","22":"pa_kolor-biale","23":"pa_kolor-czarne","24":"pa_kolor-rozowe","25":"pa_kolor-zolte","26":"pa_kruszec-zloto","27":"pa_proba-0-750","28":"pa_waga-470g","29":"pa_zapiecie-sztyft","31":"first","32":"onbackorder","33":"purchasable","34":"product-type-variable"},"aioseo_notices":[],"_links":{"self":[{"href":"https:\/\/staviori.com.pl\/en\/wp-json\/wp\/v2\/product\/13779","targetHints":{"allow":["GET"]}}],"collection":[{"href":"https:\/\/staviori.com.pl\/en\/wp-json\/wp\/v2\/product"}],"about":[{"href":"https:\/\/staviori.com.pl\/en\/wp-json\/wp\/v2\/types\/product"}],"replies":[{"embeddable":true,"href":"https:\/\/staviori.com.pl\/en\/wp-json\/wp\/v2\/comments?post=13779"}],"wp:featuredmedia":[{"embeddable":true,"href":"https:\/\/staviori.com.pl\/en\/wp-json\/wp\/v2\/media\/17419"}],"wp:attachment":[{"href":"https:\/\/staviori.com.pl\/en\/wp-json\/wp\/v2\/media?parent=13779"}],"wp:term":[{"taxonomy":"product_brand","embeddable":true,"href":"https:\/\/staviori.com.pl\/en\/wp-json\/wp\/v2\/product_brand?post=13779"},{"taxonomy":"product_cat","embeddable":true,"href":"https:\/\/staviori.com.pl\/en\/wp-json\/wp\/v2\/product_cat?post=13779"},{"taxonomy":"product_tag","embeddable":true,"href":"https:\/\/staviori.com.pl\/en\/wp-json\/wp\/v2\/product_tag?post=13779"}],"curies":[{"name":"wp","href":"https:\/\/api.w.org\/{rel}","templated":true}]}}