{"id":13778,"date":"2025-02-24T22:45:17","date_gmt":"2025-02-24T21:45:17","guid":{"rendered":"https:\/\/staviori.com.pl\/product\/bizuteria-inwestycyjna-kolczyk-kbd3300\/"},"modified":"2026-02-11T00:08:32","modified_gmt":"2026-02-10T23:08:32","slug":"bizuteria-inwestycyjna-kolczyk-kbd3300","status":"publish","type":"product","link":"https:\/\/staviori.com.pl\/en\/product\/bizuteria-inwestycyjna-kolczyk-kbd3300\/","title":{"rendered":"Exclusive | pendant ball earrings with black and white diamonds"},"content":{"rendered":"<p>Model: DDE0571<br \/>\nWaga ok. 17,40g<\/p>\n<p>Earrings.<br \/>\nWhite Gold 0.750.<\/p>\n<p>94 Diamenty, szlif brylantowy, o masie 0,33ct, barwa G, czysto\u015b\u0107 SI1.<br \/>\n1100 Diament\u00f3w, kolor czarny, szlif brylantowy, o masie 15,70ct.<\/p>\n<p>22 mm diameter.<br \/>\nD\u0142ugo\u015b\u0107 42 mm.<\/p>\n<p>Product available on request only, lead time approx. 4 weeks.<\/p>","protected":false},"excerpt":{"rendered":"<p>Phenomenal 18K white gold earrings that impress with a wealth of detail and extraordinary brilliance. The luxurious form of the 22 mm diameter spheres is covered with as many as 1,100 black diamonds weighing a total of 15.70 ct, which create a mesmerising deep sparkle. The whole is complemented by bright diamonds weighing 0.33 ct, which contrast with the black, adding exceptional elegance to the whole. These spectacular earrings are for women who appreciate bold jewellery masterpieces.<\/p>","protected":false},"featured_media":1467,"comment_status":"closed","ping_status":"closed","template":"","meta":{"om_disable_all_campaigns":false},"product_brand":[2284],"product_cat":[1803,6858,199],"product_tag":[2293,2319,2834,2660,2835,2686,2681,2667,2280,2837],"class_list":{"0":"post-13778","1":"product","2":"type-product","3":"status-publish","4":"has-post-thumbnail","6":"product_brand-staviori","7":"product_cat-brylanty-exclusive","8":"product_cat-kolczyki-brylanty-exclusive","9":"product_cat-kolczyki","10":"product_tag-bizuteria-na-zamowienie","11":"product_tag-czarne-diamenty","12":"product_tag-dde0571","13":"product_tag-eleganckie-kolczyki","14":"product_tag-kbd3300","15":"product_tag-kolczyki-wieczorowe","16":"product_tag-kolczyki-z-bialego-zlota","17":"product_tag-kolczyki-z-diamentami","18":"product_tag-luksusowa-bizuteria","19":"product_tag-wiszace-kule","20":"pa_barwa-g","21":"pa_czystosc-si1","22":"pa_dlugosc-42mm","23":"pa_dostawca-draco","24":"pa_kamien-biale-diamenty","25":"pa_kamien-czarne-diamenty","26":"pa_kolor-biale","27":"pa_kruszec-zloto","28":"pa_proba-0-750","29":"pa_srednica-22mm","30":"pa_waga-1740g","31":"pa_zapiecie-angielskie","33":"first","34":"onbackorder","35":"purchasable","36":"product-type-simple"},"aioseo_notices":[],"_links":{"self":[{"href":"https:\/\/staviori.com.pl\/en\/wp-json\/wp\/v2\/product\/13778","targetHints":{"allow":["GET"]}}],"collection":[{"href":"https:\/\/staviori.com.pl\/en\/wp-json\/wp\/v2\/product"}],"about":[{"href":"https:\/\/staviori.com.pl\/en\/wp-json\/wp\/v2\/types\/product"}],"replies":[{"embeddable":true,"href":"https:\/\/staviori.com.pl\/en\/wp-json\/wp\/v2\/comments?post=13778"}],"wp:featuredmedia":[{"embeddable":true,"href":"https:\/\/staviori.com.pl\/en\/wp-json\/wp\/v2\/media\/1467"}],"wp:attachment":[{"href":"https:\/\/staviori.com.pl\/en\/wp-json\/wp\/v2\/media?parent=13778"}],"wp:term":[{"taxonomy":"product_brand","embeddable":true,"href":"https:\/\/staviori.com.pl\/en\/wp-json\/wp\/v2\/product_brand?post=13778"},{"taxonomy":"product_cat","embeddable":true,"href":"https:\/\/staviori.com.pl\/en\/wp-json\/wp\/v2\/product_cat?post=13778"},{"taxonomy":"product_tag","embeddable":true,"href":"https:\/\/staviori.com.pl\/en\/wp-json\/wp\/v2\/product_tag?post=13778"}],"curies":[{"name":"wp","href":"https:\/\/api.w.org\/{rel}","templated":true}]}}