{"id":13757,"date":"2025-02-24T22:45:13","date_gmt":"2025-02-24T21:45:13","guid":{"rendered":"https:\/\/staviori.com.pl\/product\/kolczyk-z-brylantami-kbd1924t\/"},"modified":"2026-02-11T00:08:31","modified_gmt":"2026-02-10T23:08:31","slug":"kolczyk-z-brylantami-kbd1924t","status":"publish","type":"product","link":"https:\/\/staviori.com.pl\/en\/product\/kolczyk-z-brylantami-kbd1924t\/","title":{"rendered":"White gold pendant earrings with tanzanites - KBD1924T"},"content":{"rendered":"<p>Model: KBD1924T<br \/>\nWaga ok. 1,27g<\/p>\n<p>Earrings.<br \/>\nWhite gold 0.585.<br \/>\n2 Diamonds, brilliant cut, weighing 0.06ct, colour H, clarity I1.<br \/>\n2 Tanzanity, o masie 1,20ct.<\/p>\n<p>Wymiary 4&#215;16 mm.<\/p>\n<p><strong>Je\u015bli niedost\u0119pne na magazynie, to mo\u017cliwe na indywidualne zam\u00f3wienie.<br \/>\nLead time 4-5 weeks.<\/strong><\/p>","protected":false},"excerpt":{"rendered":"<p>Exceptional white gold earrings with stunning tanzanites of an intense blue-purple hue. The stones have been set in elegant, rectangular settings and their brilliance is highlighted by subtle diamonds. This delicate yet expressive jewellery will perfectly complement evening outfits, adding a touch of class and luxury.<\/p>","protected":false},"featured_media":17323,"comment_status":"closed","ping_status":"closed","template":"","meta":{"om_disable_all_campaigns":false},"product_brand":[2284],"product_cat":[1838,1990,199],"product_tag":[2786,2660,2784,2681,2667,2785,2787],"class_list":{"0":"post-13757","1":"product","2":"type-product","3":"status-publish","4":"has-post-thumbnail","6":"product_brand-staviori","7":"product_cat-diamenty","8":"product_cat-kolczyk-z-brylantami","9":"product_cat-kolczyki","10":"product_tag-bizuteria-z-tanzanitem","11":"product_tag-eleganckie-kolczyki","12":"product_tag-kbd1924t","13":"product_tag-kolczyki-z-bialego-zlota","14":"product_tag-kolczyki-z-diamentami","15":"product_tag-kolczyki-z-tanzanitem","16":"product_tag-zlote-kolczyki-damskie","17":"pa_barwa-h","18":"pa_czystosc-i1","19":"pa_dostawca-estrella","20":"pa_kamien-diament","21":"pa_kamien-tanzanit","22":"pa_kolor-biale","23":"pa_kruszec-zloto","24":"pa_proba-0-585","25":"pa_waga-127g","26":"pa_wymiary-4x16mm","27":"pa_zapiecie-sztyft","29":"first","30":"onbackorder","31":"purchasable","32":"product-type-simple"},"aioseo_notices":[],"_links":{"self":[{"href":"https:\/\/staviori.com.pl\/en\/wp-json\/wp\/v2\/product\/13757","targetHints":{"allow":["GET"]}}],"collection":[{"href":"https:\/\/staviori.com.pl\/en\/wp-json\/wp\/v2\/product"}],"about":[{"href":"https:\/\/staviori.com.pl\/en\/wp-json\/wp\/v2\/types\/product"}],"replies":[{"embeddable":true,"href":"https:\/\/staviori.com.pl\/en\/wp-json\/wp\/v2\/comments?post=13757"}],"wp:featuredmedia":[{"embeddable":true,"href":"https:\/\/staviori.com.pl\/en\/wp-json\/wp\/v2\/media\/17323"}],"wp:attachment":[{"href":"https:\/\/staviori.com.pl\/en\/wp-json\/wp\/v2\/media?parent=13757"}],"wp:term":[{"taxonomy":"product_brand","embeddable":true,"href":"https:\/\/staviori.com.pl\/en\/wp-json\/wp\/v2\/product_brand?post=13757"},{"taxonomy":"product_cat","embeddable":true,"href":"https:\/\/staviori.com.pl\/en\/wp-json\/wp\/v2\/product_cat?post=13757"},{"taxonomy":"product_tag","embeddable":true,"href":"https:\/\/staviori.com.pl\/en\/wp-json\/wp\/v2\/product_tag?post=13757"}],"curies":[{"name":"wp","href":"https:\/\/api.w.org\/{rel}","templated":true}]}}