{"id":13745,"date":"2025-02-24T22:45:07","date_gmt":"2025-02-24T21:45:07","guid":{"rendered":"https:\/\/staviori.com.pl\/product\/bizuteria-inwestycyjna-kolczyk-kbd1844\/"},"modified":"2026-02-11T00:08:30","modified_gmt":"2026-02-10T23:08:30","slug":"bizuteria-inwestycyjna-kolczyk-kbd1844","status":"publish","type":"product","link":"https:\/\/staviori.com.pl\/en\/product\/bizuteria-inwestycyjna-kolczyk-kbd1844\/","title":{"rendered":"Exclusive | Beautiful diamond pendant earrings with amethyst"},"content":{"rendered":"<p>Model: DSE0404<br \/>\nWaga ok. 2,34g<\/p>\n<p>Earrings.<br \/>\nWhite Gold 0.750.<br \/>\n32 Diamenty, szlif brylantowy, o masie oko\u0142o 0,35ct, barwa G-H, czysto\u015b\u0107 SI1.<br \/>\n2 Ametysyt, o masie oko\u0142o 6,14ct.<\/p>\n<p>Wymiary 7&#215;32 mm.<\/p>\n<p><strong>Product available on request only, lead time approx. 5 weeks.<\/strong><\/p>","protected":false},"excerpt":{"rendered":"<p>Phenomenal white gold earrings with faceted teardrop-shaped amethysts that catch the eye in deep purple. The gemstones are set under a delicate leaf motif of diamonds, which gives the composition a romantic and uniquely feminine touch. The diamond clasps of the English type complete the whole with a subtle sparkle. This is jewellery that exudes class and lightness - perfect for special occasions.<\/p>","protected":false},"featured_media":17252,"comment_status":"closed","ping_status":"closed","template":"","meta":{"om_disable_all_campaigns":false},"product_brand":[2284],"product_cat":[1803,199,6858],"product_tag":[2737,2738],"class_list":{"0":"post-13745","1":"product","2":"type-product","3":"status-publish","4":"has-post-thumbnail","6":"product_brand-staviori","7":"product_cat-brylanty-exclusive","8":"product_cat-kolczyki","9":"product_cat-kolczyki-brylanty-exclusive","10":"product_tag-dse0404","11":"product_tag-kbd1844","12":"pa_barwa-g-h","13":"pa_czystosc-si1","14":"pa_dostawca-draco","15":"pa_kamien-diamenty","16":"pa_kamien-ametysty","17":"pa_kolor-biale","18":"pa_kruszec-zloto","19":"pa_proba-0-750","20":"pa_waga-234g","21":"pa_wymiary-7x32mm","22":"pa_zapiecie-angielskie","24":"first","25":"onbackorder","26":"purchasable","27":"product-type-simple"},"aioseo_notices":[],"_links":{"self":[{"href":"https:\/\/staviori.com.pl\/en\/wp-json\/wp\/v2\/product\/13745","targetHints":{"allow":["GET"]}}],"collection":[{"href":"https:\/\/staviori.com.pl\/en\/wp-json\/wp\/v2\/product"}],"about":[{"href":"https:\/\/staviori.com.pl\/en\/wp-json\/wp\/v2\/types\/product"}],"replies":[{"embeddable":true,"href":"https:\/\/staviori.com.pl\/en\/wp-json\/wp\/v2\/comments?post=13745"}],"wp:featuredmedia":[{"embeddable":true,"href":"https:\/\/staviori.com.pl\/en\/wp-json\/wp\/v2\/media\/17252"}],"wp:attachment":[{"href":"https:\/\/staviori.com.pl\/en\/wp-json\/wp\/v2\/media?parent=13745"}],"wp:term":[{"taxonomy":"product_brand","embeddable":true,"href":"https:\/\/staviori.com.pl\/en\/wp-json\/wp\/v2\/product_brand?post=13745"},{"taxonomy":"product_cat","embeddable":true,"href":"https:\/\/staviori.com.pl\/en\/wp-json\/wp\/v2\/product_cat?post=13745"},{"taxonomy":"product_tag","embeddable":true,"href":"https:\/\/staviori.com.pl\/en\/wp-json\/wp\/v2\/product_tag?post=13745"}],"curies":[{"name":"wp","href":"https:\/\/api.w.org\/{rel}","templated":true}]}}