{"id":13740,"date":"2025-02-24T22:45:07","date_gmt":"2025-02-24T21:45:07","guid":{"rendered":"https:\/\/staviori.com.pl\/product\/bizuteria-inwestycyjna-kolczyk-kbd1812\/"},"modified":"2026-02-11T00:08:30","modified_gmt":"2026-02-10T23:08:30","slug":"bizuteria-inwestycyjna-kolczyk-kbd1812","status":"publish","type":"product","link":"https:\/\/staviori.com.pl\/en\/product\/bizuteria-inwestycyjna-kolczyk-kbd1812\/","title":{"rendered":"Exclusive | Brilliant spiral earrings"},"content":{"rendered":"<p>Model: DDE0731<br \/>\nWaga ok. 20g<\/p>\n<p>Earrings.<br \/>\nWhite Gold 0.750.<br \/>\n538 Diament\u00f3w, szlif brylantowy, o masie 5,55 ct., barwa G-H, czysto\u015b\u0107 SI1.<\/p>\n<p>Wymiary 15&#215;42 mm.<\/p>\n<p><strong>Product available on request only, lead time approx. 5 weeks.<\/strong><\/p>","protected":false},"excerpt":{"rendered":"<p>Wyj\u0105tkowe kolczyki z bia\u0142ego z\u0142ota 18K, kt\u00f3re urzekaj\u0105 swoj\u0105 form\u0105 i niezwyk\u0142ym blaskiem. Fantazyjny, spiralny kszta\u0142t zdobi a\u017c 538 diament\u00f3w o \u0142\u0105cznej masie 5,55 ct, tworz\u0105c spektakularny efekt \u015bwietlny przy ka\u017cdym ruchu. Luksus i wyrafinowanie w najczystszej postaci \u2013 idealne na wielkie wyj\u015bcia i wyj\u0105tkowe okazje. To bi\u017cuteria, kt\u00f3ra nie tylko zachwyca, ale i zapada w pami\u0119\u0107.<\/p>","protected":false},"featured_media":17270,"comment_status":"closed","ping_status":"closed","template":"","meta":{"om_disable_all_campaigns":false},"product_brand":[2284],"product_cat":[1803,6858,199],"product_tag":[2308,2749,2296,2317,2748,1394,2686,2280],"class_list":{"0":"post-13740","1":"product","2":"type-product","3":"status-publish","4":"has-post-thumbnail","6":"product_brand-staviori","7":"product_cat-brylanty-exclusive","8":"product_cat-kolczyki-brylanty-exclusive","9":"product_cat-kolczyki","10":"product_tag-biale-zloto","11":"product_tag-dde0731","12":"product_tag-diamenty","13":"product_tag-elegancka-bizuteria","14":"product_tag-kbd1812","15":"product_tag-kolczyki","16":"product_tag-kolczyki-wieczorowe","17":"product_tag-luksusowa-bizuteria","18":"pa_barwa-g-h","19":"pa_czystosc-si1","20":"pa_dostawca-draco","21":"pa_kamien-diamenty","22":"pa_kamien-biale-diamenty","23":"pa_kamien-brylanty","24":"pa_kolor-biale","25":"pa_kruszec-zloto","26":"pa_proba-0-750","27":"pa_waga-1990g","28":"pa_wymiary-15x42mm","29":"pa_zapiecie-angielskie","31":"first","32":"onbackorder","33":"purchasable","34":"product-type-simple"},"aioseo_notices":[],"_links":{"self":[{"href":"https:\/\/staviori.com.pl\/en\/wp-json\/wp\/v2\/product\/13740","targetHints":{"allow":["GET"]}}],"collection":[{"href":"https:\/\/staviori.com.pl\/en\/wp-json\/wp\/v2\/product"}],"about":[{"href":"https:\/\/staviori.com.pl\/en\/wp-json\/wp\/v2\/types\/product"}],"replies":[{"embeddable":true,"href":"https:\/\/staviori.com.pl\/en\/wp-json\/wp\/v2\/comments?post=13740"}],"wp:featuredmedia":[{"embeddable":true,"href":"https:\/\/staviori.com.pl\/en\/wp-json\/wp\/v2\/media\/17270"}],"wp:attachment":[{"href":"https:\/\/staviori.com.pl\/en\/wp-json\/wp\/v2\/media?parent=13740"}],"wp:term":[{"taxonomy":"product_brand","embeddable":true,"href":"https:\/\/staviori.com.pl\/en\/wp-json\/wp\/v2\/product_brand?post=13740"},{"taxonomy":"product_cat","embeddable":true,"href":"https:\/\/staviori.com.pl\/en\/wp-json\/wp\/v2\/product_cat?post=13740"},{"taxonomy":"product_tag","embeddable":true,"href":"https:\/\/staviori.com.pl\/en\/wp-json\/wp\/v2\/product_tag?post=13740"}],"curies":[{"name":"wp","href":"https:\/\/api.w.org\/{rel}","templated":true}]}}