{"id":13738,"date":"2025-02-24T22:45:07","date_gmt":"2025-02-24T21:45:07","guid":{"rendered":"https:\/\/staviori.com.pl\/product\/bizuteria-inwestycyjna-kolczyk-kbd1800\/"},"modified":"2026-02-11T00:08:30","modified_gmt":"2026-02-10T23:08:30","slug":"bizuteria-inwestycyjna-kolczyk-kbd1800","status":"publish","type":"product","link":"https:\/\/staviori.com.pl\/en\/product\/bizuteria-inwestycyjna-kolczyk-kbd1800\/","title":{"rendered":"Exclusive | Beautiful diamond flower earrings"},"content":{"rendered":"<p>Model: DDE0617<br \/>\nWaga ok. 18,50g<\/p>\n<p>Earrings.<br \/>\nWhite Gold 0.750.<br \/>\n456 Diament\u00f3w, szlif brylantowy, o masie ok. 5,67ct, barwa G-H, czysto\u015b\u0107 SI1.<\/p>\n<p>\u015arednica 24 mm.<br \/>\n12 mm high.<\/p>\n<p>Wygodne i bezpieczne zapi\u0119cie na klips z bolcem.<\/p>\n<p><strong>Product available on request only, lead time approx. 5 weeks.<\/strong><\/p>","protected":false},"excerpt":{"rendered":"<p>Phenomenal earrings in the shape of blooming flowers, made of the highest quality 750 white gold. The whole was covered with as many as 456 diamonds weighing a total of 5.67 ct, which dazzle with their brilliance and emphasise the three-dimensional form of jewellery. This is an extremely elegant and impressive accessory for women who love luxury and unconventional style. Perfect for big outings and special occasions.<\/p>","protected":false},"featured_media":17276,"comment_status":"closed","ping_status":"closed","template":"","meta":{"om_disable_all_campaigns":false},"product_brand":[2284],"product_cat":[1803,199,6858],"product_tag":[2308,2754,2756,2660,2757,1394,2724,2755,2667,2280],"class_list":{"0":"post-13738","1":"product","2":"type-product","3":"status-publish","4":"has-post-thumbnail","6":"product_brand-staviori","7":"product_cat-brylanty-exclusive","8":"product_cat-kolczyki","9":"product_cat-kolczyki-brylanty-exclusive","10":"product_tag-biale-zloto","11":"product_tag-bizuteria-wieczorowa","12":"product_tag-dde0617","13":"product_tag-eleganckie-kolczyki","14":"product_tag-kbd1800","15":"product_tag-kolczyki","16":"product_tag-kolczyki-kwiaty","17":"product_tag-kolczyki-na-zamowienie","18":"product_tag-kolczyki-z-diamentami","19":"product_tag-luksusowa-bizuteria","20":"pa_barwa-g-h","21":"pa_czystosc-si1","22":"pa_dostawca-draco","23":"pa_kamien-biale-diamenty","24":"pa_kamien-brylanty","25":"pa_kolor-biale","26":"pa_kruszec-zloto","27":"pa_proba-0-750","28":"pa_srednica-24mm","29":"pa_waga-1850g","30":"pa_wysokosc-12mm","31":"pa_zapiecie-klips","32":"pa_zapiecie-klips-z-bolcem","34":"first","35":"onbackorder","36":"purchasable","37":"product-type-simple"},"aioseo_notices":[],"_links":{"self":[{"href":"https:\/\/staviori.com.pl\/en\/wp-json\/wp\/v2\/product\/13738","targetHints":{"allow":["GET"]}}],"collection":[{"href":"https:\/\/staviori.com.pl\/en\/wp-json\/wp\/v2\/product"}],"about":[{"href":"https:\/\/staviori.com.pl\/en\/wp-json\/wp\/v2\/types\/product"}],"replies":[{"embeddable":true,"href":"https:\/\/staviori.com.pl\/en\/wp-json\/wp\/v2\/comments?post=13738"}],"wp:featuredmedia":[{"embeddable":true,"href":"https:\/\/staviori.com.pl\/en\/wp-json\/wp\/v2\/media\/17276"}],"wp:attachment":[{"href":"https:\/\/staviori.com.pl\/en\/wp-json\/wp\/v2\/media?parent=13738"}],"wp:term":[{"taxonomy":"product_brand","embeddable":true,"href":"https:\/\/staviori.com.pl\/en\/wp-json\/wp\/v2\/product_brand?post=13738"},{"taxonomy":"product_cat","embeddable":true,"href":"https:\/\/staviori.com.pl\/en\/wp-json\/wp\/v2\/product_cat?post=13738"},{"taxonomy":"product_tag","embeddable":true,"href":"https:\/\/staviori.com.pl\/en\/wp-json\/wp\/v2\/product_tag?post=13738"}],"curies":[{"name":"wp","href":"https:\/\/api.w.org\/{rel}","templated":true}]}}