{"id":13737,"date":"2025-02-24T22:45:07","date_gmt":"2025-02-24T21:45:07","guid":{"rendered":"https:\/\/staviori.com.pl\/product\/bizuteria-inwestycyjna-kolczyk-kbd1791\/"},"modified":"2026-02-11T00:08:30","modified_gmt":"2026-02-10T23:08:30","slug":"bizuteria-inwestycyjna-kolczyk-kbd1791","status":"publish","type":"product","link":"https:\/\/staviori.com.pl\/en\/product\/bizuteria-inwestycyjna-kolczyk-kbd1791\/","title":{"rendered":"Exclusive | white gold earrings with black diamonds"},"content":{"rendered":"<p>Model: DDE0493<br \/>\nWaga ok. 6,00g<\/p>\n<p>Earrings.<br \/>\nWhite Gold 0.750.<br \/>\n40 Diament\u00f3w, szlif brylantowy, o masie 0,47ct, barwa G-H, czysto\u015b\u0107 SI1.<br \/>\n66 Diament\u00f3w, kolor czarny, szlif brylantowy, o masie 1,17ct.<\/p>\n<p>Wymiary 6&#215;15 mm.<br \/>\nGrubo\u015b\u0107 3.1 mm.<\/p>\n<p>Bezpieczne i wygodne zapi\u0119cie na klips z bolcem.<\/p>\n<p><strong>Product available on request only, lead time approx. 5 weeks.<\/strong><\/p>","protected":false},"excerpt":{"rendered":"<p>Exclusive 0.750 white gold earrings that dazzle with elegance and sophistication. Their surface is adorned with as many as 106 diamonds - 40 classic with exceptional clarity and 66 black, which add a distinctive, sensual character to the jewellery. The subtle form and contrasting colours of the stones create a modern yet timeless design. Ideal for women who want to add a touch of luxury to their styling.<\/p>","protected":false},"featured_media":17280,"comment_status":"closed","ping_status":"closed","template":"","meta":{"om_disable_all_campaigns":false},"product_brand":[2284],"product_cat":[1803,199,6858],"product_tag":[2278,2759,2762,2660,2761,2760,2755,2667],"class_list":{"0":"post-13737","1":"product","2":"type-product","3":"status-publish","4":"has-post-thumbnail","6":"product_brand-staviori","7":"product_cat-brylanty-exclusive","8":"product_cat-kolczyki","9":"product_cat-kolczyki-brylanty-exclusive","10":"product_tag-biale-zloto-18k","11":"product_tag-bizuteria-z-czarnymi-diamentami","12":"product_tag-dde0493","13":"product_tag-eleganckie-kolczyki","14":"product_tag-kbd1791","15":"product_tag-kolczyki-luksusowe","16":"product_tag-kolczyki-na-zamowienie","17":"product_tag-kolczyki-z-diamentami","18":"pa_barwa-g-h","19":"pa_czystosc-si1","20":"pa_dostawca-draco","21":"pa_grubosc-3-1mm","22":"pa_kamien-biale-diamenty","23":"pa_kamien-czarne-diamenty","24":"pa_kolor-biale","25":"pa_kruszec-zloto","26":"pa_proba-0-750","27":"pa_waga-600g","28":"pa_wymiary-6x15mm","29":"pa_zapiecie-klips","30":"pa_zapiecie-klips-z-bolcem","32":"first","33":"onbackorder","34":"purchasable","35":"product-type-simple"},"aioseo_notices":[],"_links":{"self":[{"href":"https:\/\/staviori.com.pl\/en\/wp-json\/wp\/v2\/product\/13737","targetHints":{"allow":["GET"]}}],"collection":[{"href":"https:\/\/staviori.com.pl\/en\/wp-json\/wp\/v2\/product"}],"about":[{"href":"https:\/\/staviori.com.pl\/en\/wp-json\/wp\/v2\/types\/product"}],"replies":[{"embeddable":true,"href":"https:\/\/staviori.com.pl\/en\/wp-json\/wp\/v2\/comments?post=13737"}],"wp:featuredmedia":[{"embeddable":true,"href":"https:\/\/staviori.com.pl\/en\/wp-json\/wp\/v2\/media\/17280"}],"wp:attachment":[{"href":"https:\/\/staviori.com.pl\/en\/wp-json\/wp\/v2\/media?parent=13737"}],"wp:term":[{"taxonomy":"product_brand","embeddable":true,"href":"https:\/\/staviori.com.pl\/en\/wp-json\/wp\/v2\/product_brand?post=13737"},{"taxonomy":"product_cat","embeddable":true,"href":"https:\/\/staviori.com.pl\/en\/wp-json\/wp\/v2\/product_cat?post=13737"},{"taxonomy":"product_tag","embeddable":true,"href":"https:\/\/staviori.com.pl\/en\/wp-json\/wp\/v2\/product_tag?post=13737"}],"curies":[{"name":"wp","href":"https:\/\/api.w.org\/{rel}","templated":true}]}}