{"id":13725,"date":"2025-02-24T22:45:01","date_gmt":"2025-02-24T21:45:01","guid":{"rendered":"https:\/\/staviori.com.pl\/product\/bizuteria-inwestycyjna-kolczyk-kbd1573\/"},"modified":"2026-02-11T00:08:30","modified_gmt":"2026-02-10T23:08:30","slug":"bizuteria-inwestycyjna-kolczyk-kbd1573","status":"publish","type":"product","link":"https:\/\/staviori.com.pl\/en\/product\/bizuteria-inwestycyjna-kolczyk-kbd1573\/","title":{"rendered":"Exclusive | Beautiful earrings with 2.80ct black diamonds in 18K white gold"},"content":{"rendered":"<p>Model: KBD1573<br \/>\nWaga ok. 2,25g<\/p>\n<p>Earrings.<br \/>\nWhite Gold 0.750.<br \/>\n2 Diamenty, kolor czarny, szlif brylantowy, o masie oko\u0142o 2,80ct.<\/p>\n<p>\u015arednica 7 mm.<br \/>\nGrubo\u015b\u0107 8 mm.<\/p>\n<p>Przepi\u0119kne kolczyki z bia\u0142ego 18-karatowego z\u0142ota, z cudownym, wygodnym zapi\u0119ciem motylkowym. Ozdobione du\u017cymi,<br \/>\ncudownymi czarnymi brylantami o \u0142\u0105cznej macie ponad 2.80ct! Idealnie prezentuj\u0105 si\u0119 w komplecie z pier\u015bcionkiem PBD1573.<\/p>","protected":false},"excerpt":{"rendered":"<p>Dazzling earrings crafted in 18ct white gold that impress with their class and elegance. The centrepiece is a large black diamond with an impressive total weight of 2.80 ct, set in a classic chaton with six paw feet. Subtle but extremely striking - they will add character to any styling. Perfect in duet with the PBD1573 ring.<\/p>","protected":false},"featured_media":1117,"comment_status":"closed","ping_status":"closed","template":"","meta":{"om_disable_all_campaigns":false},"product_brand":[2284],"product_cat":[1803,6858,199],"product_tag":[2278,2663,2478,2660,2664,2665,2662],"class_list":{"0":"post-13725","1":"product","2":"type-product","3":"status-publish","4":"has-post-thumbnail","6":"product_brand-staviori","7":"product_cat-brylanty-exclusive","8":"product_cat-kolczyki-brylanty-exclusive","9":"product_cat-kolczyki","10":"product_tag-biale-zloto-18k","11":"product_tag-bizuteria-z-brylantami","12":"product_tag-czarne-brylanty","13":"product_tag-eleganckie-kolczyki","14":"product_tag-klasyczne-kolczyki","15":"product_tag-kolczyki-sztyfty","16":"product_tag-kolczyki-z-czarnymi-diamentami","17":"pa_barwa-70","18":"pa_grubosc-8mm","19":"pa_kamien-diamenty","20":"pa_kamien-czarne-diamenty","21":"pa_kolor-biale","22":"pa_kruszec-zloto","23":"pa_proba-0-750","24":"pa_rozmiar-cm","25":"pa_srednica-7mm","26":"pa_waga-g","28":"first","29":"instock","30":"purchasable","31":"product-type-simple"},"aioseo_notices":[],"_links":{"self":[{"href":"https:\/\/staviori.com.pl\/en\/wp-json\/wp\/v2\/product\/13725","targetHints":{"allow":["GET"]}}],"collection":[{"href":"https:\/\/staviori.com.pl\/en\/wp-json\/wp\/v2\/product"}],"about":[{"href":"https:\/\/staviori.com.pl\/en\/wp-json\/wp\/v2\/types\/product"}],"replies":[{"embeddable":true,"href":"https:\/\/staviori.com.pl\/en\/wp-json\/wp\/v2\/comments?post=13725"}],"wp:featuredmedia":[{"embeddable":true,"href":"https:\/\/staviori.com.pl\/en\/wp-json\/wp\/v2\/media\/1117"}],"wp:attachment":[{"href":"https:\/\/staviori.com.pl\/en\/wp-json\/wp\/v2\/media?parent=13725"}],"wp:term":[{"taxonomy":"product_brand","embeddable":true,"href":"https:\/\/staviori.com.pl\/en\/wp-json\/wp\/v2\/product_brand?post=13725"},{"taxonomy":"product_cat","embeddable":true,"href":"https:\/\/staviori.com.pl\/en\/wp-json\/wp\/v2\/product_cat?post=13725"},{"taxonomy":"product_tag","embeddable":true,"href":"https:\/\/staviori.com.pl\/en\/wp-json\/wp\/v2\/product_tag?post=13725"}],"curies":[{"name":"wp","href":"https:\/\/api.w.org\/{rel}","templated":true}]}}