{"id":13715,"date":"2025-02-24T22:45:01","date_gmt":"2025-02-24T21:45:01","guid":{"rendered":"https:\/\/staviori.com.pl\/product\/bizuteria-inwestycyjna-bransoletka-ddb0788\/"},"modified":"2026-02-11T00:08:29","modified_gmt":"2026-02-10T23:08:29","slug":"bizuteria-inwestycyjna-bransoletka-ddb0788","status":"publish","type":"product","link":"https:\/\/staviori.com.pl\/en\/product\/bizuteria-inwestycyjna-bransoletka-ddb0788\/","title":{"rendered":"Exclusive | bow bracelet with 1295 diamonds in 18-carat gold"},"content":{"rendered":"<p>Model: DDB0788<br \/>\nWaga ok. 39,00g<\/p>\n<p>Bracelet 18 cm.<br \/>\nRose Gold 0.750.<br \/>\n1295 Diament\u00f3w, szlif brylantowy, o masie 13,92ct, barwa G-H, czysto\u015b\u0107 SI1.<\/p>\n<p>Wymiary 35&#215;25 mm.<br \/>\nGrubo\u015b\u0107 9.6 mm.<br \/>\nSzeroko\u015b\u0107 11.5 mm.<br \/>\nGrubo\u015b\u0107 5.3 mm.<\/p>\n<p>Product available on request only, lead time approx. 5 weeks.<br \/>\nKolor z\u0142ota dowolny.<\/p>","protected":false},"excerpt":{"rendered":"<p>A spectacular 0.750 rose gold bracelet, dazzling with the brilliance of 1295 diamonds weighing a total of 13.92 ct. The unique design with a bow gives it a unique charm and a luxurious feel. It is a true work of jeweller's art that impresses with its precision and elegance. An ideal choice for women who appreciate extravagance and perfection in every detail.<\/p>","protected":false},"featured_media":21503,"comment_status":"closed","ping_status":"closed","template":"","meta":{"om_disable_all_campaigns":false},"product_brand":[2284],"product_cat":[6893,43,1803],"product_tag":[4095,6491,2311,6489,2313,6487,6488,6206,6493,6365,6492,6490,2341],"class_list":{"0":"post-13715","1":"product","2":"type-product","3":"status-publish","4":"has-post-thumbnail","6":"product_brand-staviori","7":"product_cat-bransoletka","8":"product_cat-bransoletki","9":"product_cat-brylanty-exclusive","10":"product_tag-18k-gold","11":"product_tag-armband-diamant","12":"product_tag-bizuteria-luksusowa","13":"product_tag-bow-bracelet","14":"product_tag-bransoleta-z-diamentami","15":"product_tag-bransoleta-z-rozowego-zlota","16":"product_tag-bransoletka-kokarda","17":"product_tag-diamond-bracelet","18":"product_tag-high-jewelry","19":"product_tag-luxury-bracelet","20":"product_tag-naramek-ruzove-zlato","21":"product_tag-rose-gold-bracelet","22":"product_tag-zloto-750","23":"pa_barwa-g-h","24":"pa_czystosc-si1","25":"pa_dostawca-draco","26":"pa_grubosc-9-6mm","27":"pa_kamien-brylanty","28":"pa_kolor-rozowe","29":"pa_kruszec-zloto","30":"pa_motyw-kokardka","31":"pa_proba-0-750","32":"pa_rozmiar-18cm","33":"pa_waga-3900g","34":"pa_wymiary-35x25mm","36":"first","37":"onbackorder","38":"purchasable","39":"product-type-simple"},"aioseo_notices":[],"_links":{"self":[{"href":"https:\/\/staviori.com.pl\/en\/wp-json\/wp\/v2\/product\/13715","targetHints":{"allow":["GET"]}}],"collection":[{"href":"https:\/\/staviori.com.pl\/en\/wp-json\/wp\/v2\/product"}],"about":[{"href":"https:\/\/staviori.com.pl\/en\/wp-json\/wp\/v2\/types\/product"}],"replies":[{"embeddable":true,"href":"https:\/\/staviori.com.pl\/en\/wp-json\/wp\/v2\/comments?post=13715"}],"wp:featuredmedia":[{"embeddable":true,"href":"https:\/\/staviori.com.pl\/en\/wp-json\/wp\/v2\/media\/21503"}],"wp:attachment":[{"href":"https:\/\/staviori.com.pl\/en\/wp-json\/wp\/v2\/media?parent=13715"}],"wp:term":[{"taxonomy":"product_brand","embeddable":true,"href":"https:\/\/staviori.com.pl\/en\/wp-json\/wp\/v2\/product_brand?post=13715"},{"taxonomy":"product_cat","embeddable":true,"href":"https:\/\/staviori.com.pl\/en\/wp-json\/wp\/v2\/product_cat?post=13715"},{"taxonomy":"product_tag","embeddable":true,"href":"https:\/\/staviori.com.pl\/en\/wp-json\/wp\/v2\/product_tag?post=13715"}],"curies":[{"name":"wp","href":"https:\/\/api.w.org\/{rel}","templated":true}]}}