{"id":13714,"date":"2025-02-24T22:44:57","date_gmt":"2025-02-24T21:44:57","guid":{"rendered":"https:\/\/staviori.com.pl\/product\/srebrne-krzyzyki-i-medaliki-cdm5524\/"},"modified":"2026-02-26T08:35:44","modified_gmt":"2026-02-26T07:35:44","slug":"srebrne-krzyzyki-i-medaliki-cdm5524","status":"publish","type":"product","link":"https:\/\/staviori.com.pl\/en\/product\/srebrne-krzyzyki-i-medaliki-cdm5524\/","title":{"rendered":"Silver small cross with marcasites 925"},"content":{"rendered":"<p>Model: CDM5524<br \/>\nWeight approx. 1.60g<\/p>\n<p>Cross.<br \/>\n0.925 silver.<br \/>\nMarcasites.<\/p>\n<p>Wymiary 24&#215;15 mm.<br \/>\nD\u0142ugo\u015b\u0107 31 mm.<br \/>\nThickness 1 mm.<\/p>","protected":false},"excerpt":{"rendered":"<p>Klasyczny krzy\u017cyk wykonany ze srebra pr\u00f3by 925, ozdobiony po\u0142yskuj\u0105cymi markazytami. Subtelny blask kamieni pi\u0119knie kontrastuje z ch\u0142odnym odcieniem srebra, nadaj\u0105c ca\u0142o\u015bci elegancji i ponadczasowego charakteru. To wyj\u0105tkowa bi\u017cuteria, kt\u00f3ra sprawdzi si\u0119 zar\u00f3wno jako codzienny dodatek, jak i symboliczny prezent o g\u0142\u0119bszym znaczeniu.<\/p>","protected":false},"featured_media":1041,"comment_status":"closed","ping_status":"closed","template":"","meta":{"om_disable_all_campaigns":false},"product_brand":[2284],"product_cat":[1988,1989,1817],"product_tag":[6352,6354,6353,6347,6351,6075,6350,5858,6074,6348,4111,3101,2427,5237,6349,5295],"class_list":{"0":"post-13714","1":"product","2":"type-product","3":"status-publish","4":"has-post-thumbnail","6":"product_brand-staviori","7":"product_cat-krzyzyki-i-medaliki-3","8":"product_cat-srebrne-krzyzyki-i-medaliki","9":"product_cat-srebro-2","10":"product_tag-cross-with-marcasite","11":"product_tag-kreuz-mit-markasiten","12":"product_tag-krizek-s-markazity","13":"product_tag-krzyzyk-srebrny","14":"product_tag-krzyzyk-z-markazytami","15":"product_tag-silber-925","16":"product_tag-silber-kreuz","17":"product_tag-silberschmuck","18":"product_tag-silver-925","19":"product_tag-silver-cross","20":"product_tag-silver-jewelry","21":"product_tag-srebrna-bizuteria","22":"product_tag-srebro-925","23":"product_tag-stribrne-sperky","24":"product_tag-stribrny-krizek","25":"product_tag-stribro-925","26":"pa_dlugosc-31mm","27":"pa_kamien-markazyty","28":"pa_kruszec-srebro","29":"pa_proba-0-925","30":"pa_waga-160g","31":"pa_wymiary-24x15mm","33":"first","34":"instock","35":"purchasable","36":"product-type-simple"},"aioseo_notices":[],"_links":{"self":[{"href":"https:\/\/staviori.com.pl\/en\/wp-json\/wp\/v2\/product\/13714","targetHints":{"allow":["GET"]}}],"collection":[{"href":"https:\/\/staviori.com.pl\/en\/wp-json\/wp\/v2\/product"}],"about":[{"href":"https:\/\/staviori.com.pl\/en\/wp-json\/wp\/v2\/types\/product"}],"replies":[{"embeddable":true,"href":"https:\/\/staviori.com.pl\/en\/wp-json\/wp\/v2\/comments?post=13714"}],"wp:featuredmedia":[{"embeddable":true,"href":"https:\/\/staviori.com.pl\/en\/wp-json\/wp\/v2\/media\/1041"}],"wp:attachment":[{"href":"https:\/\/staviori.com.pl\/en\/wp-json\/wp\/v2\/media?parent=13714"}],"wp:term":[{"taxonomy":"product_brand","embeddable":true,"href":"https:\/\/staviori.com.pl\/en\/wp-json\/wp\/v2\/product_brand?post=13714"},{"taxonomy":"product_cat","embeddable":true,"href":"https:\/\/staviori.com.pl\/en\/wp-json\/wp\/v2\/product_cat?post=13714"},{"taxonomy":"product_tag","embeddable":true,"href":"https:\/\/staviori.com.pl\/en\/wp-json\/wp\/v2\/product_tag?post=13714"}],"curies":[{"name":"wp","href":"https:\/\/api.w.org\/{rel}","templated":true}]}}