{"id":13713,"date":"2025-02-24T22:44:57","date_gmt":"2025-02-24T21:44:57","guid":{"rendered":"https:\/\/staviori.com.pl\/product\/srebrne-krzyzyki-i-medaliki-cdm3440\/"},"modified":"2026-02-18T13:53:58","modified_gmt":"2026-02-18T12:53:58","slug":"srebrne-krzyzyki-i-medaliki-cdm3440","status":"publish","type":"product","link":"https:\/\/staviori.com.pl\/en\/product\/srebrne-krzyzyki-i-medaliki-cdm3440\/","title":{"rendered":"Silver cross with marcasites"},"content":{"rendered":"<p>Model: CDM3440<br \/>\nWaga ok. 2,85g<\/p>\n<p>Cross.<br \/>\n0.925 rhodium-plated silver.<br \/>\nMarcasites.<\/p>\n<p>Wymiary 25&#215;17 mm.<br \/>\nD\u0142ugo\u015b\u0107 36 mm.<\/p>","protected":false},"excerpt":{"rendered":"<p>Elegancki wisiorek w formie krzy\u017cyka, wykonany z rodowanego srebra pr\u00f3by 925 i ozdobiony l\u015bni\u0105cymi markazytami. Geometryczny uk\u0142ad kamieni nadaje mu wyj\u0105tkowego charakteru i delikatnego blasku. To klasyczna, a zarazem wyrazista ozdoba, kt\u00f3ra podkre\u015bli indywidualny styl i doda elegancji ka\u017cdej stylizacji.<\/p>","protected":false},"featured_media":1034,"comment_status":"closed","ping_status":"closed","template":"","meta":{"om_disable_all_campaigns":false},"product_brand":[2284],"product_cat":[1988,1989,1817],"product_tag":[6352,6354,6353,6347,6351,6075,6350,5858,6074,6348,4111,3101,2427,5237,6349,5295],"class_list":{"0":"post-13713","1":"product","2":"type-product","3":"status-publish","4":"has-post-thumbnail","6":"product_brand-staviori","7":"product_cat-krzyzyki-i-medaliki-3","8":"product_cat-srebrne-krzyzyki-i-medaliki","9":"product_cat-srebro-2","10":"product_tag-cross-with-marcasite","11":"product_tag-kreuz-mit-markasiten","12":"product_tag-krizek-s-markazity","13":"product_tag-krzyzyk-srebrny","14":"product_tag-krzyzyk-z-markazytami","15":"product_tag-silber-925","16":"product_tag-silber-kreuz","17":"product_tag-silberschmuck","18":"product_tag-silver-925","19":"product_tag-silver-cross","20":"product_tag-silver-jewelry","21":"product_tag-srebrna-bizuteria","22":"product_tag-srebro-925","23":"product_tag-stribrne-sperky","24":"product_tag-stribrny-krizek","25":"product_tag-stribro-925","26":"pa_dlugosc-36mm","27":"pa_kamien-markazyty","28":"pa_kruszec-srebro","29":"pa_motyw-krzyzyk","30":"pa_proba-0-925","31":"pa_waga-280g","32":"pa_wymiary-25x17mm","34":"first","35":"instock","36":"purchasable","37":"product-type-simple"},"aioseo_notices":[],"_links":{"self":[{"href":"https:\/\/staviori.com.pl\/en\/wp-json\/wp\/v2\/product\/13713","targetHints":{"allow":["GET"]}}],"collection":[{"href":"https:\/\/staviori.com.pl\/en\/wp-json\/wp\/v2\/product"}],"about":[{"href":"https:\/\/staviori.com.pl\/en\/wp-json\/wp\/v2\/types\/product"}],"replies":[{"embeddable":true,"href":"https:\/\/staviori.com.pl\/en\/wp-json\/wp\/v2\/comments?post=13713"}],"wp:featuredmedia":[{"embeddable":true,"href":"https:\/\/staviori.com.pl\/en\/wp-json\/wp\/v2\/media\/1034"}],"wp:attachment":[{"href":"https:\/\/staviori.com.pl\/en\/wp-json\/wp\/v2\/media?parent=13713"}],"wp:term":[{"taxonomy":"product_brand","embeddable":true,"href":"https:\/\/staviori.com.pl\/en\/wp-json\/wp\/v2\/product_brand?post=13713"},{"taxonomy":"product_cat","embeddable":true,"href":"https:\/\/staviori.com.pl\/en\/wp-json\/wp\/v2\/product_cat?post=13713"},{"taxonomy":"product_tag","embeddable":true,"href":"https:\/\/staviori.com.pl\/en\/wp-json\/wp\/v2\/product_tag?post=13713"}],"curies":[{"name":"wp","href":"https:\/\/api.w.org\/{rel}","templated":true}]}}