{"id":13690,"date":"2025-02-24T22:44:57","date_gmt":"2025-02-24T21:44:57","guid":{"rendered":"https:\/\/staviori.com.pl\/product\/zlote-bransoletki-bzx5282\/"},"modified":"2026-02-11T00:08:28","modified_gmt":"2026-02-10T23:08:28","slug":"zlote-bransoletki-bzx5282","status":"publish","type":"product","link":"https:\/\/staviori.com.pl\/en\/product\/zlote-bransoletki-bzx5282\/","title":{"rendered":"Beautiful gold bracelet with London Blue Topaz - BZX5282"},"content":{"rendered":"<p>Model: BZX5282<br \/>\nWeight approx. 10.50g<\/p>\n<p>Bracelet 19 cm.<br \/>\nYellow gold 0.585.<br \/>\n23 London Blue Topaz, weighing 20ct.<\/p>\n<p>Stone size approx. 7\u00d75 mm.<br \/>\nHeight 3.8 mm.<\/p>\n<p>Produkt do \u015bci\u0105gni\u0119cia na zam\u00f3wienie &#8211; oko\u0142o 1 tydzie\u0144.<\/p>","protected":false},"excerpt":{"rendered":"<p>A stunning bracelet made of 14K yellow gold, decorated with up to 23 London Blue topazes. The stones of deep, mesmerising colour contrast perfectly with the precious gold, creating a composition full of elegance and luxury. The bracelet impresses with its class - it is jewellery that will add chic to any styling and will be a perfect choice for special occasions.<\/p>","protected":false},"featured_media":998,"comment_status":"closed","ping_status":"closed","template":"","meta":{"om_disable_all_campaigns":false},"product_brand":[2284,2350],"product_cat":[43,1392,1931,1930],"product_tag":[2619,2620,2616,2618,2317,2580,2617],"class_list":{"0":"post-13690","1":"product","2":"type-product","3":"status-publish","4":"has-post-thumbnail","6":"product_brand-staviori","7":"product_brand-verona","8":"product_cat-bransoletki","9":"product_cat-damskie","10":"product_cat-zlote-bransoletki","11":"product_cat-zloto-2","12":"product_tag-bizuteria-z-topazem","13":"product_tag-bransoleta-z-zoltego-zlota","14":"product_tag-bransoleta-zlota","15":"product_tag-bransoletka-z-kamieniami","16":"product_tag-elegancka-bizuteria","17":"product_tag-prezent-dla-kobiety","18":"product_tag-topaz-london-blue","19":"pa_kamien-topaz-blekitny","20":"pa_kamien-topaz-london-blue","21":"pa_kolor-zolte","22":"pa_kruszec-zloto","23":"pa_proba-0-585","24":"pa_rozmiar-19cm","25":"pa_szerokosc-38mm-2","26":"pa_waga-10-50g","27":"pa_wymiary-kamieni-ok-7x5mm","29":"first","30":"onbackorder","31":"purchasable","32":"product-type-simple"},"aioseo_notices":[],"_links":{"self":[{"href":"https:\/\/staviori.com.pl\/en\/wp-json\/wp\/v2\/product\/13690","targetHints":{"allow":["GET"]}}],"collection":[{"href":"https:\/\/staviori.com.pl\/en\/wp-json\/wp\/v2\/product"}],"about":[{"href":"https:\/\/staviori.com.pl\/en\/wp-json\/wp\/v2\/types\/product"}],"replies":[{"embeddable":true,"href":"https:\/\/staviori.com.pl\/en\/wp-json\/wp\/v2\/comments?post=13690"}],"wp:featuredmedia":[{"embeddable":true,"href":"https:\/\/staviori.com.pl\/en\/wp-json\/wp\/v2\/media\/998"}],"wp:attachment":[{"href":"https:\/\/staviori.com.pl\/en\/wp-json\/wp\/v2\/media?parent=13690"}],"wp:term":[{"taxonomy":"product_brand","embeddable":true,"href":"https:\/\/staviori.com.pl\/en\/wp-json\/wp\/v2\/product_brand?post=13690"},{"taxonomy":"product_cat","embeddable":true,"href":"https:\/\/staviori.com.pl\/en\/wp-json\/wp\/v2\/product_cat?post=13690"},{"taxonomy":"product_tag","embeddable":true,"href":"https:\/\/staviori.com.pl\/en\/wp-json\/wp\/v2\/product_tag?post=13690"}],"curies":[{"name":"wp","href":"https:\/\/api.w.org\/{rel}","templated":true}]}}