{"id":13685,"date":"2025-02-24T22:44:57","date_gmt":"2025-02-24T21:44:57","guid":{"rendered":"https:\/\/staviori.com.pl\/product\/perly-ze-zlotem-bzn6686\/"},"modified":"2026-04-09T10:55:31","modified_gmt":"2026-04-09T08:55:31","slug":"perly-ze-zlotem-bzn6686","status":"publish","type":"product","link":"https:\/\/staviori.com.pl\/en\/product\/perly-ze-zlotem-bzn6686\/","title":{"rendered":"Gold bracelet with 6-6.5mm pearls - BZN6686"},"content":{"rendered":"<p>Model: BZN6686<br \/>\nWeight approx. 1g<\/p>\n<p>Bracelet 19 cm.<br \/>\nYellow gold 0.585.<br \/>\nNatural Freshwater Cultured Pearls.<br \/>\nQuality A - white<br \/>\nDiameter of pearls 6-6.5 mm.<\/p>\n<p>Pearls have symbolised happiness in marriage and steadfast faith for centuries. Their timeless beauty blends perfectly with classic jewellery. Designs with pearls are the perfect choice for a special gift for a loved one.<br \/>\nBracelet decorated with cultured pearls 6-6.5 mm in diameter.<br \/>\nThe model is enriched with gold elements made of 0.585 bullion, which adds to its elegance and sophistication.<\/p>\n<p>W przypadku braku na magazynie mo\u017cemy wykona\u0107 na zam\u00f3wienie.<\/p>","protected":false},"excerpt":{"rendered":"<p>A classic bracelet of natural white cultured pearls, 6-6.5 mm in diameter, set on a string and finished with an elegant 0.585 yellow gold clasp. Delicate, yet sophisticated, it perfectly emphasises feminine subtlety and chic. Pearls have symbolised love, purity and happiness for centuries - this is the perfect choice for a special gift with a profound message.<\/p>","protected":false},"featured_media":13686,"comment_status":"closed","ping_status":"closed","template":"","meta":{"om_disable_all_campaigns":false},"product_brand":[2284],"product_cat":[43,1392,1393,1976,1930],"product_tag":[2645,2317,2545,2513,2647,2532,2646,2364],"class_list":{"0":"post-13685","1":"product","2":"type-product","3":"status-publish","4":"has-post-thumbnail","6":"product_brand-staviori","7":"product_cat-bransoletki","8":"product_cat-damskie","9":"product_cat-perly","10":"product_cat-perly-ze-zlotem","11":"product_cat-zloto-2","12":"product_tag-bransoletka-z-perel","13":"product_tag-elegancka-bizuteria","14":"product_tag-klasyczna-bransoletka","15":"product_tag-naturalne-perly","16":"product_tag-perly-biale","17":"product_tag-perly-slodkowodne","18":"product_tag-prezent-z-przeslaniem","19":"product_tag-zloto-585","20":"pa_kamien-naturalne-perly-hodowane-slodkowodne","21":"pa_kolor-zolte","22":"pa_kruszec-zloto","23":"pa_perly-jakosc-a-biale","24":"pa_proba-0-585","25":"pa_srednica-perel-6-6-5mm","26":"pa_waga-1g","28":"first","29":"instock","30":"purchasable","31":"product-type-simple"},"aioseo_notices":[],"_links":{"self":[{"href":"https:\/\/staviori.com.pl\/en\/wp-json\/wp\/v2\/product\/13685","targetHints":{"allow":["GET"]}}],"collection":[{"href":"https:\/\/staviori.com.pl\/en\/wp-json\/wp\/v2\/product"}],"about":[{"href":"https:\/\/staviori.com.pl\/en\/wp-json\/wp\/v2\/types\/product"}],"replies":[{"embeddable":true,"href":"https:\/\/staviori.com.pl\/en\/wp-json\/wp\/v2\/comments?post=13685"}],"wp:featuredmedia":[{"embeddable":true,"href":"https:\/\/staviori.com.pl\/en\/wp-json\/wp\/v2\/media\/13686"}],"wp:attachment":[{"href":"https:\/\/staviori.com.pl\/en\/wp-json\/wp\/v2\/media?parent=13685"}],"wp:term":[{"taxonomy":"product_brand","embeddable":true,"href":"https:\/\/staviori.com.pl\/en\/wp-json\/wp\/v2\/product_brand?post=13685"},{"taxonomy":"product_cat","embeddable":true,"href":"https:\/\/staviori.com.pl\/en\/wp-json\/wp\/v2\/product_cat?post=13685"},{"taxonomy":"product_tag","embeddable":true,"href":"https:\/\/staviori.com.pl\/en\/wp-json\/wp\/v2\/product_tag?post=13685"}],"curies":[{"name":"wp","href":"https:\/\/api.w.org\/{rel}","templated":true}]}}