{"id":13670,"date":"2025-02-24T22:44:53","date_gmt":"2025-02-24T21:44:53","guid":{"rendered":"https:\/\/staviori.com.pl\/product\/bransoletka-z-brylantami-bzd4585\/"},"modified":"2026-02-11T00:08:28","modified_gmt":"2026-02-10T23:08:28","slug":"bransoletka-z-brylantami-bzd4585","status":"publish","type":"product","link":"https:\/\/staviori.com.pl\/en\/product\/bransoletka-z-brylantami-bzd4585\/","title":{"rendered":"Exclusive | Bracelet with sapphires and diamonds in 750 gold"},"content":{"rendered":"<p>Model: BZD4585<br \/>\nWeight approx. 12.90g<\/p>\n<p>Bracelet 18 cm.<br \/>\nYellow Gold 0.750.<br \/>\n9 Diament\u00f3w, szlif brylantowy, o masie 0,03ct., barwa G-H, czysto\u015b\u0107 SI1.<br \/>\n60 Szafir\u00f3w, o masie 4ct.<\/p>\n<p>3 mm wide.<\/p>\n<p>Product available on request only, lead time approx. 5 weeks.<\/p>","protected":false},"excerpt":{"rendered":"<p>An exceptional bracelet in 750 yellow gold, decorated with 60 sapphires weighing a total of approximately 4ct and 9 brilliant cut diamonds. The slender form with a width of 3mm and the elegant juxtaposition of the deep garnet stones with the shine of the gold make this jewellery full of class and luxury. Ideal for special occasions, it will enhance the beauty of any styling.<br \/>\nThe bracelet has a secure double clasp.<\/p>","protected":false},"featured_media":21417,"comment_status":"closed","ping_status":"closed","template":"","meta":{"om_disable_all_campaigns":false},"product_brand":[2284],"product_cat":[1839,43,1803,1838],"product_tag":[6277,6358,6360,6356,2313,6355,2616,6283,6282,6206,6289,6361,2280,3747,3753,6171,6357,6363,6362,6276],"class_list":{"0":"post-13670","1":"product","2":"type-product","3":"status-publish","4":"has-post-thumbnail","6":"product_brand-staviori","7":"product_cat-bransoletka-z-brylantami","8":"product_cat-bransoletki","9":"product_cat-brylanty-exclusive","10":"product_cat-diamenty","11":"product_tag-armband-gold","12":"product_tag-armband-mit-saphiren","13":"product_tag-bizuteria-zlota-750","14":"product_tag-bracelet-with-sapphires","15":"product_tag-bransoleta-z-diamentami","16":"product_tag-bransoleta-z-szafirami","17":"product_tag-bransoleta-zlota","18":"product_tag-diamanten-armband","19":"product_tag-diamantovy-naramek","20":"product_tag-diamond-bracelet","21":"product_tag-gold-bracelet","22":"product_tag-gold-jewelry-750","23":"product_tag-luksusowa-bizuteria","24":"product_tag-luxury-jewelry","25":"product_tag-luxusni-sperky","26":"product_tag-luxusschmuck","27":"product_tag-naramek-se-safiry","28":"product_tag-schmuck-gold-750","29":"product_tag-zlate-sperky-750","30":"product_tag-zlaty-naramek","31":"pa_barwa-g-h","32":"pa_czystosc-si1","33":"pa_dostawca-estrella","34":"pa_kamien-brylanty","35":"pa_kamien-szafiry-naturalne","36":"pa_kolor-zolte","37":"pa_kruszec-zloto","38":"pa_proba-0-750","39":"pa_rozmiar-18cm","40":"pa_szerokosc-3mm","41":"pa_waga-12-90g","43":"first","44":"onbackorder","45":"purchasable","46":"product-type-simple"},"aioseo_notices":[],"_links":{"self":[{"href":"https:\/\/staviori.com.pl\/en\/wp-json\/wp\/v2\/product\/13670","targetHints":{"allow":["GET"]}}],"collection":[{"href":"https:\/\/staviori.com.pl\/en\/wp-json\/wp\/v2\/product"}],"about":[{"href":"https:\/\/staviori.com.pl\/en\/wp-json\/wp\/v2\/types\/product"}],"replies":[{"embeddable":true,"href":"https:\/\/staviori.com.pl\/en\/wp-json\/wp\/v2\/comments?post=13670"}],"wp:featuredmedia":[{"embeddable":true,"href":"https:\/\/staviori.com.pl\/en\/wp-json\/wp\/v2\/media\/21417"}],"wp:attachment":[{"href":"https:\/\/staviori.com.pl\/en\/wp-json\/wp\/v2\/media?parent=13670"}],"wp:term":[{"taxonomy":"product_brand","embeddable":true,"href":"https:\/\/staviori.com.pl\/en\/wp-json\/wp\/v2\/product_brand?post=13670"},{"taxonomy":"product_cat","embeddable":true,"href":"https:\/\/staviori.com.pl\/en\/wp-json\/wp\/v2\/product_cat?post=13670"},{"taxonomy":"product_tag","embeddable":true,"href":"https:\/\/staviori.com.pl\/en\/wp-json\/wp\/v2\/product_tag?post=13670"}],"curies":[{"name":"wp","href":"https:\/\/api.w.org\/{rel}","templated":true}]}}