{"id":13667,"date":"2025-02-24T22:44:53","date_gmt":"2025-02-24T21:44:53","guid":{"rendered":"https:\/\/staviori.com.pl\/product\/bizuteria-inwestycyjna-bransoletka-bzd4003\/"},"modified":"2026-02-11T00:08:28","modified_gmt":"2026-02-10T23:08:28","slug":"bizuteria-inwestycyjna-bransoletka-bzd4003","status":"publish","type":"product","link":"https:\/\/staviori.com.pl\/en\/product\/bizuteria-inwestycyjna-bransoletka-bzd4003\/","title":{"rendered":"Exclusive | gold tennis bracelet with diamonds - DDB0316"},"content":{"rendered":"<p>Model: DDB0316<br \/>\nWaga ok. 9,31g<\/p>\n<p>Bracelet 18 cm.<br \/>\nYellow Gold 0.750.<br \/>\n43 Diamenty, szlif brylantowy, o masie 4,25 ct., barwa G-H, czysto\u015b\u0107 SI1.<\/p>\n<p>Szeroko\u015b\u0107 4.1 mm.<br \/>\nThickness 2.9 mm.<\/p>\n<p><strong>Product available on request only, lead time approx. 5 weeks.<\/strong><br \/>\n<strong>Mo\u017cliwy wyb\u00f3r koloru z\u0142ota przy zam\u00f3wieniu.<\/strong><\/p>","protected":false},"excerpt":{"rendered":"<p>A luxurious tennis bracelet crafted in 18K yellow gold, set with up to 43 dazzling diamonds weighing a total of 4.25 ct. Precisely set diamonds in brilliant cut create a spectacular sparkle that draws the eye in. A classic and timeless model that exudes elegance and prestige - the perfect choice for special occasions and as jewellery inherited from generation to generation.<\/p>","protected":false},"featured_media":924,"comment_status":"closed","ping_status":"closed","template":"","meta":{"om_disable_all_campaigns":false},"product_brand":[2284],"product_cat":[6893,43,1803,1392],"product_tag":[2591,2547,2301,2608,2296,2289,2280,2609,2610],"class_list":{"0":"post-13667","1":"product","2":"type-product","3":"status-publish","4":"has-post-thumbnail","6":"product_brand-staviori","7":"product_cat-bransoletka","8":"product_cat-bransoletki","9":"product_cat-brylanty-exclusive","10":"product_cat-damskie","11":"product_tag-bizuteria-premium","12":"product_tag-bransoletka-zlota","13":"product_tag-brylanty","14":"product_tag-ddb0316","15":"product_tag-diamenty","16":"product_tag-ekskluzywna-bransoletka","17":"product_tag-luksusowa-bizuteria","18":"product_tag-tennis-bracelet","19":"product_tag-zolte-zloto-750","20":"pa_barwa-g-h","21":"pa_czystosc-si1","22":"pa_dostawca-draco","23":"pa_grubosc-2-9mm","24":"pa_kamien-diamenty","25":"pa_kamien-brylanty","26":"pa_kolor-zolte","27":"pa_kruszec-zloto","28":"pa_proba-0-750","29":"pa_rozmiar-18cm","30":"pa_szerokosc-4-1mm","31":"pa_waga-9-31g","33":"first","34":"onbackorder","35":"purchasable","36":"product-type-simple"},"aioseo_notices":[],"_links":{"self":[{"href":"https:\/\/staviori.com.pl\/en\/wp-json\/wp\/v2\/product\/13667","targetHints":{"allow":["GET"]}}],"collection":[{"href":"https:\/\/staviori.com.pl\/en\/wp-json\/wp\/v2\/product"}],"about":[{"href":"https:\/\/staviori.com.pl\/en\/wp-json\/wp\/v2\/types\/product"}],"replies":[{"embeddable":true,"href":"https:\/\/staviori.com.pl\/en\/wp-json\/wp\/v2\/comments?post=13667"}],"wp:featuredmedia":[{"embeddable":true,"href":"https:\/\/staviori.com.pl\/en\/wp-json\/wp\/v2\/media\/924"}],"wp:attachment":[{"href":"https:\/\/staviori.com.pl\/en\/wp-json\/wp\/v2\/media?parent=13667"}],"wp:term":[{"taxonomy":"product_brand","embeddable":true,"href":"https:\/\/staviori.com.pl\/en\/wp-json\/wp\/v2\/product_brand?post=13667"},{"taxonomy":"product_cat","embeddable":true,"href":"https:\/\/staviori.com.pl\/en\/wp-json\/wp\/v2\/product_cat?post=13667"},{"taxonomy":"product_tag","embeddable":true,"href":"https:\/\/staviori.com.pl\/en\/wp-json\/wp\/v2\/product_tag?post=13667"}],"curies":[{"name":"wp","href":"https:\/\/api.w.org\/{rel}","templated":true}]}}