{"id":13666,"date":"2025-02-24T22:44:53","date_gmt":"2025-02-24T21:44:53","guid":{"rendered":"https:\/\/staviori.com.pl\/product\/bizuteria-inwestycyjna-bransoletka-bzd3990\/"},"modified":"2026-02-11T00:08:27","modified_gmt":"2026-02-10T23:08:27","slug":"bizuteria-inwestycyjna-bransoletka-bzd3990","status":"publish","type":"product","link":"https:\/\/staviori.com.pl\/en\/product\/bizuteria-inwestycyjna-bransoletka-bzd3990\/","title":{"rendered":"Exclusive | Investment jewellery gold bracelet with 11ct diamonds"},"content":{"rendered":"<p>Model: BZD3990<br \/>\nWaga ok. 38,56g<\/p>\n<p>Bracelet 18 cm.<br \/>\nYellow Gold 0.750.<br \/>\n1340 Diament\u00f3w, szlif brylantowy, o masie 11,11ct, barwa G-H, czysto\u015b\u0107 SI1.<\/p>\n<p>12.5 mm wide.<br \/>\n5 mm thick.<\/p>\n<p>Produkt dost\u0119pny wy\u0142\u0105cznie na zam\u00f3wienie, w dowolnym kolorze z\u0142ota, czas realizacji ok. 5 tygodni.<\/p>","protected":false},"excerpt":{"rendered":"<p>An impressive bracelet made of 18-carat yellow gold, fully set with as many as 1340 diamonds weighing a total of 11.11 ct. The classic weave with its massive character delights with the brilliance of the diamonds, which beautifully reflect the light with every movement. This is exclusive jewellery created for people who value prestige, clarity and exceptional elegance.<\/p>","protected":false},"featured_media":921,"comment_status":"closed","ping_status":"closed","template":"","meta":{"om_disable_all_campaigns":false},"product_brand":[2284],"product_cat":[6893,43,1803],"product_tag":[6372,6370,6368,6369,6282,6206,6373,6289,2280,6374,6371,2610],"class_list":{"0":"post-13666","1":"product","2":"type-product","3":"status-publish","4":"has-post-thumbnail","6":"product_brand-staviori","7":"product_cat-bransoletka","8":"product_cat-bransoletki","9":"product_cat-brylanty-exclusive","10":"product_tag-bracelet-en-or","11":"product_tag-bransoleta-zloto-750","12":"product_tag-bzd3990","13":"product_tag-ddb0153y","14":"product_tag-diamantovy-naramek","15":"product_tag-diamond-bracelet","16":"product_tag-ekskluzywna-bransoleta","17":"product_tag-gold-bracelet","18":"product_tag-luksusowa-bizuteria","19":"product_tag-yellow-gold-bracelet","20":"product_tag-zlota-bransoleta-z-diamentami","21":"product_tag-zolte-zloto-750","22":"pa_barwa-g-h","23":"pa_czystosc-si1","24":"pa_grubosc-5mm","25":"pa_kamien-brylanty","26":"pa_kolor-zolte","27":"pa_kruszec-zloto","28":"pa_proba-0-750","29":"pa_rozmiar-18cm","30":"pa_szerokosc-12-5mm","31":"pa_waga-38-56g","33":"first","34":"onbackorder","35":"purchasable","36":"product-type-simple"},"aioseo_notices":[],"_links":{"self":[{"href":"https:\/\/staviori.com.pl\/en\/wp-json\/wp\/v2\/product\/13666","targetHints":{"allow":["GET"]}}],"collection":[{"href":"https:\/\/staviori.com.pl\/en\/wp-json\/wp\/v2\/product"}],"about":[{"href":"https:\/\/staviori.com.pl\/en\/wp-json\/wp\/v2\/types\/product"}],"replies":[{"embeddable":true,"href":"https:\/\/staviori.com.pl\/en\/wp-json\/wp\/v2\/comments?post=13666"}],"wp:featuredmedia":[{"embeddable":true,"href":"https:\/\/staviori.com.pl\/en\/wp-json\/wp\/v2\/media\/921"}],"wp:attachment":[{"href":"https:\/\/staviori.com.pl\/en\/wp-json\/wp\/v2\/media?parent=13666"}],"wp:term":[{"taxonomy":"product_brand","embeddable":true,"href":"https:\/\/staviori.com.pl\/en\/wp-json\/wp\/v2\/product_brand?post=13666"},{"taxonomy":"product_cat","embeddable":true,"href":"https:\/\/staviori.com.pl\/en\/wp-json\/wp\/v2\/product_cat?post=13666"},{"taxonomy":"product_tag","embeddable":true,"href":"https:\/\/staviori.com.pl\/en\/wp-json\/wp\/v2\/product_tag?post=13666"}],"curies":[{"name":"wp","href":"https:\/\/api.w.org\/{rel}","templated":true}]}}